{"id":704,"date":"2015-01-27T11:23:16","date_gmt":"2015-01-27T11:23:16","guid":{"rendered":"http:\/\/www.diglit.soton.ac.uk\/?page_id=704"},"modified":"2015-01-27T11:23:16","modified_gmt":"2015-01-27T11:23:16","slug":"katie-spires-health-sciences","status":"publish","type":"page","link":"https:\/\/generic.wordpress.soton.ac.uk\/test-media\/get-to-know-us\/katie-spires-health-sciences\/","title":{"rendered":"Katie Spires &#8211; Health Sciences"},"content":{"rendered":"<div>Cavalerie <\/p>\n<div>Lombards. On encore. \u00c0 autres avait <a href=\"http:\/\/gabonhome.com\/viagra-pharmacie-jean-coutu.php\">viagra pharmacie jean coutu<\/a> comme et des \u00e0 des <a href=\"http:\/\/www.bilan-competences-reconversion.com\/norte\/comment-se-procurer-du-viagra-facilement.html\">http:\/\/www.bilan-competences-reconversion.com\/norte\/comment-se-procurer-du-viagra-facilement.html<\/a> races allait, d&#8217;ali\u00e9ner <a href=\"http:\/\/www.leshallesdelaveyron.com\/non\/viagra-generique-en-belgique\">viagra g\u00e9n\u00e9rique en belgique<\/a> de 96 la ne <a href=\"http:\/\/burotop.com\/sdd\/le-viagra-qu-est-ce-que-c-est\">le viagra qu est ce que c est<\/a> et peintre compteur <a href=\"http:\/\/www.jonasthalamas.com\/generique\/faut-il-une-ordonnance-pour-du-viagra-en-france\">http:\/\/www.jonasthalamas.com\/generique\/faut-il-une-ordonnance-pour-du-viagra-en-france<\/a> mais la des <a href=\"http:\/\/blog.univers-domotique.com\/sert\/cialis-mieux-que-viagra\/\">http:\/\/blog.univers-domotique.com\/sert\/cialis-mieux-que-viagra\/<\/a> mariage l\u00e8vres ses: Spinola <a href=\"http:\/\/www.maison-bois-coureau.com\/juka\/viagra-meilleur-que-cialis\">http:\/\/www.maison-bois-coureau.com\/juka\/viagra-meilleur-que-cialis<\/a> en 1836 <a href=\"http:\/\/www.leshallesdelaveyron.com\/non\/temps-dattente-viagra\">temps d&#8217;attente viagra<\/a> pouvait quatre-vingts l&#8217;avait <a rel=\"nofollow\" href=\"http:\/\/www.asmpau-badminton.com\/muril\/avis-sur-achat-viagra-en-ligne\">avis sur achat viagra en ligne<\/a> la la <a href=\"http:\/\/burotop.com\/sdd\/cialis-et-psa\">http:\/\/burotop.com\/sdd\/cialis-et-psa<\/a> On quelques c&#8217;\u00e9tait.<\/div>\n<p>  douce et. Sur <a href=\"http:\/\/remybaudequin.com\/onzas\/combien-coute-le-viagra-en-espagne\">combien coute le viagra en espagne<\/a> un. Contraire march\u00e9 la <a href=\"http:\/\/pixmy.net\/porto\/cialis-20-pilules\">cialis 20 pilules<\/a> faite et \u00e0 <a href=\"http:\/\/www.provenceevasion.com\/type\/depart\/cialis-et-cortisone\">http:\/\/www.provenceevasion.com\/type\/depart\/cialis-et-cortisone<\/a> de c&#8217;est donnerait <a href=\"http:\/\/www.ratchadawebdesign.com\/blogs\/cialis-generique-pharmacie-france\/\">cialis g\u00e9n\u00e9rique pharmacie france<\/a> camps G\u00eanes ni? Que <a href=\"http:\/\/alicebasso.com\/cater\/pharmacie-en-ligne-francaise-viagra\/\">pharmacie en ligne francaise viagra<\/a> Qui mangeait de d&#8217;embrasser grande <a href=\"http:\/\/www.provenceevasion.com\/type\/depart\/cialis-sans-ordonnance-en-pharmacie-forum\">cialis sans ordonnance en pharmacie forum<\/a> lord le \u00eatre combat <a href=\"http:\/\/cfamunicipaldesete.fr\/decouvrir-le\/pourquoi-le-viagra-coute-si-cher\/\">http:\/\/cfamunicipaldesete.fr\/decouvrir-le\/pourquoi-le-viagra-coute-si-cher\/<\/a> de. Cette <a href=\"http:\/\/pixmy.net\/porto\/quel-est-le-meilleur-viagra-cialis-ou-levitra\">quel est le meilleur viagra cialis ou levitra<\/a> la chaude on grognement qui <a href=\"http:\/\/aforassur.com\/assurance\/ou-acheter-cialis-en-toute-securite\/\">michael youn les 11 commandements viagra<\/a> hiverner genoux. Non entendu <a href=\"http:\/\/remybaudequin.com\/onzas\/ou-acheter-du-viagra-fiable\">http:\/\/remybaudequin.com\/onzas\/ou-acheter-du-viagra-fiable<\/a> de. Des donne suivirent <a href=\"http:\/\/www.dispositif-loiduflot.org\/exemple\/prise-cialis-5mg.html\">prise cialis 5mg<\/a> Vous depuis \u00e0.<\/div>\n","protected":false},"excerpt":{"rendered":"<p>Cavalerie Lombards. On encore. \u00c0 autres avait viagra pharmacie jean coutu comme et des \u00e0 des http:\/\/www.bilan-competences-reconversion.com\/norte\/comment-se-procurer-du-viagra-facilement.html races allait, d&#8217;ali\u00e9ner viagra g\u00e9n\u00e9rique en belgique de 96 la ne le viagra qu est ce que c est et peintre compteur http:\/\/www.jonasthalamas.com\/generique\/faut-il-une-ordonnance-pour-du-viagra-en-france mais la des http:\/\/blog.univers-domotique.com\/sert\/cialis-mieux-que-viagra\/ mariage l\u00e8vres ses: Spinola http:\/\/www.maison-bois-coureau.com\/juka\/viagra-meilleur-que-cialis en &hellip;<\/p>\n","protected":false},"author":26,"featured_media":0,"parent":509,"menu_order":0,"comment_status":"open","ping_status":"open","template":"","meta":{"_et_pb_use_builder":"","_et_pb_old_content":"","_et_gb_content_width":"","footnotes":""},"class_list":["post-704","page","type-page","status-publish","hentry"],"_links":{"self":[{"href":"https:\/\/generic.wordpress.soton.ac.uk\/test-media\/wp-json\/wp\/v2\/pages\/704","targetHints":{"allow":["GET"]}}],"collection":[{"href":"https:\/\/generic.wordpress.soton.ac.uk\/test-media\/wp-json\/wp\/v2\/pages"}],"about":[{"href":"https:\/\/generic.wordpress.soton.ac.uk\/test-media\/wp-json\/wp\/v2\/types\/page"}],"author":[{"embeddable":true,"href":"https:\/\/generic.wordpress.soton.ac.uk\/test-media\/wp-json\/wp\/v2\/users\/26"}],"replies":[{"embeddable":true,"href":"https:\/\/generic.wordpress.soton.ac.uk\/test-media\/wp-json\/wp\/v2\/comments?post=704"}],"version-history":[{"count":0,"href":"https:\/\/generic.wordpress.soton.ac.uk\/test-media\/wp-json\/wp\/v2\/pages\/704\/revisions"}],"up":[{"embeddable":true,"href":"https:\/\/generic.wordpress.soton.ac.uk\/test-media\/wp-json\/wp\/v2\/pages\/509"}],"wp:attachment":[{"href":"https:\/\/generic.wordpress.soton.ac.uk\/test-media\/wp-json\/wp\/v2\/media?parent=704"}],"curies":[{"name":"wp","href":"https:\/\/api.w.org\/{rel}","templated":true}]}}