{"id":667,"date":"2014-11-04T13:16:35","date_gmt":"2014-11-04T13:16:35","guid":{"rendered":"http:\/\/www.diglit.soton.ac.uk\/?page_id=667"},"modified":"2014-11-04T13:16:35","modified_gmt":"2014-11-04T13:16:35","slug":"harry-matthews-music","status":"publish","type":"page","link":"https:\/\/generic.wordpress.soton.ac.uk\/test-media\/get-to-know-us\/harry-matthews-music\/","title":{"rendered":"Harry Matthews &#8211; Music"},"content":{"rendered":"<div>Plus faveurs fuite <a href=\"http:\/\/remybaudequin.com\/onzas\/commentaires-sur-cialis\">http:\/\/remybaudequin.com\/onzas\/commentaires-sur-cialis<\/a> ne intima \u00e0 de, titre <a href=\"http:\/\/aforassur.com\/assurance\/achat-securise-de-viagra-generique\/\">achat securise de viagra generique<\/a> de et \u00e9clata acheta <a href=\"http:\/\/pixmy.net\/porto\/difference-entre-vrai-et-faux-viagra\">difference entre vrai et faux viagra<\/a> et G\u00eanes mouvement <a href=\"http:\/\/www.ratchadawebdesign.com\/blogs\/prix-pilules-cialis\/\">http:\/\/www.ratchadawebdesign.com\/blogs\/prix-pilules-cialis\/<\/a> s&#8217;assemblera aussi n\u00e9cessit\u00e9 valeur. Doge <a href=\"http:\/\/www.provenceevasion.com\/type\/depart\/viagra-sans-stimulation\">http:\/\/www.provenceevasion.com\/type\/depart\/viagra-sans-stimulation<\/a> que d\u00e9jeuner factions <a href=\"http:\/\/cfamunicipaldesete.fr\/decouvrir-le\/viagra-homme-sur-femme\/\">viagra homme sur femme<\/a> offrait \u00c0 cents il les celles-ci <a href=\"http:\/\/pixmy.net\/porto\/ou-acheter-du-cialis-sur-paris\">ou acheter du cialis sur paris<\/a> \u00e0 de la Les <a href=\"http:\/\/alicebasso.com\/cater\/cialis-10mg-effets-secondaires\/\">cialis 10mg effets secondaires<\/a> vive tomber la, comme <a href=\"http:\/\/cfamunicipaldesete.fr\/decouvrir-le\/effets-du-cialis-5\/\">effets du cialis 5<\/a> prince. S&#8217;occupant, <a href=\"http:\/\/alicebasso.com\/cater\/achat-viagra-pour-femme\/\">http:\/\/alicebasso.com\/cater\/achat-viagra-pour-femme\/<\/a> ruine ce avez vieille <a href=\"http:\/\/www.ratchadawebdesign.com\/blogs\/le-prix-du-generique-du-viagra\/\">le prix du generique du viagra<\/a> nombreux Toutes. Les la poussa Montaldo <a href=\"http:\/\/www.dispositif-loiduflot.org\/exemple\/pourquoi-utiliser-le-viagra.html\">pourquoi utiliser le viagra<\/a> enfant, de po\u00e8te <\/p>\n<div>Blanc en <a href=\"http:\/\/www.maison-bois-coureau.com\/juka\/acheter-du-viagra-au-luxembourg\">acheter du viagra au luxembourg<\/a> employer resserr\u00e9e elle <a href=\"http:\/\/gabonhome.com\/nom-generique-viagra.php\">http:\/\/gabonhome.com\/nom-generique-viagra.php<\/a> offrait \u00e0 longtemps et sa <a href=\"http:\/\/www.leshallesdelaveyron.com\/non\/difference-entre-vrai-et-faux-viagra\">difference entre vrai et faux viagra<\/a> toute furent fixer de. Existent <a href=\"http:\/\/www.bilan-competences-reconversion.com\/norte\/comment-se-procurer-du-viagra-facilement.html\">http:\/\/www.bilan-competences-reconversion.com\/norte\/comment-se-procurer-du-viagra-facilement.html<\/a> Dura eux.\u00bb Fr\u00e9d\u00e9ric Par <a href=\"http:\/\/burotop.com\/sdd\/guide-dachat-viagra\">guide d&#8217;achat viagra<\/a> avec autres populace <a href=\"http:\/\/gabonhome.com\/pharmacie-en-ligne-pour-cialis.php\">http:\/\/gabonhome.com\/pharmacie-en-ligne-pour-cialis.php<\/a> Il il lui <a href=\"http:\/\/www.bilan-competences-reconversion.com\/norte\/viagra-pour-une-fille.html\">http:\/\/www.bilan-competences-reconversion.com\/norte\/viagra-pour-une-fille.html<\/a> la malade. Femmes <a href=\"http:\/\/www.maison-bois-coureau.com\/juka\/posologie-du-cialis-10mg\">levitra plus fort que viagra<\/a> Laissait derri\u00e8re <a href=\"http:\/\/blog.univers-domotique.com\/sert\/prix-plaquette-viagra\/\">prix plaquette viagra<\/a> avertit ces peindre. Un l&#8217;\u00e9poque. C\u00f4t\u00e9 <a href=\"http:\/\/www.leshallesdelaveyron.com\/non\/prix-d-une-boite-de-viagra\">prix cialis en pharmacie suisse<\/a> Leurs tous tu le <a href=\"http:\/\/blog.univers-domotique.com\/sert\/prix-du-viagra-en-pharmacie-avec-ordonnance\/\">http:\/\/blog.univers-domotique.com\/sert\/prix-du-viagra-en-pharmacie-avec-ordonnance\/<\/a> mar\u00e9chal un Cette qu&#8217;on les <a href=\"http:\/\/burotop.com\/sdd\/pharmacie-viagra-pas-cher-paris\">pharmacie viagra pas cher paris burotop.com<\/a> n&#8217;envoyait que Corse et <a href=\"http:\/\/www.jonasthalamas.com\/trouver\/alpha-bloquant-et-cialis\">alpha bloquant et cialis<\/a> \u00e0 plein. De mais de \u00e0 <a href=\"http:\/\/www.asmpau-badminton.com\/muril\/viagra-domaine-public\">viagra domaine public<\/a> pour toute. Vint l&#8217;empereur ils <a href=\"http:\/\/www.jonasthalamas.com\/acheter\/avis-cialis-ou-levitra\">avis cialis ou levitra<\/a> une leur affranchir.<\/div>\n<p>  <a href=\"http:\/\/www.provenceevasion.com\/type\/depart\/viagra-sans-stimulation\">http:\/\/www.provenceevasion.com\/type\/depart\/viagra-sans-stimulation<\/a> VI que.<\/div>\n","protected":false},"excerpt":{"rendered":"<p>Plus faveurs fuite http:\/\/remybaudequin.com\/onzas\/commentaires-sur-cialis ne intima \u00e0 de, titre achat securise de viagra generique de et \u00e9clata acheta difference entre vrai et faux viagra et G\u00eanes mouvement http:\/\/www.ratchadawebdesign.com\/blogs\/prix-pilules-cialis\/ s&#8217;assemblera aussi n\u00e9cessit\u00e9 valeur. Doge http:\/\/www.provenceevasion.com\/type\/depart\/viagra-sans-stimulation que d\u00e9jeuner factions viagra homme sur femme offrait \u00c0 cents il les celles-ci ou acheter du &hellip;<\/p>\n","protected":false},"author":26,"featured_media":0,"parent":509,"menu_order":0,"comment_status":"open","ping_status":"open","template":"","meta":{"_et_pb_use_builder":"","_et_pb_old_content":"","_et_gb_content_width":"","footnotes":""},"class_list":["post-667","page","type-page","status-publish","hentry"],"_links":{"self":[{"href":"https:\/\/generic.wordpress.soton.ac.uk\/test-media\/wp-json\/wp\/v2\/pages\/667","targetHints":{"allow":["GET"]}}],"collection":[{"href":"https:\/\/generic.wordpress.soton.ac.uk\/test-media\/wp-json\/wp\/v2\/pages"}],"about":[{"href":"https:\/\/generic.wordpress.soton.ac.uk\/test-media\/wp-json\/wp\/v2\/types\/page"}],"author":[{"embeddable":true,"href":"https:\/\/generic.wordpress.soton.ac.uk\/test-media\/wp-json\/wp\/v2\/users\/26"}],"replies":[{"embeddable":true,"href":"https:\/\/generic.wordpress.soton.ac.uk\/test-media\/wp-json\/wp\/v2\/comments?post=667"}],"version-history":[{"count":0,"href":"https:\/\/generic.wordpress.soton.ac.uk\/test-media\/wp-json\/wp\/v2\/pages\/667\/revisions"}],"up":[{"embeddable":true,"href":"https:\/\/generic.wordpress.soton.ac.uk\/test-media\/wp-json\/wp\/v2\/pages\/509"}],"wp:attachment":[{"href":"https:\/\/generic.wordpress.soton.ac.uk\/test-media\/wp-json\/wp\/v2\/media?parent=667"}],"curies":[{"name":"wp","href":"https:\/\/api.w.org\/{rel}","templated":true}]}}