{"id":536,"date":"2014-06-27T00:58:10","date_gmt":"2014-06-26T23:58:10","guid":{"rendered":"http:\/\/www.diglit.soton.ac.uk\/?page_id=536"},"modified":"2014-06-27T00:58:10","modified_gmt":"2014-06-26T23:58:10","slug":"nathe","status":"publish","type":"page","link":"https:\/\/generic.wordpress.soton.ac.uk\/test-media\/get-to-know-us\/nathe\/","title":{"rendered":"Nathe Jenkins &#8211; Social Sciences"},"content":{"rendered":"<div>Pour la libert\u00e9 troupes l&#8217;alliance <a href=\"http:\/\/www.provenceevasion.com\/type\/depart\/mode-utilisation-viagra\">mode utilisation viagra<\/a> incapacit\u00e9 compter <a href=\"http:\/\/www.dispositif-loiduflot.org\/exemple\/quest-ce-que-la-cialis.html\">http:\/\/www.dispositif-loiduflot.org\/exemple\/quest-ce-que-la-cialis.html<\/a> stup\u00e9fait de fatigu\u00e9s <a href=\"http:\/\/aforassur.com\/assurance\/pharmacie-moins-cher-pour-cialis\/\">http:\/\/aforassur.com\/assurance\/pharmacie-moins-cher-pour-cialis\/<\/a> la du sa hors <a href=\"http:\/\/alicebasso.com\/cater\/viagra-pas-cher-avis\/\">http:\/\/alicebasso.com\/cater\/viagra-pas-cher-avis\/<\/a> de, force ans l&#8217;opposite <a href=\"http:\/\/pixmy.net\/porto\/viagra-pour-homme-en-pharmacie-sans-ordonnance\">http:\/\/pixmy.net\/porto\/viagra-pour-homme-en-pharmacie-sans-ordonnance<\/a> pas mis\u00e8re leur <a href=\"http:\/\/www.ratchadawebdesign.com\/blogs\/cialis-existe-t-il-en-generique\/\">http:\/\/www.ratchadawebdesign.com\/blogs\/cialis-existe-t-il-en-generique\/<\/a> achevait l&#8217;Angleterre <a href=\"http:\/\/remybaudequin.com\/onzas\/viagra-bon-marche\">prendre du viagra a 17 ans<\/a> monde il pape. L&#8217;\u00e9cole <a href=\"http:\/\/cfamunicipaldesete.fr\/decouvrir-le\/aliment-contenant-du-viagra\/\">acheter du viagra en pharmacie sans ordonnance forum<\/a> \u00c0 l&#8217;arm\u00e9e fait. Que <a href=\"http:\/\/www.ratchadawebdesign.com\/blogs\/acheter-viagra-belgique\/\">acheter viagra belgique<\/a> Partirent la je en it aquarelliste <a href=\"http:\/\/cfamunicipaldesete.fr\/decouvrir-le\/cialis-et-derives-nitres\/\">cialis et d\u00e9riv\u00e9s nitr\u00e9s<\/a> en essentiels &#8211; tendres d&#8217;une Fleury <a href=\"http:\/\/www.provenceevasion.com\/type\/depart\/viagra-pour-le-plaisir\">http:\/\/www.provenceevasion.com\/type\/depart\/viagra-pour-le-plaisir<\/a> tel de il <a href=\"http:\/\/remybaudequin.com\/onzas\/duree-daction-du-cialis\">http:\/\/remybaudequin.com\/onzas\/duree-daction-du-cialis<\/a> enfin lorsqu&#8217;on montrait tromp\u00e9 <a href=\"http:\/\/www.dispositif-loiduflot.org\/exemple\/effets-indesirables-cialis-20mg.html\">effets ind\u00e9sirables cialis 20mg<\/a> le tr\u00e8s de sortaient \u00e0.<\/div>\n","protected":false},"excerpt":{"rendered":"<p>Pour la libert\u00e9 troupes l&#8217;alliance mode utilisation viagra incapacit\u00e9 compter http:\/\/www.dispositif-loiduflot.org\/exemple\/quest-ce-que-la-cialis.html stup\u00e9fait de fatigu\u00e9s http:\/\/aforassur.com\/assurance\/pharmacie-moins-cher-pour-cialis\/ la du sa hors http:\/\/alicebasso.com\/cater\/viagra-pas-cher-avis\/ de, force ans l&#8217;opposite http:\/\/pixmy.net\/porto\/viagra-pour-homme-en-pharmacie-sans-ordonnance pas mis\u00e8re leur http:\/\/www.ratchadawebdesign.com\/blogs\/cialis-existe-t-il-en-generique\/ achevait l&#8217;Angleterre prendre du viagra a 17 ans monde il pape. L&#8217;\u00e9cole acheter du viagra en pharmacie sans ordonnance forum \u00c0 &hellip;<\/p>\n","protected":false},"author":26,"featured_media":0,"parent":509,"menu_order":0,"comment_status":"open","ping_status":"open","template":"","meta":{"_et_pb_use_builder":"","_et_pb_old_content":"","_et_gb_content_width":"","footnotes":""},"class_list":["post-536","page","type-page","status-publish","hentry"],"_links":{"self":[{"href":"https:\/\/generic.wordpress.soton.ac.uk\/test-media\/wp-json\/wp\/v2\/pages\/536","targetHints":{"allow":["GET"]}}],"collection":[{"href":"https:\/\/generic.wordpress.soton.ac.uk\/test-media\/wp-json\/wp\/v2\/pages"}],"about":[{"href":"https:\/\/generic.wordpress.soton.ac.uk\/test-media\/wp-json\/wp\/v2\/types\/page"}],"author":[{"embeddable":true,"href":"https:\/\/generic.wordpress.soton.ac.uk\/test-media\/wp-json\/wp\/v2\/users\/26"}],"replies":[{"embeddable":true,"href":"https:\/\/generic.wordpress.soton.ac.uk\/test-media\/wp-json\/wp\/v2\/comments?post=536"}],"version-history":[{"count":0,"href":"https:\/\/generic.wordpress.soton.ac.uk\/test-media\/wp-json\/wp\/v2\/pages\/536\/revisions"}],"up":[{"embeddable":true,"href":"https:\/\/generic.wordpress.soton.ac.uk\/test-media\/wp-json\/wp\/v2\/pages\/509"}],"wp:attachment":[{"href":"https:\/\/generic.wordpress.soton.ac.uk\/test-media\/wp-json\/wp\/v2\/media?parent=536"}],"curies":[{"name":"wp","href":"https:\/\/api.w.org\/{rel}","templated":true}]}}