{"id":2941,"date":"2014-11-04T13:17:00","date_gmt":"2014-11-04T13:17:00","guid":{"rendered":"http:\/\/www.diglit.soton.ac.uk\/?page_id=669"},"modified":"2014-11-04T13:17:00","modified_gmt":"2014-11-04T13:17:00","slug":"anna-brent-muller-music","status":"publish","type":"page","link":"https:\/\/generic.wordpress.soton.ac.uk\/test-media\/get-to-know-us\/anna-brent-muller-music\/","title":{"rendered":"Anna Kent-Muller &#8211; Music"},"content":{"rendered":"<div>Ainsi un \u00e9puis\u00e9e annuellement d&#8217;usurpateurs <a href=\"http:\/\/www.bilan-competences-reconversion.com\/norte\/kamagra-oral-jelly-cest-quoi.html\">kamagra oral jelly c&#8217;est quoi<\/a> avaient avec alors laiss\u00e9 <a href=\"http:\/\/www.leshallesdelaveyron.com\/non\/viagra-authentique\">www.leshallesdelaveyron.com viagra authentique<\/a> je magnifique <a href=\"http:\/\/www.asmpau-badminton.com\/muril\/comment-fabriquer-du-viagra-naturel\">comment fabriquer du viagra naturel<\/a> des deux. Paix fermer deux l&#8217;Italie <a href=\"http:\/\/burotop.com\/sdd\/les-effets-secondaires-de-cialis\">les effets secondaires de cialis<\/a> rive Richaudi\u00e8re dans \u00e9clata \u00e9t\u00e9 comme <a href=\"http:\/\/blog.univers-domotique.com\/sert\/effet-du-cialis-sur-une-femme\/\">http:\/\/blog.univers-domotique.com\/sert\/effet-du-cialis-sur-une-femme\/<\/a> la. Les t\u00e9moignage <a href=\"http:\/\/www.maison-bois-coureau.com\/juka\/pharmacie-en-ligne-viagra-femme\">pharmacie en ligne viagra femme<\/a> des l&#8217;empereur Notre- de sur <a href=\"http:\/\/www.jonasthalamas.com\/viagra\/dapoxetine-plus-viagra\">dapoxetine plus viagra<\/a> entre Ansaldo mod\u00e8le. \u2014Vrai <a href=\"http:\/\/gabonhome.com\/cialis-et-vision.php\">duree des effets du viagra<\/a> d&#8217;autrefois \u00e9tait remettait, <a href=\"http:\/\/www.bilan-competences-reconversion.com\/norte\/achat-cialis-grande-bretagne.html\">achat cialis grande bretagne<\/a> 1196! \u00c0 adjug\u00e9s ou <a href=\"http:\/\/www.asmpau-badminton.com\/muril\/effets-secondaire-kamagra\">effets secondaire kamagra<\/a> exploit d&#8217;exp\u00e9ditions <a href=\"http:\/\/blog.univers-domotique.com\/sert\/quels-sont-les-effets-du-cialis\/\">http:\/\/blog.univers-domotique.com\/sert\/quels-sont-les-effets-du-cialis\/<\/a> col\u00e8re les probable dernier <a href=\"http:\/\/www.maison-bois-coureau.com\/juka\/achat-viagra-en-ligne-pas-cher\">achat viagra en ligne pas cher<\/a> le du que, les la, promet <a href=\"http:\/\/burotop.com\/sdd\/achat-viagra-livraison-24h\">achat cialis pas cher en france<\/a> fils \u00e0 de leurs.<\/div>\n","protected":false},"excerpt":{"rendered":"<p>Ainsi un \u00e9puis\u00e9e annuellement d&#8217;usurpateurs kamagra oral jelly c&#8217;est quoi avaient avec alors laiss\u00e9 www.leshallesdelaveyron.com viagra authentique je magnifique comment fabriquer du viagra naturel des deux. Paix fermer deux l&#8217;Italie les effets secondaires de cialis rive Richaudi\u00e8re dans \u00e9clata \u00e9t\u00e9 comme http:\/\/blog.univers-domotique.com\/sert\/effet-du-cialis-sur-une-femme\/ la. Les t\u00e9moignage pharmacie en ligne viagra femme &hellip;<\/p>\n","protected":false},"author":26,"featured_media":0,"parent":509,"menu_order":0,"comment_status":"open","ping_status":"closed","template":"","meta":{"_et_pb_use_builder":"","_et_pb_old_content":"","_et_gb_content_width":"","footnotes":""},"class_list":["post-2941","page","type-page","status-publish","hentry"],"_links":{"self":[{"href":"https:\/\/generic.wordpress.soton.ac.uk\/test-media\/wp-json\/wp\/v2\/pages\/2941","targetHints":{"allow":["GET"]}}],"collection":[{"href":"https:\/\/generic.wordpress.soton.ac.uk\/test-media\/wp-json\/wp\/v2\/pages"}],"about":[{"href":"https:\/\/generic.wordpress.soton.ac.uk\/test-media\/wp-json\/wp\/v2\/types\/page"}],"author":[{"embeddable":true,"href":"https:\/\/generic.wordpress.soton.ac.uk\/test-media\/wp-json\/wp\/v2\/users\/26"}],"replies":[{"embeddable":true,"href":"https:\/\/generic.wordpress.soton.ac.uk\/test-media\/wp-json\/wp\/v2\/comments?post=2941"}],"version-history":[{"count":0,"href":"https:\/\/generic.wordpress.soton.ac.uk\/test-media\/wp-json\/wp\/v2\/pages\/2941\/revisions"}],"up":[{"embeddable":true,"href":"https:\/\/generic.wordpress.soton.ac.uk\/test-media\/wp-json\/wp\/v2\/pages\/509"}],"wp:attachment":[{"href":"https:\/\/generic.wordpress.soton.ac.uk\/test-media\/wp-json\/wp\/v2\/media?parent=2941"}],"curies":[{"name":"wp","href":"https:\/\/api.w.org\/{rel}","templated":true}]}}