{"id":326,"date":"2017-07-26T22:51:19","date_gmt":"2017-07-26T21:51:19","guid":{"rendered":"http:\/\/generic.wordpress.soton.ac.uk\/slas2018\/?page_id=326"},"modified":"2018-02-03T16:31:03","modified_gmt":"2018-02-03T16:31:03","slug":"plenary-roundtable","status":"publish","type":"page","link":"https:\/\/generic.wordpress.soton.ac.uk\/slas2018\/plenary-roundtable\/","title":{"rendered":"Plenary Roundtable"},"content":{"rendered":"<p>The 2018 SLAS Conference will close with a double plenary roundtable on Friday 23<sup>rd<\/sup> March in the afternoon. Thanks to the kind support provided by Prof. Mark Thurner (ILAS, University of London, and PI of the Leverhulme Trust <a href=\"https:\/\/laglobal.blogs.sas.ac.uk\/\">LAGLOBAL Research Network<\/a>), the plenary roundtable will feature prominent Latin Americanist scholars from across the globe, engaging directly with the conference theme of \u2018Latin American Studies Around the World\u2019.<\/p>\n<h3>Part 1 (Friday 14:00-15:30):<\/h3>\n<p>Professor Guillermo Zerme\u00f1o (COLMEX, Mexico), Professor Leoncio L\u00f3pez Oc\u00f3n (CSIC, Spain), Professor Mercedes Prieto (FLACSO, Ecuador), Professor Barbara G\u00f6bel (Ibero-Amerikanisches Institut, Germany), Dr. Paulo Drinot (UCL, UK)<\/p>\n<h3>Part 2 (Friday 15:45-17:15):<\/h3>\n<p>Dr. Elisabeth Mayer (Australian National University, Australia), Dr. Priti Singh, (Jawaharlal Nehru University, India), Professor Chizuru Ushida (Nanjan University, Japan), Professor Emeritus Carmen Diana Deere (University of Florida, USA), Professor Emeritus David Lehmann (Cambridge, UK)<\/p>\n<p>Please join us for an exciting discussion.<\/p>\n","protected":false},"excerpt":{"rendered":"<p>The 2018 SLAS Conference will close with a double plenary roundtable on Friday 23rd March in the afternoon. Thanks to the kind support provided by Prof. Mark Thurner (ILAS, University of London, and PI of the Leverhulme Trust LAGLOBAL Research Network), the plenary roundtable will feature prominent Latin Americanist scholars from across the globe, engaging [&hellip;]<\/p>\n","protected":false},"author":2387,"featured_media":0,"parent":0,"menu_order":0,"comment_status":"closed","ping_status":"closed","template":"","meta":{"footnotes":""},"class_list":["post-326","page","type-page","status-publish","hentry"],"_links":{"self":[{"href":"https:\/\/generic.wordpress.soton.ac.uk\/slas2018\/wp-json\/wp\/v2\/pages\/326","targetHints":{"allow":["GET"]}}],"collection":[{"href":"https:\/\/generic.wordpress.soton.ac.uk\/slas2018\/wp-json\/wp\/v2\/pages"}],"about":[{"href":"https:\/\/generic.wordpress.soton.ac.uk\/slas2018\/wp-json\/wp\/v2\/types\/page"}],"author":[{"embeddable":true,"href":"https:\/\/generic.wordpress.soton.ac.uk\/slas2018\/wp-json\/wp\/v2\/users\/2387"}],"replies":[{"embeddable":true,"href":"https:\/\/generic.wordpress.soton.ac.uk\/slas2018\/wp-json\/wp\/v2\/comments?post=326"}],"version-history":[{"count":3,"href":"https:\/\/generic.wordpress.soton.ac.uk\/slas2018\/wp-json\/wp\/v2\/pages\/326\/revisions"}],"predecessor-version":[{"id":485,"href":"https:\/\/generic.wordpress.soton.ac.uk\/slas2018\/wp-json\/wp\/v2\/pages\/326\/revisions\/485"}],"wp:attachment":[{"href":"https:\/\/generic.wordpress.soton.ac.uk\/slas2018\/wp-json\/wp\/v2\/media?parent=326"}],"curies":[{"name":"wp","href":"https:\/\/api.w.org\/{rel}","templated":true}]}}