{"id":13,"date":"2017-06-19T11:31:14","date_gmt":"2017-06-19T10:31:14","guid":{"rendered":"http:\/\/generic.wordpress.soton.ac.uk\/mags2018\/?page_id=13"},"modified":"2022-01-08T11:10:54","modified_gmt":"2022-01-08T11:10:54","slug":"mags-2018-call-for-papers","status":"publish","type":"page","link":"https:\/\/generic.wordpress.soton.ac.uk\/mags\/","title":{"rendered":"MAGS 2021"},"content":{"rendered":"<p><b>The Maritime Archaeology Graduate Symposium (MAGS)<\/b><\/p>\n<p><b>Dates<\/b><span style=\"font-weight: 400\">: November 25-26, 2021 (Thursday to Friday)<\/span><\/p>\n<p><b>Location<\/b><span style=\"font-weight: 400\">: MAGS 2021 will be held virtually via AMUZoom<\/span><\/p>\n<p><b>Organisers: <\/b><strong>Jafar ANBAR<\/strong>, PhD candidate, HFF scholar.\u00a0 <strong>Judith GATT<\/strong>, PhD candidate, HFF scholar. <strong>Labrini TSITSOU<\/strong>, PhD candidate.<\/p>\n<p>Since 2018, the <strong>Maritime Archaeology Graduate Symposium (MAGS)<\/strong> inspired and supported by the <strong><a href=\"https:\/\/honorfrostfoundation.org\/\">Honor Frost Foundation<\/a><\/strong>, has encouraged students and young scholars to present their research in the form of research papers and posters, in order to share their results and ideas and engage in enriching discussions. Maritime archaeology is developing thanks to the application of multidisciplinary approaches, innovative research methodologies and techniques. We hope that these new orientations will be reflected once more in this year\u2019s Symposium with the participation of early-career researchers (Master\u2019s and PhD students, post-doctoral academics).<\/p>\n<p>This year MAGS 2021 will be hosted for the first time by <strong><a href=\"https:\/\/www.univ-amu.fr\/en\">Aix-Marseille University<\/a><\/strong>. Because of the constraints of Covid-19 pandemic it will be held virtually. The first day will be devoted to maritime archaeology of the eastern Mediterranean. As every year, MAGS is supported by the<strong><a href=\"https:\/\/honorfrostfoundation.org\/\"> Honor Frost Foundation<\/a><\/strong>, since Honor Frost, a pioneer in the field, primarily worked in this region. However, research papers and posters beyond the eastern Mediterranean are very welcome and will be presented on the second and third day. We hope that this virtual symposium will be an opportunity for the gathering of many young scholars working on a large range of subjects that will highlight the diversity and richness of maritime archaeological research internationally.<\/p>\n<p><strong>Abstract submission:<\/strong> We encourage you to send your abstracts (for a paper or a poster) and short CV to the email provided below by\u00a0<strong>20<\/strong> <strong>July 2021<\/strong>. Abstract submissions should consist of <strong>250 words<\/strong> with the applicant\u2019s name, address, institutional affiliation (if existing) and abstract title. Announcement of participants and programme will take place on the <strong>3rd of September 2021<\/strong>. \u00a0The posters should be sent to the organizing committee by the <strong>1st of November 2021. <\/strong><\/p>\n<p><strong>Paper and poster presentation<\/strong>: The paper presentation should not exceed the <strong>15 minutes<\/strong>. This will be followed by <strong>5\u00a0minutes<\/strong> of questions and discussion. The poster presentation will be<strong> 2 minutes<\/strong> to present the poster and <strong>3\u00a0minutes<\/strong> for questions.<\/p>\n<p><strong>Email<\/strong> <a href=\"mailto:magsymposium2021@gmail.com\"><strong>magsymposium2021@gmail.com<\/strong><\/a><\/p>\n<p><strong>Publication: <\/strong>Depending on the quality of the research papers presented (from the oral and poster presentations), there will be the possibility for an edited or peer-reviewed publication (paper or online).<\/p>\n<p>For further information and updates regarding the Symposium in general or guidelines concerning the abstracts and posters, please refer to the MAGS 2021 official website and Facebook page.<\/p>\n<p><strong>Supporting Institutions:<\/strong><\/p>\n<ul>\n<li><strong>Honor Frost Foundation: <a href=\"https:\/\/honorfrostfoundation.org\/\"><u>https:\/\/honorfrostfoundation.org\/<\/u><\/a><\/strong><\/li>\n<li><strong>ARKAIA<\/strong> &#8211; Institut d\u2019Arch\u00e9ologie M\u00e9diterran\u00e9enne &#8211; Aix-Marseille University\u00a0: <strong><a href=\"https:\/\/www.univ-amu.fr\/en\/arkaia\"><u>https:\/\/www.univ-amu.fr\/en\/arkaia<\/u><\/a><\/strong><\/li>\n<li><strong>MoMArch<\/strong> (Master of Maritime and Coastal Archaeology) \u2013 AMU: <strong><a href=\"https:\/\/momarch.hypotheses.org\/\"><u>https:\/\/momarch.hypotheses.org\/<\/u><\/a><\/strong><\/li>\n<li><strong>Centre Camille Jullian<\/strong> [AMU-CNRS (Centre national de la recherche scientifique) &#8211; INRAP France]\u00a0: <strong><a href=\"https:\/\/ccj.cnrs.fr\/\"><u>https:\/\/ccj.cnrs.fr\/<\/u><\/a><\/strong><\/li>\n<li><strong>DRASSM<\/strong> (D\u00e9partement des recherches arch\u00e9ologiques subaquatiques et sous-marines), French Ministry of Culture\u00a0: <strong><a href=\"https:\/\/archeologie.culture.fr\/fr\/drassm\"><u>https:\/\/archeologie.culture.fr\/fr\/drassm<\/u><\/a><\/strong><\/li>\n<\/ul>\n<p><img loading=\"lazy\" decoding=\"async\" class=\"alignnone wp-image-8\" src=\"http:\/\/generic.wordpress.soton.ac.uk\/mags2018\/wp-content\/uploads\/sites\/210\/2017\/06\/HFF.jpg\" alt=\"HFF\" width=\"100\" height=\"99\" srcset=\"https:\/\/generic.wordpress.soton.ac.uk\/mags\/wp-content\/uploads\/sites\/210\/2017\/06\/HFF.jpg 273w, https:\/\/generic.wordpress.soton.ac.uk\/mags\/wp-content\/uploads\/sites\/210\/2017\/06\/HFF-150x150.jpg 150w\" sizes=\"auto, (max-width: 100px) 100vw, 100px\" \/> \u00a0<img loading=\"lazy\" decoding=\"async\" class=\"alignnone  wp-image-850\" src=\"http:\/\/generic.wordpress.soton.ac.uk\/mags\/wp-content\/uploads\/sites\/210\/2021\/04\/ARKEA-LOGO-300x117.jpg\" alt=\"\" width=\"244\" height=\"95\" srcset=\"https:\/\/generic.wordpress.soton.ac.uk\/mags\/wp-content\/uploads\/sites\/210\/2021\/04\/ARKEA-LOGO-300x117.jpg 300w, https:\/\/generic.wordpress.soton.ac.uk\/mags\/wp-content\/uploads\/sites\/210\/2021\/04\/ARKEA-LOGO.jpg 391w\" sizes=\"auto, (max-width: 244px) 100vw, 244px\" \/><img loading=\"lazy\" decoding=\"async\" class=\"alignnone  wp-image-849\" src=\"http:\/\/generic.wordpress.soton.ac.uk\/mags\/wp-content\/uploads\/sites\/210\/2021\/04\/AIX-MARSEILLE-300x169.jpg\" alt=\"\" width=\"220\" height=\"124\" srcset=\"https:\/\/generic.wordpress.soton.ac.uk\/mags\/wp-content\/uploads\/sites\/210\/2021\/04\/AIX-MARSEILLE-300x169.jpg 300w, https:\/\/generic.wordpress.soton.ac.uk\/mags\/wp-content\/uploads\/sites\/210\/2021\/04\/AIX-MARSEILLE-768x432.jpg 768w, https:\/\/generic.wordpress.soton.ac.uk\/mags\/wp-content\/uploads\/sites\/210\/2021\/04\/AIX-MARSEILLE.jpg 930w\" sizes=\"auto, (max-width: 220px) 100vw, 220px\" \/><img loading=\"lazy\" decoding=\"async\" class=\"alignnone  wp-image-854\" src=\"http:\/\/generic.wordpress.soton.ac.uk\/mags\/wp-content\/uploads\/sites\/210\/2021\/04\/MoMArch-300x79.jpg\" alt=\"\" width=\"220\" height=\"58\" \/><img loading=\"lazy\" decoding=\"async\" class=\"alignnone  wp-image-851\" src=\"http:\/\/generic.wordpress.soton.ac.uk\/mags\/wp-content\/uploads\/sites\/210\/2021\/04\/CNRS-300x166.png\" alt=\"\" width=\"148\" height=\"82\" srcset=\"https:\/\/generic.wordpress.soton.ac.uk\/mags\/wp-content\/uploads\/sites\/210\/2021\/04\/CNRS-300x166.png 300w, https:\/\/generic.wordpress.soton.ac.uk\/mags\/wp-content\/uploads\/sites\/210\/2021\/04\/CNRS.png 512w\" sizes=\"auto, (max-width: 148px) 100vw, 148px\" \/><img loading=\"lazy\" decoding=\"async\" class=\"wp-image-852 alignnone\" src=\"http:\/\/generic.wordpress.soton.ac.uk\/mags\/wp-content\/uploads\/sites\/210\/2021\/04\/Logo_Drassm-300x73.jpg\" alt=\"\" width=\"205\" height=\"50\" srcset=\"https:\/\/generic.wordpress.soton.ac.uk\/mags\/wp-content\/uploads\/sites\/210\/2021\/04\/Logo_Drassm-300x73.jpg 300w, https:\/\/generic.wordpress.soton.ac.uk\/mags\/wp-content\/uploads\/sites\/210\/2021\/04\/Logo_Drassm.jpg 560w\" sizes=\"auto, (max-width: 205px) 100vw, 205px\" \/> <img loading=\"lazy\" decoding=\"async\" class=\"size-medium wp-image-919 alignnone\" src=\"http:\/\/generic.wordpress.soton.ac.uk\/mags\/wp-content\/uploads\/sites\/210\/2021\/04\/siteon0-300x71.gif\" alt=\"\" width=\"300\" height=\"71\" \/> <img loading=\"lazy\" decoding=\"async\" class=\"alignnone  wp-image-921\" src=\"http:\/\/generic.wordpress.soton.ac.uk\/mags\/wp-content\/uploads\/sites\/210\/2021\/04\/LOGO_Investirlavenir_CMJN-300x281.jpg\" alt=\"\" width=\"120\" height=\"112\" srcset=\"https:\/\/generic.wordpress.soton.ac.uk\/mags\/wp-content\/uploads\/sites\/210\/2021\/04\/LOGO_Investirlavenir_CMJN-300x281.jpg 300w, https:\/\/generic.wordpress.soton.ac.uk\/mags\/wp-content\/uploads\/sites\/210\/2021\/04\/LOGO_Investirlavenir_CMJN-768x718.jpg 768w, https:\/\/generic.wordpress.soton.ac.uk\/mags\/wp-content\/uploads\/sites\/210\/2021\/04\/LOGO_Investirlavenir_CMJN.jpg 1003w\" sizes=\"auto, (max-width: 120px) 100vw, 120px\" \/><img loading=\"lazy\" decoding=\"async\" class=\"alignnone  wp-image-853\" src=\"http:\/\/generic.wordpress.soton.ac.uk\/mags\/wp-content\/uploads\/sites\/210\/2021\/04\/MINISTRE-DE-LA-CULTURE.png\" alt=\"\" width=\"99\" height=\"115\" \/><\/p>\n","protected":false},"excerpt":{"rendered":"<p>The Maritime Archaeology Graduate Symposium (MAGS) Dates: November 25-26, 2021 (Thursday to Friday) Location: MAGS 2021 will be held virtually via AMUZoom Organisers: Jafar ANBAR, PhD candidate, HFF scholar.\u00a0 Judith GATT, PhD candidate, HFF scholar. Labrini TSITSOU, PhD candidate. Since<\/p>\n","protected":false},"author":308,"featured_media":0,"parent":0,"menu_order":0,"comment_status":"closed","ping_status":"closed","template":"","meta":{"jetpack_post_was_ever_published":false,"footnotes":""},"class_list":["post-13","page","type-page","status-publish","hentry"],"jetpack_sharing_enabled":true,"jetpack_shortlink":"https:\/\/wp.me\/P8R1qG-d","_links":{"self":[{"href":"https:\/\/generic.wordpress.soton.ac.uk\/mags\/index.php?rest_route=\/wp\/v2\/pages\/13","targetHints":{"allow":["GET"]}}],"collection":[{"href":"https:\/\/generic.wordpress.soton.ac.uk\/mags\/index.php?rest_route=\/wp\/v2\/pages"}],"about":[{"href":"https:\/\/generic.wordpress.soton.ac.uk\/mags\/index.php?rest_route=\/wp\/v2\/types\/page"}],"author":[{"embeddable":true,"href":"https:\/\/generic.wordpress.soton.ac.uk\/mags\/index.php?rest_route=\/wp\/v2\/users\/308"}],"replies":[{"embeddable":true,"href":"https:\/\/generic.wordpress.soton.ac.uk\/mags\/index.php?rest_route=%2Fwp%2Fv2%2Fcomments&post=13"}],"version-history":[{"count":24,"href":"https:\/\/generic.wordpress.soton.ac.uk\/mags\/index.php?rest_route=\/wp\/v2\/pages\/13\/revisions"}],"predecessor-version":[{"id":1140,"href":"https:\/\/generic.wordpress.soton.ac.uk\/mags\/index.php?rest_route=\/wp\/v2\/pages\/13\/revisions\/1140"}],"wp:attachment":[{"href":"https:\/\/generic.wordpress.soton.ac.uk\/mags\/index.php?rest_route=%2Fwp%2Fv2%2Fmedia&parent=13"}],"curies":[{"name":"wp","href":"https:\/\/api.w.org\/{rel}","templated":true}]}}