{"id":649,"date":"2015-12-28T20:23:42","date_gmt":"2015-12-28T20:23:42","guid":{"rendered":"http:\/\/generic.wordpress.soton.ac.uk\/ditchedenclosures\/?page_id=649"},"modified":"2016-02-09T16:41:17","modified_gmt":"2016-02-09T16:41:17","slug":"printed-works-ditched-enclosures","status":"publish","type":"page","link":"https:\/\/generic.wordpress.soton.ac.uk\/ditchedenclosures\/know-more-about-neolithic-ditched-enclosures\/printed-works-ditched-enclosures\/","title":{"rendered":"Printed works on Neolithic ditched enclosures"},"content":{"rendered":"<figure id=\"attachment_525\" aria-describedby=\"caption-attachment-525\" style=\"width: 1195px\" class=\"wp-caption aligncenter\"><a href=\"https:\/\/www.flickr.com\/photos\/stewart\/99129170\/\" target=\"_blank\"><img loading=\"lazy\" decoding=\"async\" class=\"wp-image-525 size-full\" src=\"http:\/\/generic.wordpress.soton.ac.uk\/ditchedenclosures\/wp-content\/blogs.dir\/sites\/71\/2015\/12\/Library_cropped.jpg\" alt=\"Photo of a shelf in a library, symbolising further sources on Neolithic ditched Enclosures in Europe\" width=\"1195\" height=\"399\" srcset=\"https:\/\/generic.wordpress.soton.ac.uk\/ditchedenclosures\/wp-content\/blogs.dir\/sites\/71\/2015\/12\/Library_cropped.jpg 1195w, https:\/\/generic.wordpress.soton.ac.uk\/ditchedenclosures\/wp-content\/blogs.dir\/sites\/71\/2015\/12\/Library_cropped-300x100.jpg 300w, https:\/\/generic.wordpress.soton.ac.uk\/ditchedenclosures\/wp-content\/blogs.dir\/sites\/71\/2015\/12\/Library_cropped-1024x342.jpg 1024w, https:\/\/generic.wordpress.soton.ac.uk\/ditchedenclosures\/wp-content\/blogs.dir\/sites\/71\/2015\/12\/Library_cropped-200x67.jpg 200w, https:\/\/generic.wordpress.soton.ac.uk\/ditchedenclosures\/wp-content\/blogs.dir\/sites\/71\/2015\/12\/Library_cropped-700x234.jpg 700w\" sizes=\"auto, (max-width: 1195px) 100vw, 1195px\" \/><\/a><figcaption id=\"caption-attachment-525\" class=\"wp-caption-text\">&#8216;Library&#8217;. Copyright \u00a9 Stewart Butterfield 2006 &#8211; Creative Commons Attribution 2.0 Generic (CC BY 2.0). Cropped.<\/figcaption><\/figure>\n<p style=\"text-align: justify\">The list below includes printed works on Archaeology, the Neolithic and ditched enclosures in Prehistoric Europe.<strong> It prioritises general studies, handbooks and introductory texts<\/strong> which provide an overview of common issues or regional phenomena. If you think we are missing an important source, please, let us know in the <a href=\"http:\/\/generic.wordpress.soton.ac.uk\/ditchedenclosures\/contact\/\">contact section of the website<\/a>. Thank you!<\/p>\n<h2>Archaeology<\/h2>\n<ul>\n<li>Bahn P (2000) <em>Archaeology: a very short introduction<\/em>. Revised ed. Oxford: Oxford University Press.<\/li>\n<li>Fagan B and Durrani N (2013) <em>In the Beginning. An Introduction to Archaeology<\/em>. 13th Revised ed. Pearson Publishing.<\/li>\n<li>Gamble C (2015) <em>Archaeology. The basics<\/em>. 3rd Revised ed. Routledge.<\/li>\n<li>Kelly RL and Thomas DH (2016) <em>Archaeology<\/em>. 7th ed. Wadsworth Publishing.<\/li>\n<li>Renfrew C and Bahn P (2012) <em>Archaeology: Theories, Methods, and Practice. 6th ed<\/em> New York: Thames &amp; Hudson.<\/li>\n<\/ul>\n<h2>Prehistory and the Neolithic<\/h2>\n<ul>\n<li>Chazan M (2013) <em>World Prehistory and Archaeology: Pathways Through Time<\/em>. 3rd Revised ed. Pearson.<\/li>\n<li>Feder KL (2013) <em>The Past in Perspective: An Introduction to Human Prehistory<\/em>. 6th ed. New York: Oxford University Press.<\/li>\n<li>Fowler C, Harding J and Hofmann D (ed), <em>The Oxford Handbook of Neolithic Europe<\/em>. Oxford: Oxford University Press.<\/li>\n<li>Gosden C (2003) <em>Prehistory: a very short introduction<\/em>. Oxford: Oxford University Press.<\/li>\n<li>McCarter S (2007) <em>Neolithic<\/em>. New York: Routledge.<\/li>\n<li>Mithen S (2006) <em>After the Ice: A Global Human History 20,000-5000 BC<\/em>. Harvard: Harvard University Press.<\/li>\n<li>Scarre C (ed) (2013) <em>The Human Past: World Prehistory &amp; the Development of Human Societies<\/em>. 3rd Revised ed. London: Thames &amp; Hudson.<\/li>\n<li>Whittle, A (1996) <em>Europe in the Neolithic. The creation of new worlds<\/em>. Cambridge: Cambridge University Press.<\/li>\n<\/ul>\n<h2>Neolithic enclosures in Europe<\/h2>\n<ul>\n<li>Andersen, N (1997) <em>Sarup vol. 1. The Sarup enclosures<\/em>. Moesgaard: Jutland Archaeological Society Publications series XXXIII.<\/li>\n<li>Bradley R (1998) <em>The Significance of Monuments: On the Shaping of Human Experience in Neolithic and Bronze Age Europe<\/em>. London\u202f; New York: Routledge.<\/li>\n<li>Burgess, C, Topping, P, Mordant C and Maddison, M (ed) (1988). <em>Enclosures and defences in the Neolithic of Western Europe<\/em> (British Archaeological Reports International series 43 (ii)). Oxford: Archaeopress.<\/li>\n<li>Darvill T and Thomas J (ed) (2001) <em>Neolithic enclosures in Atlantic Northwest Europe<\/em>. Oxford: Oxbow Books.<\/li>\n<li>Gibson A (ed) (2002) <em>Behind Wooden Walls: Neolithic Palisaded Enclosures in Europe<\/em>. BAR International Series 1013. Oxford: Archaeopress.<\/li>\n<li>Varndell G and Topping P (ed) (2002) <em>Enclosures in Neolithic Europe. Essays on Causewayed and Non-Causewayed sites<\/em>. Oxford: Oxbow.<\/li>\n<\/ul>\n<h3>Ditched enclosures in Britain<\/h3>\n<ul>\n<li>Barclay G (1998) <em>Temples and Tombs: Neolithic Scotland<\/em>. Edinburgh: Birlinn.<\/li>\n<li>Harding J (2003) <em>Henge Monuments of the British Isles<\/em>. Stroud: Tempus.<\/li>\n<li>Oswald A, Dyer C and Barber M (2001) <em>The Creation of Monuments: Neolithic Causewayed Enclosures in the British Isles<\/em>. Swindon: English Heritage.<\/li>\n<li>Pitts M (2001) <em>Hengeworld<\/em>. London: Arrow Books.<\/li>\n<li>Pollard J (1997) <em>Neolithic Britain<\/em>. Oxford: Osprey Publishing.<\/li>\n<li>Thomas J (1999) <em>Understanding the Neolithic<\/em>. London: Routledge.<\/li>\n<li>Whittle A, Healy F and Bayliss A (ed) (2011) <em>Gathering Time. Dating the Early Neolithic Enclosures of Southern Britain and Ireland<\/em>. Oxford: Oxbow.<\/li>\n<\/ul>\n<h3>Ditched enclosures in Scandinavia<\/h3>\n<ul>\n<li>Andersen N (2015) &#8216;Causewayed Enclosures in Northern and Western Europe&#8217;. In C Fowler, J Harding, and D Hofmann (ed), <em>The Oxford Handbook of Neolithic Europe<\/em>. Oxford: Oxford University Press, p. 795-812.<\/li>\n<li>Andersen N (2002): \u00abNeolithic enclosures of Scandinavia\u00bb. In G Varndell and P. Topping, (ed),\u00a0 <em>Enclosures in Neolithic Europe. Enssays on Causewayed and Non-Causewayed sites,<\/em> Oxford:<em>\u00a0<\/em> Oxbow Books, p. 1-10.<\/li>\n<li>Thorpe IJ (2001) \u00abDanish causewayed enclosures \u2013 temporary monuments?\u00bb In T Darvill and J Thomas: <em>Neolithic enclosures in Atlantic Nortwest Europe<\/em>. Oxford: Oxbow Books, p. 190-203.<\/li>\n<\/ul>\n<h3>Ditched enclosures in Central Europe<\/h3>\n<ul>\n<li>Badisches Landesmuseum (ed) (2010)\u00a0<em> Jungsteinzeit im Umbruch. Die &#8220;Michelsberger Kultur&#8221; und Mitteleuropa vor 6000 Jahren<\/em>. Darmstadt.<\/li>\n<li>Bertemes F and Meller H (ed) (2012) <em>Neolithische Kreisgrabenanlagen in Europa &#8211; Neolithic Circular Enclosures in Europe<\/em>. Internationale Arbeitstagung vom 7. bis 9. Mai 2004 in Goseck, Tagungen des Landesmuseums f\u00fcr Vorgeschichte Halle, Band 8.<\/li>\n<li>Kov\u00e1rn\u00edk J, Kv\u011bt R and Podborsk\u00fd V (2006) \u00abEurope&#8217;s oldest civilisation and its rondels: the real story\u00bb. <em>Antiquity<\/em> 80 (310).<\/li>\n<li>Meller H (ed) (2013) <em>3300 BC. Mysteri\u00f6se Steinzeittote und ihre Welt. Begleitband Sonderausstellung Landemsmuseum Halle 2013\/2014<\/em>. Mainz.<\/li>\n<li><a href=\"http:\/\/www.jna.uni-kiel.de\/index.php\/jna\/issue\/view\/5\" target=\"_blank\">Meyer M and Raetzel-Fabian D (2006) &#8220;Neolithische Grabenwerke in Mitteleuropa. Ein \u00dcberblick&#8221;. <em>Journal of Neolithic Archaeology<\/em> 8.<\/a><\/li>\n<li>Petrasch J (2015) \u00abCentral European Enclosures\u00bb. In C Fowler, J Harding, and D Hofmann (ed), <em>The Oxford Handbook of Neolithic Europe<\/em>. Oxford: Oxford University Press, p. 763-778.<\/li>\n<li>Raetzel-Fabian D (1999) \u00abDer umhegte Raum. \u00dcberlegungen zur Funktion monumentaler Erdwerke\u00bb. <em>Jahresschrift f\u00fcr mitteldeutsche Vorgeschichte<\/em> 81, p. 86-117.<\/li>\n<\/ul>\n<h3>Ditched enclosures in Iberia<\/h3>\n<ul>\n<li>Delibes, G, Garc\u00eda M, del Olmo J, Santiago J (2014) <em>Recintos de fosos calcol\u00edticos del Valle Medio del Duero. Arqueolog\u00eda a\u00e9rea y espacial<\/em>. Valladolid: Ediciones Universidad de Valladolid.<\/li>\n<li>D\u00edaz-del-R\u00edo P (2004) \u00abCopper Ager Ditched Enclosures In Central Iberia\u00bb. <em>Oxford Journal Of Archaeology<\/em> 23 (2), p. 107-21.<\/li>\n<li>M\u00e1rquez-Romero JE and Jim\u00e9nez-J\u00e1imez V (2010) <em>Recintos de Fosos. Genealog\u00eda y significado de una tradici\u00f3n en la Prehistoria del suroeste de la Pen\u00ednsula Ib\u00e9rica (IV-III milenios AC)<\/em>. M\u00e1laga: Servicio de publicaciones de la Universidad de M\u00e1laga.<\/li>\n<li>M\u00e1rquez-Romero, JE and Jim\u00e9nez-J\u00e1imez V (2013) \u00abMonumental ditched enclosures in Southern Iberia (fourth-third Millennia Cal BC)\u00bb. <em>Antiquity<\/em> 87 (336), p. 447-60.<\/li>\n<li>Valera AC (2013) \u00abRecintos de fossos da Pr\u00e9-Hist\u00f3ria Recente em Portugal. Investiga\u00e7\u00e3o, discursos, salvaguarda e divulga\u00e7\u00e3o\u00bb. <em>Al-Madam<\/em> S\u00e9rie II 18, p. 93-110.<\/li>\n<\/ul>\n<h2>Individual sites<\/h2>\n<h3>Scandinavia<\/h3>\n<ul>\n<li>Andersen, N (1997) <em>Sarup vol. 1. The Sarup enclosures<\/em>. Moesgaard: Jutland Archaeological Society Publications series XXXIII.<\/li>\n<\/ul>\n<h3>Britain<\/h3>\n<ul>\n<li>Aronson M and Parker Pearson M (2010) <em>If stones could speak: unlocking the secrets of Stonehenge<\/em>. Washington: National Geographic Books.<\/li>\n<li>Chippindale C (2012) <em>Stonehenge complete. 4th ed<\/em> London: Thames and Hudson\/Cornell University Press.<\/li>\n<li>Gillings M and Pollard J (2004) <em>Avebury<\/em>. London: Duckworth.<\/li>\n<li>Parker Pearson M (2012) <em>Stonehenge: exploring the greatest Stone Age mystery<\/em>. London: Simon and Schuster.<\/li>\n<li>Pryor F (1998): <em>Etton. Excavations at a Neolithic causewayed enclosure near Maxey Cambridgeshire 1982-7<\/em>. London: English Heritage.<\/li>\n<li>Richards JC (2007) <em>Stonehenge: the story so far<\/em>. Swindon: English Heritage.<\/li>\n<li>Richards JC (2013) <em>English Heritage Guide to Stonehenge<\/em>. London: English Heritage.<\/li>\n<li>Whittle A, Pollard J and Grigson C (1999) <em>The harmony of symbols. The Windmill Hill causewayed enclosure<\/em>. Oxford: Oxbow Books.<\/li>\n<\/ul>\n<h3>Central Europe<\/h3>\n<ul>\n<li><a href=\"https:\/\/sites.google.com\/site\/erdwerksforschung\/ewbsl-projekt\" target=\"_blank\">Geschwinde M, Raetzel-Fabian D (2009) <em>EWBSL. Eine Fallstudie zu den jungneolithischen Erdwerken am Nordrand der Mittelgebirge<\/em>. Beitr. zur Arch. in Niedersachsen 14, Rahden\/Westf.<\/a><\/li>\n<li>Knoche B (2008) <em>Die Erdwerke von Soest (Kr. Soest) und Nottuln-Uphoven (Kr. Coesfeld). Studien zum Jungneolithikum in Westfalen. M\u00fcnster<\/em>. Beitr. Ur- und Fr\u00fchgesch. Arch<em>.<\/em> 3, Rahden\/Westf.<\/li>\n<li>Raetzel-Fabian D (2000) <em>Calden. Erdwerk und Bestattungspl\u00e4tze des Jungneolithikums. Architektur &#8211; Ritual &#8211; Chronologie<\/em>. Univ. Forsch, Pr\u00e4hist. Arch. 70, Bonn 2000.<\/li>\n<li>Schwarz R (2003) <em>Pilotstudien. Zw\u00f6lf Jahre Luftbildarch\u00e4ologie in Sachsen-Anhalt<\/em>. Halle (Saale).<\/li>\n<li>Schyle D (1997) <em>Das jungneolithische Erdwerk von Salzkotten-Oberntudorf, Kr. Paderborn. Die Ausgrabungen 1988 bis 1992<\/em>. Bodenaltert\u00fcmer Westfalens 33, Mainz.<\/li>\n<li>Seidel U (2008) <em>Michelsberger Erdwerke im Raum Heilbronn: Neckarsulm.Obereisenberg &#8220;Hetzenberg&#8221; und Ilsfeld &#8220;Ebene&#8221;, Lkr. Heibronn, Heilbronn-Klingenberg &#8220;Schlo\u00dfberg&#8221;, Stadtkreis Heilbronn. Materialh.<\/em> Arch. Baden-W\u00fcrttemberg 81,1-2, Stuttgart.<\/li>\n<\/ul>\n<h3>Iberia<\/h3>\n<ul>\n<li><a href=\"http:\/\/tp.revistas.csic.es\/index.php\/tp\/issue\/view\/7\" target=\"_blank\">Bernabeu J, Orozco T, D\u00ecez A, G\u00f3mez M and Molina FJ (2003): \u00abMas D\u2019Is (Pen\u00e0guila, Alicante): Aldeas y recintos monumentales del Neol\u00edtico Inicial en el Valle del Serpis\u00bb. <em>Trabajos de Prehistoria,<\/em> 60 (2), p. 39-59.<\/a><\/li>\n<li>Garc\u00eda Sanju\u00e1n L (2013) \u00abEl asentamiento de la Edad del Cobre de Valencina de la Concepci\u00f3n; estado actual de la investigaci\u00f3n, debates y perspectivas\u00bb. In L Garc\u00eda Sanju\u00e1n, J M Vargas Jim\u00e9nez, V Hurtado, T Ruiz Moreno and R Cruz-Au\u00f1\u00f3n (ed), <em>El asentamiento prehist\u00f3rico de Valencina de la Concepci\u00f3n (Sevilla). Investigaci\u00f3n y tutela en el 150 aniversario del descubrimiento de La Pastora.<\/em> Sevilla: Universidad de Sevilla, p. 21-59.<\/li>\n<li>Lizcano R (1999) <em>El Polideportivo de Martos (Ja\u00e9n): un yacimiento neol\u00edtico del IV milenio a.C. Nuevos datos para la reconstrucci\u00f3n del proceso hist\u00f3rico del Alto Guadalquivir.<\/em> C\u00f3rdoba: Cajasur.<\/li>\n<li>Mart\u00edn de la Cruz JC (1985-1986) <em>Papa Uvas. Aljaraque, Huelva. 2 vols<\/em>. Excavaciones Arqueol\u00f3gicas en Espa\u00f1a, 136 and 149. Madrid.<\/li>\n<li>Rojo, MA, Kunst M, Garrido R, Garc\u00eda I and Mor\u00e1n G (2008): <em>Paisajes de la memoria: asentamientos del Neol\u00edtico Antiguo en el Valle de Ambrona (Soria, Espa\u00f1a)<\/em>. Valladolid: Universidad de Valladolid.<\/li>\n<li><a href=\"http:\/\/editorial.us.es\/es\/spal\/num_23\" target=\"_blank\">Valera AC, Silva AM and M\u00e1rquez-Romero JE (2014) \u00abThe temporality of Perdig\u00f5es enclosures: absolute chronology of the structures and social practices\u00bb.<em> Spal<\/em> 23, p.11-26.<\/a><\/li>\n<li><a href=\"http:\/\/tp.revistas.csic.es\/index.php\/tp\/issue\/view\/23\" target=\"_blank\">Zafra N, Hornos F, Castro M (1999) \u00abUna macro-aldea en el origen del modo de vida campesino: Marroqu\u00edes Bajos (Ja\u00e9n) c. 2500-2000 cal. ANE\u00bb. <em>Trabajos de Prehistoria,<\/em> 56 (1), p. 77-102.<\/a><\/li>\n<\/ul>\n<p style=\"text-align: right\">Next: <a href=\"http:\/\/generic.wordpress.soton.ac.uk\/ditchedenclosures\/know-more-about-neolithic-ditched-enclosures\/archaeology-weblinks\/\">weblinks<\/a><\/p>\n","protected":false},"excerpt":{"rendered":"<p>The list below includes printed works on Archaeology, the Neolithic and ditched enclosures in Prehistoric Europe. It prioritises general studies, handbooks and introductory texts which provide an overview of common issues or regional phenomena. If you think we are missing an important source, please, let us know in the contact &#8230;<\/p>\n","protected":false},"author":942,"featured_media":0,"parent":521,"menu_order":0,"comment_status":"closed","ping_status":"closed","template":"","meta":{"jetpack_post_was_ever_published":false,"footnotes":""},"class_list":["post-649","page","type-page","status-publish","hentry","column","onecol"],"yoast_head":"<!-- This site is optimized with the Yoast SEO plugin v27.4 - https:\/\/yoast.com\/product\/yoast-seo-wordpress\/ -->\n<title>Publications on ditched enclosures in Prehistoric Europe<\/title>\n<meta name=\"description\" content=\"A selection of printed works to know more about Archaeology, the Neolithic and ditched enclosures and other monumental structures in Prehistoric Europe.\" \/>\n<meta name=\"robots\" content=\"index, follow, max-snippet:-1, max-image-preview:large, max-video-preview:-1\" \/>\n<link rel=\"canonical\" href=\"https:\/\/generic.wordpress.soton.ac.uk\/ditchedenclosures\/know-more-about-neolithic-ditched-enclosures\/printed-works-ditched-enclosures\/\" \/>\n<meta property=\"og:locale\" content=\"en_GB\" \/>\n<meta property=\"og:type\" content=\"article\" \/>\n<meta property=\"og:title\" content=\"Publications on ditched enclosures in Prehistoric Europe\" \/>\n<meta property=\"og:description\" content=\"A selection of printed works to know more about Archaeology, the Neolithic and ditched enclosures and other monumental structures in Prehistoric Europe.\" \/>\n<meta property=\"og:url\" content=\"https:\/\/generic.wordpress.soton.ac.uk\/ditchedenclosures\/know-more-about-neolithic-ditched-enclosures\/printed-works-ditched-enclosures\/\" \/>\n<meta property=\"og:site_name\" content=\"Enclosures in Neolithic Europe\" \/>\n<meta property=\"article:modified_time\" content=\"2016-02-09T16:41:17+00:00\" \/>\n<meta property=\"og:image\" content=\"http:\/\/generic.wordpress.soton.ac.uk\/ditchedenclosures\/wp-content\/blogs.dir\/sites\/71\/2015\/12\/Library_cropped.jpg\" \/>\n<meta name=\"twitter:card\" content=\"summary_large_image\" \/>\n<meta name=\"twitter:label1\" content=\"Estimated reading time\" \/>\n\t<meta name=\"twitter:data1\" content=\"7 minutes\" \/>\n<script type=\"application\/ld+json\" class=\"yoast-schema-graph\">{\"@context\":\"https:\\\/\\\/schema.org\",\"@graph\":[{\"@type\":\"WebPage\",\"@id\":\"https:\\\/\\\/generic.wordpress.soton.ac.uk\\\/ditchedenclosures\\\/know-more-about-neolithic-ditched-enclosures\\\/printed-works-ditched-enclosures\\\/\",\"url\":\"https:\\\/\\\/generic.wordpress.soton.ac.uk\\\/ditchedenclosures\\\/know-more-about-neolithic-ditched-enclosures\\\/printed-works-ditched-enclosures\\\/\",\"name\":\"Publications on ditched enclosures in Prehistoric Europe\",\"isPartOf\":{\"@id\":\"https:\\\/\\\/generic.wordpress.soton.ac.uk\\\/ditchedenclosures\\\/#website\"},\"primaryImageOfPage\":{\"@id\":\"https:\\\/\\\/generic.wordpress.soton.ac.uk\\\/ditchedenclosures\\\/know-more-about-neolithic-ditched-enclosures\\\/printed-works-ditched-enclosures\\\/#primaryimage\"},\"image\":{\"@id\":\"https:\\\/\\\/generic.wordpress.soton.ac.uk\\\/ditchedenclosures\\\/know-more-about-neolithic-ditched-enclosures\\\/printed-works-ditched-enclosures\\\/#primaryimage\"},\"thumbnailUrl\":\"http:\\\/\\\/generic.wordpress.soton.ac.uk\\\/ditchedenclosures\\\/wp-content\\\/blogs.dir\\\/sites\\\/71\\\/2015\\\/12\\\/Library_cropped.jpg\",\"datePublished\":\"2015-12-28T20:23:42+00:00\",\"dateModified\":\"2016-02-09T16:41:17+00:00\",\"description\":\"A selection of printed works to know more about Archaeology, the Neolithic and ditched enclosures and other monumental structures in Prehistoric Europe.\",\"breadcrumb\":{\"@id\":\"https:\\\/\\\/generic.wordpress.soton.ac.uk\\\/ditchedenclosures\\\/know-more-about-neolithic-ditched-enclosures\\\/printed-works-ditched-enclosures\\\/#breadcrumb\"},\"inLanguage\":\"en-GB\",\"potentialAction\":[{\"@type\":\"ReadAction\",\"target\":[\"https:\\\/\\\/generic.wordpress.soton.ac.uk\\\/ditchedenclosures\\\/know-more-about-neolithic-ditched-enclosures\\\/printed-works-ditched-enclosures\\\/\"]}]},{\"@type\":\"ImageObject\",\"inLanguage\":\"en-GB\",\"@id\":\"https:\\\/\\\/generic.wordpress.soton.ac.uk\\\/ditchedenclosures\\\/know-more-about-neolithic-ditched-enclosures\\\/printed-works-ditched-enclosures\\\/#primaryimage\",\"url\":\"https:\\\/\\\/generic.wordpress.soton.ac.uk\\\/ditchedenclosures\\\/wp-content\\\/blogs.dir\\\/sites\\\/71\\\/2015\\\/12\\\/Library_cropped.jpg\",\"contentUrl\":\"https:\\\/\\\/generic.wordpress.soton.ac.uk\\\/ditchedenclosures\\\/wp-content\\\/blogs.dir\\\/sites\\\/71\\\/2015\\\/12\\\/Library_cropped.jpg\",\"width\":1195,\"height\":399,\"caption\":\"'Library'. Copyright \u00a9 Stewart Butterfield 2006 - Creative Commons Attribution 2.0 Generic (CC BY 2.0). Cropped.\"},{\"@type\":\"BreadcrumbList\",\"@id\":\"https:\\\/\\\/generic.wordpress.soton.ac.uk\\\/ditchedenclosures\\\/know-more-about-neolithic-ditched-enclosures\\\/printed-works-ditched-enclosures\\\/#breadcrumb\",\"itemListElement\":[{\"@type\":\"ListItem\",\"position\":1,\"name\":\"Home\",\"item\":\"https:\\\/\\\/generic.wordpress.soton.ac.uk\\\/ditchedenclosures\\\/\"},{\"@type\":\"ListItem\",\"position\":2,\"name\":\"Neolithic ditched enclosures: additional sources\",\"item\":\"https:\\\/\\\/generic.wordpress.soton.ac.uk\\\/ditchedenclosures\\\/know-more-about-neolithic-ditched-enclosures\\\/\"},{\"@type\":\"ListItem\",\"position\":3,\"name\":\"Printed works on Neolithic ditched enclosures\"}]},{\"@type\":\"WebSite\",\"@id\":\"https:\\\/\\\/generic.wordpress.soton.ac.uk\\\/ditchedenclosures\\\/#website\",\"url\":\"https:\\\/\\\/generic.wordpress.soton.ac.uk\\\/ditchedenclosures\\\/\",\"name\":\"Enclosures in Neolithic Europe\",\"description\":\"\",\"potentialAction\":[{\"@type\":\"SearchAction\",\"target\":{\"@type\":\"EntryPoint\",\"urlTemplate\":\"https:\\\/\\\/generic.wordpress.soton.ac.uk\\\/ditchedenclosures\\\/?s={search_term_string}\"},\"query-input\":{\"@type\":\"PropertyValueSpecification\",\"valueRequired\":true,\"valueName\":\"search_term_string\"}}],\"inLanguage\":\"en-GB\"}]}<\/script>\n<!-- \/ Yoast SEO plugin. -->","yoast_head_json":{"title":"Publications on ditched enclosures in Prehistoric Europe","description":"A selection of printed works to know more about Archaeology, the Neolithic and ditched enclosures and other monumental structures in Prehistoric Europe.","robots":{"index":"index","follow":"follow","max-snippet":"max-snippet:-1","max-image-preview":"max-image-preview:large","max-video-preview":"max-video-preview:-1"},"canonical":"https:\/\/generic.wordpress.soton.ac.uk\/ditchedenclosures\/know-more-about-neolithic-ditched-enclosures\/printed-works-ditched-enclosures\/","og_locale":"en_GB","og_type":"article","og_title":"Publications on ditched enclosures in Prehistoric Europe","og_description":"A selection of printed works to know more about Archaeology, the Neolithic and ditched enclosures and other monumental structures in Prehistoric Europe.","og_url":"https:\/\/generic.wordpress.soton.ac.uk\/ditchedenclosures\/know-more-about-neolithic-ditched-enclosures\/printed-works-ditched-enclosures\/","og_site_name":"Enclosures in Neolithic Europe","article_modified_time":"2016-02-09T16:41:17+00:00","og_image":[{"url":"http:\/\/generic.wordpress.soton.ac.uk\/ditchedenclosures\/wp-content\/blogs.dir\/sites\/71\/2015\/12\/Library_cropped.jpg","type":"","width":"","height":""}],"twitter_card":"summary_large_image","twitter_misc":{"Estimated reading time":"7 minutes"},"schema":{"@context":"https:\/\/schema.org","@graph":[{"@type":"WebPage","@id":"https:\/\/generic.wordpress.soton.ac.uk\/ditchedenclosures\/know-more-about-neolithic-ditched-enclosures\/printed-works-ditched-enclosures\/","url":"https:\/\/generic.wordpress.soton.ac.uk\/ditchedenclosures\/know-more-about-neolithic-ditched-enclosures\/printed-works-ditched-enclosures\/","name":"Publications on ditched enclosures in Prehistoric Europe","isPartOf":{"@id":"https:\/\/generic.wordpress.soton.ac.uk\/ditchedenclosures\/#website"},"primaryImageOfPage":{"@id":"https:\/\/generic.wordpress.soton.ac.uk\/ditchedenclosures\/know-more-about-neolithic-ditched-enclosures\/printed-works-ditched-enclosures\/#primaryimage"},"image":{"@id":"https:\/\/generic.wordpress.soton.ac.uk\/ditchedenclosures\/know-more-about-neolithic-ditched-enclosures\/printed-works-ditched-enclosures\/#primaryimage"},"thumbnailUrl":"http:\/\/generic.wordpress.soton.ac.uk\/ditchedenclosures\/wp-content\/blogs.dir\/sites\/71\/2015\/12\/Library_cropped.jpg","datePublished":"2015-12-28T20:23:42+00:00","dateModified":"2016-02-09T16:41:17+00:00","description":"A selection of printed works to know more about Archaeology, the Neolithic and ditched enclosures and other monumental structures in Prehistoric Europe.","breadcrumb":{"@id":"https:\/\/generic.wordpress.soton.ac.uk\/ditchedenclosures\/know-more-about-neolithic-ditched-enclosures\/printed-works-ditched-enclosures\/#breadcrumb"},"inLanguage":"en-GB","potentialAction":[{"@type":"ReadAction","target":["https:\/\/generic.wordpress.soton.ac.uk\/ditchedenclosures\/know-more-about-neolithic-ditched-enclosures\/printed-works-ditched-enclosures\/"]}]},{"@type":"ImageObject","inLanguage":"en-GB","@id":"https:\/\/generic.wordpress.soton.ac.uk\/ditchedenclosures\/know-more-about-neolithic-ditched-enclosures\/printed-works-ditched-enclosures\/#primaryimage","url":"https:\/\/generic.wordpress.soton.ac.uk\/ditchedenclosures\/wp-content\/blogs.dir\/sites\/71\/2015\/12\/Library_cropped.jpg","contentUrl":"https:\/\/generic.wordpress.soton.ac.uk\/ditchedenclosures\/wp-content\/blogs.dir\/sites\/71\/2015\/12\/Library_cropped.jpg","width":1195,"height":399,"caption":"'Library'. Copyright \u00a9 Stewart Butterfield 2006 - Creative Commons Attribution 2.0 Generic (CC BY 2.0). Cropped."},{"@type":"BreadcrumbList","@id":"https:\/\/generic.wordpress.soton.ac.uk\/ditchedenclosures\/know-more-about-neolithic-ditched-enclosures\/printed-works-ditched-enclosures\/#breadcrumb","itemListElement":[{"@type":"ListItem","position":1,"name":"Home","item":"https:\/\/generic.wordpress.soton.ac.uk\/ditchedenclosures\/"},{"@type":"ListItem","position":2,"name":"Neolithic ditched enclosures: additional sources","item":"https:\/\/generic.wordpress.soton.ac.uk\/ditchedenclosures\/know-more-about-neolithic-ditched-enclosures\/"},{"@type":"ListItem","position":3,"name":"Printed works on Neolithic ditched enclosures"}]},{"@type":"WebSite","@id":"https:\/\/generic.wordpress.soton.ac.uk\/ditchedenclosures\/#website","url":"https:\/\/generic.wordpress.soton.ac.uk\/ditchedenclosures\/","name":"Enclosures in Neolithic Europe","description":"","potentialAction":[{"@type":"SearchAction","target":{"@type":"EntryPoint","urlTemplate":"https:\/\/generic.wordpress.soton.ac.uk\/ditchedenclosures\/?s={search_term_string}"},"query-input":{"@type":"PropertyValueSpecification","valueRequired":true,"valueName":"search_term_string"}}],"inLanguage":"en-GB"}]}},"jetpack_shortlink":"https:\/\/wp.me\/P6QUOS-at","jetpack_sharing_enabled":true,"_links":{"self":[{"href":"https:\/\/generic.wordpress.soton.ac.uk\/ditchedenclosures\/wp-json\/wp\/v2\/pages\/649","targetHints":{"allow":["GET"]}}],"collection":[{"href":"https:\/\/generic.wordpress.soton.ac.uk\/ditchedenclosures\/wp-json\/wp\/v2\/pages"}],"about":[{"href":"https:\/\/generic.wordpress.soton.ac.uk\/ditchedenclosures\/wp-json\/wp\/v2\/types\/page"}],"author":[{"embeddable":true,"href":"https:\/\/generic.wordpress.soton.ac.uk\/ditchedenclosures\/wp-json\/wp\/v2\/users\/942"}],"replies":[{"embeddable":true,"href":"https:\/\/generic.wordpress.soton.ac.uk\/ditchedenclosures\/wp-json\/wp\/v2\/comments?post=649"}],"version-history":[{"count":44,"href":"https:\/\/generic.wordpress.soton.ac.uk\/ditchedenclosures\/wp-json\/wp\/v2\/pages\/649\/revisions"}],"predecessor-version":[{"id":956,"href":"https:\/\/generic.wordpress.soton.ac.uk\/ditchedenclosures\/wp-json\/wp\/v2\/pages\/649\/revisions\/956"}],"up":[{"embeddable":true,"href":"https:\/\/generic.wordpress.soton.ac.uk\/ditchedenclosures\/wp-json\/wp\/v2\/pages\/521"}],"wp:attachment":[{"href":"https:\/\/generic.wordpress.soton.ac.uk\/ditchedenclosures\/wp-json\/wp\/v2\/media?parent=649"}],"curies":[{"name":"wp","href":"https:\/\/api.w.org\/{rel}","templated":true}]}}