{"id":254,"date":"2015-10-19T10:00:45","date_gmt":"2015-10-19T09:00:45","guid":{"rendered":"http:\/\/generic.wordpress.soton.ac.uk\/ditchedenclosures\/?page_id=254"},"modified":"2018-06-01T10:41:18","modified_gmt":"2018-06-01T09:41:18","slug":"about-the-authors","status":"publish","type":"page","link":"https:\/\/generic.wordpress.soton.ac.uk\/ditchedenclosures\/about\/about-the-authors\/","title":{"rendered":"About the authors"},"content":{"rendered":"<figure id=\"attachment_296\" aria-describedby=\"caption-attachment-296\" style=\"width: 1000px\" class=\"wp-caption aligncenter\"><a href=\"https:\/\/www.flickr.com\/photos\/streetwrk\/8140770540\/in\/photolist-dpnzsL-jfDVjs-38VB2k-59hiWR-pLh7cg-owmmbx-7TizPh-q3tyQn-q3D89r-3B9FpW-y8yBH-o4zUpC-p6TpVn-8xjVdN-92wBtm-6PyGkX-37zv5-pEtDtE-oZeZ67-s1XSdN-iayvR2-9cSSxu-jJQgMq-988Tn9-nYw3nW-rLy1Ch-qk7RDb-axsrv5-axpKqT-6txPAZ-k86zKV-nK3qe8-bm5BM7-sgeUVw-eb4EAA-eb4Eu5-eaY2QR-eb4EnE-eaY2HB-6mMKeg-bTb678-faAxC1-dtSVpN-asr9iW-2dxrWb-5JyxZr-7L4Bj4-im1x4c-bx7ScB-zcy29b\" target=\"_blank\" rel=\"noopener\"><img loading=\"lazy\" decoding=\"async\" class=\"wp-image-296 size-full\" src=\"http:\/\/generic.wordpress.soton.ac.uk\/ditchedenclosures\/wp-content\/blogs.dir\/sites\/71\/2015\/10\/The-author_cropped.jpg\" alt=\"Photo of a generic author in his char, writing. We only see his back in a dark room.\" width=\"1000\" height=\"333\" srcset=\"https:\/\/generic.wordpress.soton.ac.uk\/ditchedenclosures\/wp-content\/blogs.dir\/sites\/71\/2015\/10\/The-author_cropped.jpg 1000w, https:\/\/generic.wordpress.soton.ac.uk\/ditchedenclosures\/wp-content\/blogs.dir\/sites\/71\/2015\/10\/The-author_cropped-300x100.jpg 300w, https:\/\/generic.wordpress.soton.ac.uk\/ditchedenclosures\/wp-content\/blogs.dir\/sites\/71\/2015\/10\/The-author_cropped-200x67.jpg 200w, https:\/\/generic.wordpress.soton.ac.uk\/ditchedenclosures\/wp-content\/blogs.dir\/sites\/71\/2015\/10\/The-author_cropped-700x233.jpg 700w\" sizes=\"auto, (max-width: 1000px) 100vw, 1000px\" \/><\/a><figcaption id=\"caption-attachment-296\" class=\"wp-caption-text\">&#8216;The author&#8217;. Copyright \u00a9 streetwrk.com 2012 &#8211; Creative Commons Attribution-NoDerivs 2.0 Generic (CC BY-ND 2.0).<\/figcaption><\/figure>\n<p style=\"text-align: justify\">Both the IBERENCLOGIS project and the \u2018Ditched Enclosures in Neolithic\u00a0Europe\u2019 website have been developed from 2013 to 2015 by <a href=\"http:\/\/www.southampton.ac.uk\/archaeology\/about\/staff\/vjjj1u12.page?\" target=\"_blank\" rel=\"noopener\">V\u00edctor Jim\u00e9nez J\u00e1imez<\/a> at the\u00a0<a href=\"http:\/\/www.southampton.ac.uk\/\" target=\"_blank\" rel=\"noopener\">University of Southampton<\/a>, under the supervision of <a href=\"http:\/\/www.southampton.ac.uk\/archaeology\/about\/staff\/dww.page?\" target=\"_blank\" rel=\"noopener\">David Wheatley<\/a>.<\/p>\n<h3 style=\"text-align: justify\">Website creator: V\u00edctor Jim\u00e9nez J\u00e1imez<\/h3>\n<p style=\"text-align: justify\"><a href=\"http:\/\/generic.wordpress.soton.ac.uk\/ditchedenclosures\/wp-content\/blogs.dir\/sites\/71\/2015\/10\/IGP3924.jpg\" target=\"_blank\" rel=\"noopener\"><img loading=\"lazy\" decoding=\"async\" class=\"wp-image-1108 size-full alignleft\" src=\"http:\/\/generic.wordpress.soton.ac.uk\/ditchedenclosures\/wp-content\/blogs.dir\/sites\/71\/2015\/10\/IGP3924.jpg\" alt=\"\" width=\"200\" height=\"188\" \/><\/a><\/p>\n<p style=\"text-align: justify\"><a href=\"http:\/\/www.southampton.ac.uk\/archaeology\/about\/staff\/vjjj1u12.page?\" target=\"_blank\" rel=\"noopener\">Victor Jim\u00e9nez J\u00e1imez<\/a> teaches Prehistory at the <a href=\"https:\/\/www.uma.es\/ciencias-historicas\/\" target=\"_blank\" rel=\"noopener\">University of Malaga (Spain)<\/a> and is a Visiting Fellow at <a href=\"http:\/\/www.southampton.ac.uk\/archaeology\/\" target=\"_blank\" rel=\"noopener\">Archaeology at the University of Southampton (United Kingdom)<\/a>. He main research interest is Prehistoric monumentality in general, and Neolithic-Copper Age European ditched enclosures in particular. He completed his PhD at the University of Malaga (Spain) under the supervision of Jos\u00e9 E. M\u00e1rquez Romero in 2009. More recently, in 2013-15, as a Post-Doc, has developed a Marie Curie Intra-European Fellowship at the University of Southampton (United Kingdom), under the guidance of David W Wheatley. He has worked at the Portuguese site of Perdig\u00f5es. He has published multiple books and papers on Iberian ditched enclosures in top journals such as <em>Antiquity<\/em> or <em>Proceedings of the Prehistoric Society<\/em>. His main argument so far has been that Iberian ditched enclosures must not be understood in isolation, but in the broader context of European Neolithic ditched enclosures. He is a member of the Editorial Board of MENGA, Journal of Andalusian Prehistory.<\/p>\n<hr \/>\n<hr \/>\n<hr \/>\n<hr \/>\n<hr \/>\n<hr \/>\n<hr \/>\n<h3 style=\"text-align: justify\">Project supervisor: David W Wheatley<\/h3>\n<p style=\"text-align: justify\"><a href=\"http:\/\/www.southampton.ac.uk\/archaeology\/about\/staff\/dww.page?\" target=\"_blank\" rel=\"noopener\"><img loading=\"lazy\" decoding=\"async\" class=\"alignleft wp-image-613 size-full\" src=\"http:\/\/generic.wordpress.soton.ac.uk\/ditchedenclosures\/wp-content\/blogs.dir\/sites\/71\/2015\/10\/s200_david.wheatley.jpg\" alt=\"Avatar of David Wheatley\" width=\"200\" height=\"200\" srcset=\"https:\/\/generic.wordpress.soton.ac.uk\/ditchedenclosures\/wp-content\/blogs.dir\/sites\/71\/2015\/10\/s200_david.wheatley.jpg 200w, https:\/\/generic.wordpress.soton.ac.uk\/ditchedenclosures\/wp-content\/blogs.dir\/sites\/71\/2015\/10\/s200_david.wheatley-150x150.jpg 150w\" sizes=\"auto, (max-width: 200px) 100vw, 200px\" \/><\/a><a href=\"http:\/\/www.southampton.ac.uk\/archaeology\/about\/staff\/dww.page?\" target=\"_blank\" rel=\"noopener\">David W Wheatley<\/a> is Senior Lecturer at the <a href=\"http:\/\/www.southampton.ac.uk\/archaeology\/\" target=\"_blank\" rel=\"noopener\">University of Southampton<\/a> (United Kingdom). He completed his BSc in Archaeology from University College Cardiff in 1988, his MSc in Archaeology Computing at Southampton in 1988\/9, and his PhD in Archaeological Applications of GIS with Case Studies in Neolithic Wessex\u00a0 at Southampton in 1994. He was co-director of Negotiating Avebury Project (1999-2004) with Josh Pollard and Mark Gillings. He is a member of the AHRC peer-review college, peer review panel of CAA, Advisory board of MENGA, the Journal of Andalucian Prehistory and SPAL, the Archaeological Journal of the University of Seville. He is widely considered one of the top European experts in the applications of Geographic Information Systems to Archaeology. In the last few years, his focus has been on the Prehistory of southern Iberia, and he regularly collaborates with the University of Seville (Spain), among others.<\/p>\n<hr \/>\n<hr \/>\n<hr \/>\n<hr \/>\n<hr \/>\n<hr \/>\n<hr \/>\n<h3 style=\"text-align: justify\"><\/h3>\n<h3 style=\"text-align: justify\">Contributors<\/h3>\n<div id=\"yui_3_16_0_ym19_1_1467624021268_6062\">\n<p><span id=\"yui_3_16_0_ym19_1_1467624021268_6105\"><a href=\"https:\/\/uah.academia.edu\/AdaraL%C3%B3pezL%C3%B3pez\" target=\"_blank\" rel=\"noopener\"><img loading=\"lazy\" decoding=\"async\" class=\"alignleft wp-image-1027\" src=\"http:\/\/generic.wordpress.soton.ac.uk\/ditchedenclosures\/wp-content\/blogs.dir\/sites\/71\/2015\/10\/Adara-Lopez-Lopez-1-300x232.jpg\" alt=\"Photo of Adara Lopez Lopez\" width=\"200\" height=\"155\" srcset=\"https:\/\/generic.wordpress.soton.ac.uk\/ditchedenclosures\/wp-content\/blogs.dir\/sites\/71\/2015\/10\/Adara-Lopez-Lopez-1-300x232.jpg 300w, https:\/\/generic.wordpress.soton.ac.uk\/ditchedenclosures\/wp-content\/blogs.dir\/sites\/71\/2015\/10\/Adara-Lopez-Lopez-1-768x594.jpg 768w, https:\/\/generic.wordpress.soton.ac.uk\/ditchedenclosures\/wp-content\/blogs.dir\/sites\/71\/2015\/10\/Adara-Lopez-Lopez-1-1024x792.jpg 1024w, https:\/\/generic.wordpress.soton.ac.uk\/ditchedenclosures\/wp-content\/blogs.dir\/sites\/71\/2015\/10\/Adara-Lopez-Lopez-1-700x541.jpg 700w\" sizes=\"auto, (max-width: 200px) 100vw, 200px\" \/><\/a><a href=\"https:\/\/uah.academia.edu\/AdaraL%C3%B3pezL%C3%B3pez\" target=\"_blank\" rel=\"noopener\">Adara L\u00f3pez-L\u00f3pez<\/a> is a PhD student at\u00a0<\/span><a id=\"yui_3_16_0_ym19_1_1467624021268_6099\" href=\"http:\/\/www.uah.es\/\" target=\"_blank\" rel=\"nofollow noopener\">University of Alcal\u00e1<\/a>\u00a0(Madrid, Spain)<span id=\"yui_3_16_0_ym19_1_1467624021268_6098\">. She studies the use of Geographic Information Technologies (GIT) to detect and study human settlement during Recent Prehistory in the South-West of the Iberian Peninsula, advised by\u00a0<\/span><a href=\"http:\/\/uah.academia.edu\/MimiBueno\" target=\"_blank\" rel=\"nofollow noopener\">Primitiva Bueno-Ram\u00edrez<\/a>\u00a0(UAH) and\u00a0<a href=\"http:\/\/independent.academia.edu\/EnriqueCerrilloCuenca\" target=\"_blank\" rel=\"nofollow noopener\">Enrique Cerrillo-Cuenca<\/a>. From January to June 2015 she was a visiting PhD Student at University of Southampton under the supervision of David W Wheatley, learning about applications of GIS in Archaeology and Neolithic in Europe. She is becoming an expert in LiDAR and other remote sensing techniques in Archaeology, particularly when it comes to ditched and walled enclosures in Iberia.<\/p>\n<hr \/>\n<hr \/>\n<hr \/>\n<hr \/>\n<hr \/>\n<hr \/>\n<hr \/>\n<p><span id=\"yui_3_16_0_ym19_1_1467624021268_6061\"><a href=\"https:\/\/ku-dk.academia.edu\/EmilStruve\" target=\"_blank\" rel=\"attachment wp-att-1062 noopener\"><img loading=\"lazy\" decoding=\"async\" class=\"alignleft wp-image-1062 size-full\" src=\"http:\/\/generic.wordpress.soton.ac.uk\/ditchedenclosures\/wp-content\/blogs.dir\/sites\/71\/2015\/10\/Emil_Struve.jpg\" alt=\"Photo of Emil Struve\" width=\"200\" height=\"200\" srcset=\"https:\/\/generic.wordpress.soton.ac.uk\/ditchedenclosures\/wp-content\/blogs.dir\/sites\/71\/2015\/10\/Emil_Struve.jpg 200w, https:\/\/generic.wordpress.soton.ac.uk\/ditchedenclosures\/wp-content\/blogs.dir\/sites\/71\/2015\/10\/Emil_Struve-150x150.jpg 150w\" sizes=\"auto, (max-width: 200px) 100vw, 200px\" \/><\/a><a href=\"https:\/\/ku-dk.academia.edu\/EmilStruve\" target=\"_blank\" rel=\"noopener\">Emil Struve<\/a> is currently excavation manager at <a href=\"http:\/\/romu.dk\/\" target=\"_blank\" rel=\"noopener\">ROMU<\/a>,\u00a0an organization of various types of museums in the greater Roskilde area, including <a href=\"http:\/\/www.roskildemuseum.dk\/\" target=\"_blank\" rel=\"noopener\">Roskilde Museum<\/a> (Denmark). He received training in Prehistoric Archaeology (both BA and MA) at the <a href=\"http:\/\/saxoinstitute.ku.dk\/\" target=\"_blank\" rel=\"noopener\">University of Copenhagen, Saxo Institute<\/a>. His Masters thesis was titled &#8216;With a view to change? Presentation and interpretation of the Neolithic palisaded enclosure at Kign\u00e6sbakken&#8217;. He has worked as field archaeologist for several museums and cultural institutions in Denmark, such as the <a href=\"http:\/\/www.museumskanderborg.dk\/\" target=\"_blank\" rel=\"noopener\">Skanderborg Museum<\/a>, the <a href=\"http:\/\/www.visitfrederikssund.dk\/nordsjaelland\/museer\/frederikssund-museum-faergegaarden\" target=\"_blank\" rel=\"noopener\">Museet F\u00e6rgeg\u00e5rden<\/a>, the <a href=\"http:\/\/sargaanja.wix.com\/vamhjemmeside\" target=\"_blank\" rel=\"noopener\">Museet for Varde By og Omegn<\/a>, the <a href=\"http:\/\/www.nordmus.dk\/aalborg-historiske-museum\" target=\"_blank\" rel=\"noopener\">Aalborg Historiske Museer<\/a>, the <a href=\"http:\/\/slks.dk\/english\/\" target=\"_blank\" rel=\"noopener\">Danish Heritage Agency<\/a> and the <a href=\"http:\/\/www.museerne.dk\/\" target=\"_blank\" rel=\"noopener\">Museum Syd\u00f8stdanmark<\/a>. His main research interest revolves around the Neolithic period, with a focus on monumental constructions in the Scandinavian early and middle Neolithic, and more specifically enclosures. He is currently seeking funding for a PhD on the subject.<br \/>\n<\/span><\/p>\n<\/div>\n<div id=\"yui_3_16_0_ym19_1_1467624021268_6109\"><span style=\"color: #333333;font-family: Arial,sans-serif\">\u00a0<\/span><\/div>\n<p>&nbsp;<\/p>\n","protected":false},"excerpt":{"rendered":"<p>Both the IBERENCLOGIS project and the \u2018Ditched Enclosures in Neolithic\u00a0Europe\u2019 website have been developed from 2013 to 2015 by V\u00edctor Jim\u00e9nez J\u00e1imez at the\u00a0University of Southampton, under the supervision of David Wheatley. Website creator: V\u00edctor Jim\u00e9nez J\u00e1imez Victor Jim\u00e9nez J\u00e1imez teaches Prehistory at the University of Malaga (Spain) and is &#8230;<\/p>\n","protected":false},"author":942,"featured_media":0,"parent":109,"menu_order":0,"comment_status":"closed","ping_status":"closed","template":"","meta":{"jetpack_post_was_ever_published":false,"footnotes":""},"class_list":["post-254","page","type-page","status-publish","hentry","column","onecol"],"yoast_head":"<!-- This site is optimized with the Yoast SEO plugin v27.4 - https:\/\/yoast.com\/product\/yoast-seo-wordpress\/ -->\n<title>About the authors - Enclosures in Neolithic Europe<\/title>\n<meta name=\"description\" content=\"Development on this website begain in 2015 by V\u00edctor Jim\u00e9nez J\u00e1imez at the University of Southampton, under the supervision of David W Wheatley.\" \/>\n<meta name=\"robots\" content=\"index, follow, max-snippet:-1, max-image-preview:large, max-video-preview:-1\" \/>\n<link rel=\"canonical\" href=\"https:\/\/generic.wordpress.soton.ac.uk\/ditchedenclosures\/about\/about-the-authors\/\" \/>\n<meta property=\"og:locale\" content=\"en_GB\" \/>\n<meta property=\"og:type\" content=\"article\" \/>\n<meta property=\"og:title\" content=\"About the authors - Enclosures in Neolithic Europe\" \/>\n<meta property=\"og:description\" content=\"Development on this website begain in 2015 by V\u00edctor Jim\u00e9nez J\u00e1imez at the University of Southampton, under the supervision of David W Wheatley.\" \/>\n<meta property=\"og:url\" content=\"https:\/\/generic.wordpress.soton.ac.uk\/ditchedenclosures\/about\/about-the-authors\/\" \/>\n<meta property=\"og:site_name\" content=\"Enclosures in Neolithic Europe\" \/>\n<meta property=\"article:modified_time\" content=\"2018-06-01T09:41:18+00:00\" \/>\n<meta property=\"og:image\" content=\"http:\/\/generic.wordpress.soton.ac.uk\/ditchedenclosures\/wp-content\/blogs.dir\/sites\/71\/2015\/10\/The-author_cropped.jpg\" \/>\n<meta name=\"twitter:card\" content=\"summary_large_image\" \/>\n<meta name=\"twitter:label1\" content=\"Estimated reading time\" \/>\n\t<meta name=\"twitter:data1\" content=\"3 minutes\" \/>\n<script type=\"application\/ld+json\" class=\"yoast-schema-graph\">{\"@context\":\"https:\\\/\\\/schema.org\",\"@graph\":[{\"@type\":\"WebPage\",\"@id\":\"https:\\\/\\\/generic.wordpress.soton.ac.uk\\\/ditchedenclosures\\\/about\\\/about-the-authors\\\/\",\"url\":\"https:\\\/\\\/generic.wordpress.soton.ac.uk\\\/ditchedenclosures\\\/about\\\/about-the-authors\\\/\",\"name\":\"About the authors - Enclosures in Neolithic Europe\",\"isPartOf\":{\"@id\":\"https:\\\/\\\/generic.wordpress.soton.ac.uk\\\/ditchedenclosures\\\/#website\"},\"primaryImageOfPage\":{\"@id\":\"https:\\\/\\\/generic.wordpress.soton.ac.uk\\\/ditchedenclosures\\\/about\\\/about-the-authors\\\/#primaryimage\"},\"image\":{\"@id\":\"https:\\\/\\\/generic.wordpress.soton.ac.uk\\\/ditchedenclosures\\\/about\\\/about-the-authors\\\/#primaryimage\"},\"thumbnailUrl\":\"http:\\\/\\\/generic.wordpress.soton.ac.uk\\\/ditchedenclosures\\\/wp-content\\\/blogs.dir\\\/sites\\\/71\\\/2015\\\/10\\\/The-author_cropped.jpg\",\"datePublished\":\"2015-10-19T09:00:45+00:00\",\"dateModified\":\"2018-06-01T09:41:18+00:00\",\"description\":\"Development on this website begain in 2015 by V\u00edctor Jim\u00e9nez J\u00e1imez at the University of Southampton, under the supervision of David W Wheatley.\",\"breadcrumb\":{\"@id\":\"https:\\\/\\\/generic.wordpress.soton.ac.uk\\\/ditchedenclosures\\\/about\\\/about-the-authors\\\/#breadcrumb\"},\"inLanguage\":\"en-GB\",\"potentialAction\":[{\"@type\":\"ReadAction\",\"target\":[\"https:\\\/\\\/generic.wordpress.soton.ac.uk\\\/ditchedenclosures\\\/about\\\/about-the-authors\\\/\"]}]},{\"@type\":\"ImageObject\",\"inLanguage\":\"en-GB\",\"@id\":\"https:\\\/\\\/generic.wordpress.soton.ac.uk\\\/ditchedenclosures\\\/about\\\/about-the-authors\\\/#primaryimage\",\"url\":\"https:\\\/\\\/generic.wordpress.soton.ac.uk\\\/ditchedenclosures\\\/wp-content\\\/blogs.dir\\\/sites\\\/71\\\/2015\\\/10\\\/The-author_cropped.jpg\",\"contentUrl\":\"https:\\\/\\\/generic.wordpress.soton.ac.uk\\\/ditchedenclosures\\\/wp-content\\\/blogs.dir\\\/sites\\\/71\\\/2015\\\/10\\\/The-author_cropped.jpg\",\"width\":1000,\"height\":333,\"caption\":\"The author. Cropped. Copyright \u00a9 streetwrk.com 2012 - Creative Commons Attribution-NoDerivs 2.0 Generic (CC BY-ND 2.0).\"},{\"@type\":\"BreadcrumbList\",\"@id\":\"https:\\\/\\\/generic.wordpress.soton.ac.uk\\\/ditchedenclosures\\\/about\\\/about-the-authors\\\/#breadcrumb\",\"itemListElement\":[{\"@type\":\"ListItem\",\"position\":1,\"name\":\"Home\",\"item\":\"https:\\\/\\\/generic.wordpress.soton.ac.uk\\\/ditchedenclosures\\\/\"},{\"@type\":\"ListItem\",\"position\":2,\"name\":\"About the project\",\"item\":\"https:\\\/\\\/generic.wordpress.soton.ac.uk\\\/ditchedenclosures\\\/about\\\/\"},{\"@type\":\"ListItem\",\"position\":3,\"name\":\"About the authors\"}]},{\"@type\":\"WebSite\",\"@id\":\"https:\\\/\\\/generic.wordpress.soton.ac.uk\\\/ditchedenclosures\\\/#website\",\"url\":\"https:\\\/\\\/generic.wordpress.soton.ac.uk\\\/ditchedenclosures\\\/\",\"name\":\"Enclosures in Neolithic Europe\",\"description\":\"\",\"potentialAction\":[{\"@type\":\"SearchAction\",\"target\":{\"@type\":\"EntryPoint\",\"urlTemplate\":\"https:\\\/\\\/generic.wordpress.soton.ac.uk\\\/ditchedenclosures\\\/?s={search_term_string}\"},\"query-input\":{\"@type\":\"PropertyValueSpecification\",\"valueRequired\":true,\"valueName\":\"search_term_string\"}}],\"inLanguage\":\"en-GB\"}]}<\/script>\n<!-- \/ Yoast SEO plugin. -->","yoast_head_json":{"title":"About the authors - Enclosures in Neolithic Europe","description":"Development on this website begain in 2015 by V\u00edctor Jim\u00e9nez J\u00e1imez at the University of Southampton, under the supervision of David W Wheatley.","robots":{"index":"index","follow":"follow","max-snippet":"max-snippet:-1","max-image-preview":"max-image-preview:large","max-video-preview":"max-video-preview:-1"},"canonical":"https:\/\/generic.wordpress.soton.ac.uk\/ditchedenclosures\/about\/about-the-authors\/","og_locale":"en_GB","og_type":"article","og_title":"About the authors - Enclosures in Neolithic Europe","og_description":"Development on this website begain in 2015 by V\u00edctor Jim\u00e9nez J\u00e1imez at the University of Southampton, under the supervision of David W Wheatley.","og_url":"https:\/\/generic.wordpress.soton.ac.uk\/ditchedenclosures\/about\/about-the-authors\/","og_site_name":"Enclosures in Neolithic Europe","article_modified_time":"2018-06-01T09:41:18+00:00","og_image":[{"url":"http:\/\/generic.wordpress.soton.ac.uk\/ditchedenclosures\/wp-content\/blogs.dir\/sites\/71\/2015\/10\/The-author_cropped.jpg","type":"","width":"","height":""}],"twitter_card":"summary_large_image","twitter_misc":{"Estimated reading time":"3 minutes"},"schema":{"@context":"https:\/\/schema.org","@graph":[{"@type":"WebPage","@id":"https:\/\/generic.wordpress.soton.ac.uk\/ditchedenclosures\/about\/about-the-authors\/","url":"https:\/\/generic.wordpress.soton.ac.uk\/ditchedenclosures\/about\/about-the-authors\/","name":"About the authors - Enclosures in Neolithic Europe","isPartOf":{"@id":"https:\/\/generic.wordpress.soton.ac.uk\/ditchedenclosures\/#website"},"primaryImageOfPage":{"@id":"https:\/\/generic.wordpress.soton.ac.uk\/ditchedenclosures\/about\/about-the-authors\/#primaryimage"},"image":{"@id":"https:\/\/generic.wordpress.soton.ac.uk\/ditchedenclosures\/about\/about-the-authors\/#primaryimage"},"thumbnailUrl":"http:\/\/generic.wordpress.soton.ac.uk\/ditchedenclosures\/wp-content\/blogs.dir\/sites\/71\/2015\/10\/The-author_cropped.jpg","datePublished":"2015-10-19T09:00:45+00:00","dateModified":"2018-06-01T09:41:18+00:00","description":"Development on this website begain in 2015 by V\u00edctor Jim\u00e9nez J\u00e1imez at the University of Southampton, under the supervision of David W Wheatley.","breadcrumb":{"@id":"https:\/\/generic.wordpress.soton.ac.uk\/ditchedenclosures\/about\/about-the-authors\/#breadcrumb"},"inLanguage":"en-GB","potentialAction":[{"@type":"ReadAction","target":["https:\/\/generic.wordpress.soton.ac.uk\/ditchedenclosures\/about\/about-the-authors\/"]}]},{"@type":"ImageObject","inLanguage":"en-GB","@id":"https:\/\/generic.wordpress.soton.ac.uk\/ditchedenclosures\/about\/about-the-authors\/#primaryimage","url":"https:\/\/generic.wordpress.soton.ac.uk\/ditchedenclosures\/wp-content\/blogs.dir\/sites\/71\/2015\/10\/The-author_cropped.jpg","contentUrl":"https:\/\/generic.wordpress.soton.ac.uk\/ditchedenclosures\/wp-content\/blogs.dir\/sites\/71\/2015\/10\/The-author_cropped.jpg","width":1000,"height":333,"caption":"The author. Cropped. Copyright \u00a9 streetwrk.com 2012 - Creative Commons Attribution-NoDerivs 2.0 Generic (CC BY-ND 2.0)."},{"@type":"BreadcrumbList","@id":"https:\/\/generic.wordpress.soton.ac.uk\/ditchedenclosures\/about\/about-the-authors\/#breadcrumb","itemListElement":[{"@type":"ListItem","position":1,"name":"Home","item":"https:\/\/generic.wordpress.soton.ac.uk\/ditchedenclosures\/"},{"@type":"ListItem","position":2,"name":"About the project","item":"https:\/\/generic.wordpress.soton.ac.uk\/ditchedenclosures\/about\/"},{"@type":"ListItem","position":3,"name":"About the authors"}]},{"@type":"WebSite","@id":"https:\/\/generic.wordpress.soton.ac.uk\/ditchedenclosures\/#website","url":"https:\/\/generic.wordpress.soton.ac.uk\/ditchedenclosures\/","name":"Enclosures in Neolithic Europe","description":"","potentialAction":[{"@type":"SearchAction","target":{"@type":"EntryPoint","urlTemplate":"https:\/\/generic.wordpress.soton.ac.uk\/ditchedenclosures\/?s={search_term_string}"},"query-input":{"@type":"PropertyValueSpecification","valueRequired":true,"valueName":"search_term_string"}}],"inLanguage":"en-GB"}]}},"jetpack_shortlink":"https:\/\/wp.me\/P6QUOS-46","jetpack_sharing_enabled":true,"_links":{"self":[{"href":"https:\/\/generic.wordpress.soton.ac.uk\/ditchedenclosures\/wp-json\/wp\/v2\/pages\/254","targetHints":{"allow":["GET"]}}],"collection":[{"href":"https:\/\/generic.wordpress.soton.ac.uk\/ditchedenclosures\/wp-json\/wp\/v2\/pages"}],"about":[{"href":"https:\/\/generic.wordpress.soton.ac.uk\/ditchedenclosures\/wp-json\/wp\/v2\/types\/page"}],"author":[{"embeddable":true,"href":"https:\/\/generic.wordpress.soton.ac.uk\/ditchedenclosures\/wp-json\/wp\/v2\/users\/942"}],"replies":[{"embeddable":true,"href":"https:\/\/generic.wordpress.soton.ac.uk\/ditchedenclosures\/wp-json\/wp\/v2\/comments?post=254"}],"version-history":[{"count":38,"href":"https:\/\/generic.wordpress.soton.ac.uk\/ditchedenclosures\/wp-json\/wp\/v2\/pages\/254\/revisions"}],"predecessor-version":[{"id":1111,"href":"https:\/\/generic.wordpress.soton.ac.uk\/ditchedenclosures\/wp-json\/wp\/v2\/pages\/254\/revisions\/1111"}],"up":[{"embeddable":true,"href":"https:\/\/generic.wordpress.soton.ac.uk\/ditchedenclosures\/wp-json\/wp\/v2\/pages\/109"}],"wp:attachment":[{"href":"https:\/\/generic.wordpress.soton.ac.uk\/ditchedenclosures\/wp-json\/wp\/v2\/media?parent=254"}],"curies":[{"name":"wp","href":"https:\/\/api.w.org\/{rel}","templated":true}]}}