{"id":201,"date":"2015-10-18T22:19:45","date_gmt":"2015-10-18T21:19:45","guid":{"rendered":"http:\/\/generic.wordpress.soton.ac.uk\/ditchedenclosures\/?page_id=201"},"modified":"2016-01-30T15:45:37","modified_gmt":"2016-01-30T15:45:37","slug":"standing-stones-avebury","status":"publish","type":"page","link":"https:\/\/generic.wordpress.soton.ac.uk\/ditchedenclosures\/what-is-a-ditched-enclosure\/standing-stones-avebury\/","title":{"rendered":"Standing stones and other megalithic structures"},"content":{"rendered":"<figure id=\"attachment_373\" aria-describedby=\"caption-attachment-373\" style=\"width: 1555px\" class=\"wp-caption aligncenter\"><a href=\"https:\/\/www.flickr.com\/photos\/flamesworddragon\/6807054934\/in\/photolist-5sKExW-5Fyp9c-5FCPoq-bAqRAK-3Nger-5FyyaH-5FyvzM-5FCHqs-5FyqcR-3Ngeq-5FCMqb-3Nget-3Nges-5FyrRk-5FCPVb-5FCNFL-5FCLEN-5FCL3o-5FysCn-5FyrnZ-3Ngep-bnvYJm-bnvYaQ-bnvXD1-bAqPfX-bnvVxo-bAqHeV-bnvWh7-bnvURd-bAqLJD-bAqL6r-bAqKCz\" target=\"_blank\"><img loading=\"lazy\" decoding=\"async\" class=\"wp-image-373 size-full\" src=\"http:\/\/generic.wordpress.soton.ac.uk\/ditchedenclosures\/wp-content\/blogs.dir\/sites\/71\/2015\/10\/Avebury-mist_06_cropped.jpg\" alt=\"Photo of Standing stones or megaliths in a Line at Avebury\" width=\"1555\" height=\"518\" srcset=\"https:\/\/generic.wordpress.soton.ac.uk\/ditchedenclosures\/wp-content\/blogs.dir\/sites\/71\/2015\/10\/Avebury-mist_06_cropped.jpg 1555w, https:\/\/generic.wordpress.soton.ac.uk\/ditchedenclosures\/wp-content\/blogs.dir\/sites\/71\/2015\/10\/Avebury-mist_06_cropped-300x100.jpg 300w, https:\/\/generic.wordpress.soton.ac.uk\/ditchedenclosures\/wp-content\/blogs.dir\/sites\/71\/2015\/10\/Avebury-mist_06_cropped-1024x341.jpg 1024w, https:\/\/generic.wordpress.soton.ac.uk\/ditchedenclosures\/wp-content\/blogs.dir\/sites\/71\/2015\/10\/Avebury-mist_06_cropped-200x67.jpg 200w, https:\/\/generic.wordpress.soton.ac.uk\/ditchedenclosures\/wp-content\/blogs.dir\/sites\/71\/2015\/10\/Avebury-mist_06_cropped-700x233.jpg 700w\" sizes=\"auto, (max-width: 1555px) 100vw, 1555px\" \/><\/a><figcaption id=\"caption-attachment-373\" class=\"wp-caption-text\">Aligned megaliths at Avebury. Copyright \u00a9 Mark Kent 2012 &#8211; Creative Commons Attribution-ShareAlike (CC BY-SA).<\/figcaption><\/figure>\n<p style=\"text-align: justify\">Monumental standing stones (megaliths) are <a href=\"http:\/\/generic.wordpress.soton.ac.uk\/ditchedenclosures\/who\/monumentalisation\/\">a common feature of Neolithic landscapes in Europe<\/a>. They are normally isolated (menhirs, stelae), forming circles by themselves or as part of megalithic structures such as portal tombs. But sometimes they are found at ditched enclosures as well, alongside other components such as ditches, banks or timber structures. Certain British henges show a significant number of monumental standing stones, often forming enclosed spaces to the interior of the ditches. That is the case of Stonehenge and Avebury in southern England, or the Ring of Brodgar in Orkney, Scotland.<\/p>\n<figure id=\"attachment_378\" aria-describedby=\"caption-attachment-378\" style=\"width: 660px\" class=\"wp-caption aligncenter\"><a href=\"https:\/\/www.flickr.com\/photos\/63008913@N00\/7375090940\/\" target=\"_blank\"><img loading=\"lazy\" decoding=\"async\" class=\"wp-image-378 size-large\" src=\"http:\/\/generic.wordpress.soton.ac.uk\/ditchedenclosures\/wp-content\/blogs.dir\/sites\/71\/2015\/10\/Ring-of-Brodgar_Orkney_1-1024x683.jpg\" alt=\"Photo of the Ring of Brodgar, a henge-like (but without a visible bank) ditched enclosure in Orkney, Scotland. Like other henges, it possess megaliths or standing stones.\" width=\"660\" height=\"440\" srcset=\"https:\/\/generic.wordpress.soton.ac.uk\/ditchedenclosures\/wp-content\/blogs.dir\/sites\/71\/2015\/10\/Ring-of-Brodgar_Orkney_1-1024x683.jpg 1024w, https:\/\/generic.wordpress.soton.ac.uk\/ditchedenclosures\/wp-content\/blogs.dir\/sites\/71\/2015\/10\/Ring-of-Brodgar_Orkney_1-300x200.jpg 300w, https:\/\/generic.wordpress.soton.ac.uk\/ditchedenclosures\/wp-content\/blogs.dir\/sites\/71\/2015\/10\/Ring-of-Brodgar_Orkney_1-200x133.jpg 200w, https:\/\/generic.wordpress.soton.ac.uk\/ditchedenclosures\/wp-content\/blogs.dir\/sites\/71\/2015\/10\/Ring-of-Brodgar_Orkney_1-700x467.jpg 700w\" sizes=\"auto, (max-width: 660px) 100vw, 660px\" \/><\/a><figcaption id=\"caption-attachment-378\" class=\"wp-caption-text\">Stones at the Ring of Brodgar, a henge-like (but without a visible bank) ditched enclosure in Orkney, Scotland. Copyright \u00a9 Phil Thirkell 2012 &#8211; Creative Commons Attribution-NonCommercial (CC BY-NC) 2.0 Generic<\/figcaption><\/figure>\n<p style=\"text-align: justify\">However, in general terms, standing stones are rare at Neolithic ditched enclosures. In fact, outside of the British henge phenomenon there are very few ditched enclosures which comprise megaliths next to ditches and palisades or banks. And, at those henges containing stone circles, the megaliths tend to be late additions to pre-existing ditch and bank ensembles.<\/p>\n<figure id=\"attachment_384\" aria-describedby=\"caption-attachment-384\" style=\"width: 660px\" class=\"wp-caption aligncenter\"><a href=\"http:\/\/generic.wordpress.soton.ac.uk\/ditchedenclosures\/wp-content\/blogs.dir\/sites\/71\/2015\/10\/Standing-stones-at-Avebury-henge.jpg\"><img loading=\"lazy\" decoding=\"async\" class=\"wp-image-384 size-large\" src=\"http:\/\/generic.wordpress.soton.ac.uk\/ditchedenclosures\/wp-content\/blogs.dir\/sites\/71\/2015\/10\/Standing-stones-at-Avebury-henge-1024x680.jpg\" alt=\"Photo of Standing stones, also known as megaliths, at Avebury henge (Wiltshire, United Kingdom)\" width=\"660\" height=\"438\" srcset=\"https:\/\/generic.wordpress.soton.ac.uk\/ditchedenclosures\/wp-content\/blogs.dir\/sites\/71\/2015\/10\/Standing-stones-at-Avebury-henge-1024x680.jpg 1024w, https:\/\/generic.wordpress.soton.ac.uk\/ditchedenclosures\/wp-content\/blogs.dir\/sites\/71\/2015\/10\/Standing-stones-at-Avebury-henge-300x199.jpg 300w, https:\/\/generic.wordpress.soton.ac.uk\/ditchedenclosures\/wp-content\/blogs.dir\/sites\/71\/2015\/10\/Standing-stones-at-Avebury-henge-200x133.jpg 200w, https:\/\/generic.wordpress.soton.ac.uk\/ditchedenclosures\/wp-content\/blogs.dir\/sites\/71\/2015\/10\/Standing-stones-at-Avebury-henge-700x465.jpg 700w\" sizes=\"auto, (max-width: 660px) 100vw, 660px\" \/><\/a><figcaption id=\"caption-attachment-384\" class=\"wp-caption-text\">Standing stones at Avebury henge (Wiltshire, United Kingdom). Copyright \u00a9 V\u00edctor Jim\u00e9nez J\u00e1imez 2014 &#8211; Creative Commons Attribution 4.0 International (CC BY 4.0).<\/figcaption><\/figure>\n<p style=\"text-align: justify\">In spite of this, big standing stones are strongly associated with European Prehistoric ditched enclosures in most people&#8217;s minds, Stonehenge being the best example. This is due to the striking visual impact that megaliths produce: their size and vertical orientation, and the fact that they are placed above ground level, immediately make them more easily visible by visitors than, for example, ditches. Their stronger visibility also explains why sites with megaliths were discovered earlier by surveyors than the majority of stone-less ditched enclosures. Lastly, the amount of work hours invested in extracting, transporting and erecting the big stones is evident, and a source of awe and appreciation by the public at large.<\/p>\n<figure id=\"attachment_396\" aria-describedby=\"caption-attachment-396\" style=\"width: 660px\" class=\"wp-caption aligncenter\"><a href=\"http:\/\/generic.wordpress.soton.ac.uk\/ditchedenclosures\/wp-content\/blogs.dir\/sites\/71\/2015\/10\/Standing-stones-at-Stonehenge.jpg\"><img loading=\"lazy\" decoding=\"async\" class=\"wp-image-396 size-large\" src=\"http:\/\/generic.wordpress.soton.ac.uk\/ditchedenclosures\/wp-content\/blogs.dir\/sites\/71\/2015\/10\/Standing-stones-at-Stonehenge-1024x680.jpg\" alt=\"Photo of Standing stones or megaliths at Stonehenge (Wiltshire, United Kingdom).\" width=\"660\" height=\"438\" srcset=\"https:\/\/generic.wordpress.soton.ac.uk\/ditchedenclosures\/wp-content\/blogs.dir\/sites\/71\/2015\/10\/Standing-stones-at-Stonehenge-1024x680.jpg 1024w, https:\/\/generic.wordpress.soton.ac.uk\/ditchedenclosures\/wp-content\/blogs.dir\/sites\/71\/2015\/10\/Standing-stones-at-Stonehenge-300x199.jpg 300w, https:\/\/generic.wordpress.soton.ac.uk\/ditchedenclosures\/wp-content\/blogs.dir\/sites\/71\/2015\/10\/Standing-stones-at-Stonehenge-200x133.jpg 200w, https:\/\/generic.wordpress.soton.ac.uk\/ditchedenclosures\/wp-content\/blogs.dir\/sites\/71\/2015\/10\/Standing-stones-at-Stonehenge-700x465.jpg 700w\" sizes=\"auto, (max-width: 660px) 100vw, 660px\" \/><\/a><figcaption id=\"caption-attachment-396\" class=\"wp-caption-text\">Standing stones at Stonehenge (Wiltshire, United Kingdom). Copyright \u00a9 Victor Jimenez Jaimez 2014 &#8211; Creative Commons Attribution 4.0 International (CC BY 4.0).<\/figcaption><\/figure>\n<p style=\"text-align: justify\">Despite the scarcity of ditched enclosures with megaliths, advances in research methods and a deeper knowledge of the features of many sites could in the future result in the detection of more monumental standing stones at ditched enclosures. This has recently occurred, for instance, at <a href=\"http:\/\/www.telegraph.co.uk\/travel\/destinations\/europe\/uk\/southwestengland\/11848955\/Durrington-Walls-standing-stones-a-visitors-guide-to-the-newest-Stonehenge-site.html\" target=\"_blank\">Durrington Walls (Wiltshire, United Kingdom)<\/a>, and, to a lesser extent, at <a href=\"http:\/\/150.214.52.67\/index.php\/es\/trabajos-de-campo\/perdigoes\/20-2011-2012-excavacion-en-extension-en-la-puerta-1-de-perdigoes\" target=\"_blank\">Perdig\u00f5es (Portugal)<\/a>.<\/p>\n<figure id=\"attachment_397\" aria-describedby=\"caption-attachment-397\" style=\"width: 719px\" class=\"wp-caption aligncenter\"><a href=\"http:\/\/generic.wordpress.soton.ac.uk\/ditchedenclosures\/wp-content\/blogs.dir\/sites\/71\/2015\/10\/Estela-Perdigoes.jpg\"><img loading=\"lazy\" decoding=\"async\" class=\"wp-image-397 size-full\" src=\"http:\/\/generic.wordpress.soton.ac.uk\/ditchedenclosures\/wp-content\/blogs.dir\/sites\/71\/2015\/10\/Estela-Perdigoes.jpg\" alt=\"Photo of a Fallen megalithic standing stones in the proximity of an entrance to the ditched enclosure at Perdig\u00f5es (Reguengos de Monsaraz, Portugal).\" width=\"719\" height=\"539\" srcset=\"https:\/\/generic.wordpress.soton.ac.uk\/ditchedenclosures\/wp-content\/blogs.dir\/sites\/71\/2015\/10\/Estela-Perdigoes.jpg 719w, https:\/\/generic.wordpress.soton.ac.uk\/ditchedenclosures\/wp-content\/blogs.dir\/sites\/71\/2015\/10\/Estela-Perdigoes-300x225.jpg 300w, https:\/\/generic.wordpress.soton.ac.uk\/ditchedenclosures\/wp-content\/blogs.dir\/sites\/71\/2015\/10\/Estela-Perdigoes-200x150.jpg 200w, https:\/\/generic.wordpress.soton.ac.uk\/ditchedenclosures\/wp-content\/blogs.dir\/sites\/71\/2015\/10\/Estela-Perdigoes-700x525.jpg 700w\" sizes=\"auto, (max-width: 719px) 100vw, 719px\" \/><\/a><figcaption id=\"caption-attachment-397\" class=\"wp-caption-text\">Fallen megalithic stones in the proximity of an entrance to the ditched enclosure at Perdig\u00f5es (Reguengos de Monsaraz, Portugal). Copyright \u00a9 Su\u00e1rez Padilla et al 2013 &#8211; Creative Commons Attribution 4.0 International (CC BY 4.0). Initially published as Figure 12 in Jos\u00e9 Su\u00e1rez Padilla , Jos\u00e9 Luis Caro Herrero, Elena Mata Vivar, Jos\u00e9 E. M\u00e1rquez and V\u00edctor Jim\u00e9nez J\u00e1imez. 2013. Excavaciones en extensi\u00f3n de la Universidad de M\u00e1laga (UMA) en el yacimiento de Perdig\u00f5es (Reguengos de Monsaraz, Portugal). El sondeo L1. Campa\u00f1as 2011-2012. Actas del VI Encuentro de Arqueolog\u00eda del Suroeste Peninsular, pp. 522-549. Ayuntamiento de Villafranca de los Barros. ISBN: 978-84-616-6306-4.<\/figcaption><\/figure>\n<h3>An example: Standing stones at Avebury<\/h3>\n<figure id=\"attachment_88\" aria-describedby=\"caption-attachment-88\" style=\"width: 1805px\" class=\"wp-caption aligncenter\"><a href=\"http:\/\/generic.wordpress.soton.ac.uk\/ditchedenclosures\/wp-content\/blogs.dir\/sites\/71\/2015\/10\/Avebury_frost_reduced.jpg\"><img loading=\"lazy\" decoding=\"async\" class=\"wp-image-88 size-full\" src=\"http:\/\/generic.wordpress.soton.ac.uk\/ditchedenclosures\/wp-content\/blogs.dir\/sites\/71\/2015\/10\/Avebury_frost_reduced.jpg\" alt=\"Photo of megaliths at Avebury henge in a cold, frosty morning.\" width=\"1805\" height=\"1200\" srcset=\"https:\/\/generic.wordpress.soton.ac.uk\/ditchedenclosures\/wp-content\/blogs.dir\/sites\/71\/2015\/10\/Avebury_frost_reduced.jpg 1805w, https:\/\/generic.wordpress.soton.ac.uk\/ditchedenclosures\/wp-content\/blogs.dir\/sites\/71\/2015\/10\/Avebury_frost_reduced-300x199.jpg 300w, https:\/\/generic.wordpress.soton.ac.uk\/ditchedenclosures\/wp-content\/blogs.dir\/sites\/71\/2015\/10\/Avebury_frost_reduced-1024x681.jpg 1024w, https:\/\/generic.wordpress.soton.ac.uk\/ditchedenclosures\/wp-content\/blogs.dir\/sites\/71\/2015\/10\/Avebury_frost_reduced-200x133.jpg 200w, https:\/\/generic.wordpress.soton.ac.uk\/ditchedenclosures\/wp-content\/blogs.dir\/sites\/71\/2015\/10\/Avebury_frost_reduced-700x465.jpg 700w, https:\/\/generic.wordpress.soton.ac.uk\/ditchedenclosures\/wp-content\/blogs.dir\/sites\/71\/2015\/10\/Avebury_frost_reduced-332x221.jpg 332w\" sizes=\"auto, (max-width: 1805px) 100vw, 1805px\" \/><\/a><figcaption id=\"caption-attachment-88\" class=\"wp-caption-text\">Megaliths at Avebury henge in a cold, frosty morning. Copyright \u00a9 Myke Lyons 2005 &#8211; Creative Commons Attribution-NonCommercial (CC BY-NC) 2.0 Generic.<\/figcaption><\/figure>\n<p style=\"text-align: justify\">Avebury is one of the most important and famous henges in Britain, only second to Stonehenge. It consists of an enormous ditch, with an external bank and several internal areas delimited by big standing stones or megaliths, among other elements. Built during the late Neolithic, it sits within a very rich archaeological landscape, near Windmill Hill causewayed enclosure and not far from other enclosures such as Knap Hill, Rybury or Marden henge. It is <a href=\"http:\/\/www.nationaltrust.org.uk\/avebury\/\" target=\"_blank\">open to the public<\/a> as part of the <a href=\"http:\/\/whc.unesco.org\/en\/list\/373\/\" target=\"_blank\">UNESCO World Heritage site<\/a> of &#8216;Stonehenge, Avebury and associated sites&#8217;.<\/p>\n<p style=\"text-align: justify\">\n<!-- iframe plugin v.6.0 wordpress.org\/plugins\/iframe\/ -->\n<iframe loading=\"lazy\" src=\"https:\/\/www.google.com\/maps\/embed?pb=!1m18!1m12!1m3!1d2421.604168560282!2d-1.855382412693988!3d51.42839918670341!2m3!1f0!2f0!3f0!3m2!1i1024!2i768!4f13.1!3m3!1m2!1s0x48715c3293800313%3A0xd6131e27f8f5e5aa!2sAvebury!5e1!3m2!1ses!2ses!4v1445120727951\" width=\"100%\" height=\"450\" frameborder=\"0\" style=\"border:0\" 0=\"allowfullscreen\" scrolling=\"yes\" class=\"iframe-class\"><\/iframe>\n<\/p>\n<p style=\"text-align: right\">Next: <a href=\"http:\/\/generic.wordpress.soton.ac.uk\/ditchedenclosures\/what-is-a-ditched-enclosure\/neolithic-enclosures-other-elements-knowlton\/\">other elements<\/a><\/p>\n","protected":false},"excerpt":{"rendered":"<p>Monumental standing stones (megaliths) are a common feature of Neolithic landscapes in Europe. They are normally isolated (menhirs, stelae), forming circles by themselves or as part of megalithic structures such as portal tombs. But sometimes they are found at ditched enclosures as well, alongside other components such as ditches, banks &#8230;<\/p>\n","protected":false},"author":942,"featured_media":0,"parent":105,"menu_order":0,"comment_status":"closed","ping_status":"closed","template":"","meta":{"jetpack_post_was_ever_published":false,"footnotes":""},"class_list":["post-201","page","type-page","status-publish","hentry","column","onecol"],"yoast_head":"<!-- This site is optimized with the Yoast SEO plugin v27.4 - https:\/\/yoast.com\/product\/yoast-seo-wordpress\/ -->\n<title>Standing stones at Neolithic ditched enclosures - Avebury<\/title>\n<meta name=\"description\" content=\"Standing stones or megaliths are a common feature of European Neolithic landscapes that can also be found at ditched enclosures. We use Avebury as example.\" \/>\n<meta name=\"robots\" content=\"index, follow, max-snippet:-1, max-image-preview:large, max-video-preview:-1\" \/>\n<link rel=\"canonical\" href=\"https:\/\/generic.wordpress.soton.ac.uk\/ditchedenclosures\/what-is-a-ditched-enclosure\/standing-stones-avebury\/\" \/>\n<meta property=\"og:locale\" content=\"en_GB\" \/>\n<meta property=\"og:type\" content=\"article\" \/>\n<meta property=\"og:title\" content=\"Standing stones at Neolithic ditched enclosures - Avebury\" \/>\n<meta property=\"og:description\" content=\"Standing stones or megaliths are a common feature of European Neolithic landscapes that can also be found at ditched enclosures. We use Avebury as example.\" \/>\n<meta property=\"og:url\" content=\"https:\/\/generic.wordpress.soton.ac.uk\/ditchedenclosures\/what-is-a-ditched-enclosure\/standing-stones-avebury\/\" \/>\n<meta property=\"og:site_name\" content=\"Enclosures in Neolithic Europe\" \/>\n<meta property=\"article:modified_time\" content=\"2016-01-30T15:45:37+00:00\" \/>\n<meta property=\"og:image\" content=\"http:\/\/generic.wordpress.soton.ac.uk\/ditchedenclosures\/wp-content\/blogs.dir\/sites\/71\/2015\/10\/Avebury-mist_06_cropped.jpg\" \/>\n<meta name=\"twitter:card\" content=\"summary_large_image\" \/>\n<meta name=\"twitter:label1\" content=\"Estimated reading time\" \/>\n\t<meta name=\"twitter:data1\" content=\"4 minutes\" \/>\n<script type=\"application\/ld+json\" class=\"yoast-schema-graph\">{\"@context\":\"https:\\\/\\\/schema.org\",\"@graph\":[{\"@type\":\"WebPage\",\"@id\":\"https:\\\/\\\/generic.wordpress.soton.ac.uk\\\/ditchedenclosures\\\/what-is-a-ditched-enclosure\\\/standing-stones-avebury\\\/\",\"url\":\"https:\\\/\\\/generic.wordpress.soton.ac.uk\\\/ditchedenclosures\\\/what-is-a-ditched-enclosure\\\/standing-stones-avebury\\\/\",\"name\":\"Standing stones at Neolithic ditched enclosures - Avebury\",\"isPartOf\":{\"@id\":\"https:\\\/\\\/generic.wordpress.soton.ac.uk\\\/ditchedenclosures\\\/#website\"},\"primaryImageOfPage\":{\"@id\":\"https:\\\/\\\/generic.wordpress.soton.ac.uk\\\/ditchedenclosures\\\/what-is-a-ditched-enclosure\\\/standing-stones-avebury\\\/#primaryimage\"},\"image\":{\"@id\":\"https:\\\/\\\/generic.wordpress.soton.ac.uk\\\/ditchedenclosures\\\/what-is-a-ditched-enclosure\\\/standing-stones-avebury\\\/#primaryimage\"},\"thumbnailUrl\":\"http:\\\/\\\/generic.wordpress.soton.ac.uk\\\/ditchedenclosures\\\/wp-content\\\/blogs.dir\\\/sites\\\/71\\\/2015\\\/10\\\/Avebury-mist_06_cropped.jpg\",\"datePublished\":\"2015-10-18T21:19:45+00:00\",\"dateModified\":\"2016-01-30T15:45:37+00:00\",\"description\":\"Standing stones or megaliths are a common feature of European Neolithic landscapes that can also be found at ditched enclosures. We use Avebury as example.\",\"breadcrumb\":{\"@id\":\"https:\\\/\\\/generic.wordpress.soton.ac.uk\\\/ditchedenclosures\\\/what-is-a-ditched-enclosure\\\/standing-stones-avebury\\\/#breadcrumb\"},\"inLanguage\":\"en-GB\",\"potentialAction\":[{\"@type\":\"ReadAction\",\"target\":[\"https:\\\/\\\/generic.wordpress.soton.ac.uk\\\/ditchedenclosures\\\/what-is-a-ditched-enclosure\\\/standing-stones-avebury\\\/\"]}]},{\"@type\":\"ImageObject\",\"inLanguage\":\"en-GB\",\"@id\":\"https:\\\/\\\/generic.wordpress.soton.ac.uk\\\/ditchedenclosures\\\/what-is-a-ditched-enclosure\\\/standing-stones-avebury\\\/#primaryimage\",\"url\":\"https:\\\/\\\/generic.wordpress.soton.ac.uk\\\/ditchedenclosures\\\/wp-content\\\/blogs.dir\\\/sites\\\/71\\\/2015\\\/10\\\/Avebury-mist_06_cropped.jpg\",\"contentUrl\":\"https:\\\/\\\/generic.wordpress.soton.ac.uk\\\/ditchedenclosures\\\/wp-content\\\/blogs.dir\\\/sites\\\/71\\\/2015\\\/10\\\/Avebury-mist_06_cropped.jpg\",\"width\":1555,\"height\":518,\"caption\":\"Avebury in the mist. Copyright \u00a9 Mark Kent 2012 - Creative Commons Attribution-ShareAlike (CC BY-SA).\"},{\"@type\":\"BreadcrumbList\",\"@id\":\"https:\\\/\\\/generic.wordpress.soton.ac.uk\\\/ditchedenclosures\\\/what-is-a-ditched-enclosure\\\/standing-stones-avebury\\\/#breadcrumb\",\"itemListElement\":[{\"@type\":\"ListItem\",\"position\":1,\"name\":\"Home\",\"item\":\"https:\\\/\\\/generic.wordpress.soton.ac.uk\\\/ditchedenclosures\\\/\"},{\"@type\":\"ListItem\",\"position\":2,\"name\":\"What is a Neolithic ditched enclosure?\",\"item\":\"https:\\\/\\\/generic.wordpress.soton.ac.uk\\\/ditchedenclosures\\\/what-is-a-ditched-enclosure\\\/\"},{\"@type\":\"ListItem\",\"position\":3,\"name\":\"Standing stones and other megalithic structures\"}]},{\"@type\":\"WebSite\",\"@id\":\"https:\\\/\\\/generic.wordpress.soton.ac.uk\\\/ditchedenclosures\\\/#website\",\"url\":\"https:\\\/\\\/generic.wordpress.soton.ac.uk\\\/ditchedenclosures\\\/\",\"name\":\"Enclosures in Neolithic Europe\",\"description\":\"\",\"potentialAction\":[{\"@type\":\"SearchAction\",\"target\":{\"@type\":\"EntryPoint\",\"urlTemplate\":\"https:\\\/\\\/generic.wordpress.soton.ac.uk\\\/ditchedenclosures\\\/?s={search_term_string}\"},\"query-input\":{\"@type\":\"PropertyValueSpecification\",\"valueRequired\":true,\"valueName\":\"search_term_string\"}}],\"inLanguage\":\"en-GB\"}]}<\/script>\n<!-- \/ Yoast SEO plugin. -->","yoast_head_json":{"title":"Standing stones at Neolithic ditched enclosures - Avebury","description":"Standing stones or megaliths are a common feature of European Neolithic landscapes that can also be found at ditched enclosures. We use Avebury as example.","robots":{"index":"index","follow":"follow","max-snippet":"max-snippet:-1","max-image-preview":"max-image-preview:large","max-video-preview":"max-video-preview:-1"},"canonical":"https:\/\/generic.wordpress.soton.ac.uk\/ditchedenclosures\/what-is-a-ditched-enclosure\/standing-stones-avebury\/","og_locale":"en_GB","og_type":"article","og_title":"Standing stones at Neolithic ditched enclosures - Avebury","og_description":"Standing stones or megaliths are a common feature of European Neolithic landscapes that can also be found at ditched enclosures. We use Avebury as example.","og_url":"https:\/\/generic.wordpress.soton.ac.uk\/ditchedenclosures\/what-is-a-ditched-enclosure\/standing-stones-avebury\/","og_site_name":"Enclosures in Neolithic Europe","article_modified_time":"2016-01-30T15:45:37+00:00","og_image":[{"url":"http:\/\/generic.wordpress.soton.ac.uk\/ditchedenclosures\/wp-content\/blogs.dir\/sites\/71\/2015\/10\/Avebury-mist_06_cropped.jpg","type":"","width":"","height":""}],"twitter_card":"summary_large_image","twitter_misc":{"Estimated reading time":"4 minutes"},"schema":{"@context":"https:\/\/schema.org","@graph":[{"@type":"WebPage","@id":"https:\/\/generic.wordpress.soton.ac.uk\/ditchedenclosures\/what-is-a-ditched-enclosure\/standing-stones-avebury\/","url":"https:\/\/generic.wordpress.soton.ac.uk\/ditchedenclosures\/what-is-a-ditched-enclosure\/standing-stones-avebury\/","name":"Standing stones at Neolithic ditched enclosures - Avebury","isPartOf":{"@id":"https:\/\/generic.wordpress.soton.ac.uk\/ditchedenclosures\/#website"},"primaryImageOfPage":{"@id":"https:\/\/generic.wordpress.soton.ac.uk\/ditchedenclosures\/what-is-a-ditched-enclosure\/standing-stones-avebury\/#primaryimage"},"image":{"@id":"https:\/\/generic.wordpress.soton.ac.uk\/ditchedenclosures\/what-is-a-ditched-enclosure\/standing-stones-avebury\/#primaryimage"},"thumbnailUrl":"http:\/\/generic.wordpress.soton.ac.uk\/ditchedenclosures\/wp-content\/blogs.dir\/sites\/71\/2015\/10\/Avebury-mist_06_cropped.jpg","datePublished":"2015-10-18T21:19:45+00:00","dateModified":"2016-01-30T15:45:37+00:00","description":"Standing stones or megaliths are a common feature of European Neolithic landscapes that can also be found at ditched enclosures. We use Avebury as example.","breadcrumb":{"@id":"https:\/\/generic.wordpress.soton.ac.uk\/ditchedenclosures\/what-is-a-ditched-enclosure\/standing-stones-avebury\/#breadcrumb"},"inLanguage":"en-GB","potentialAction":[{"@type":"ReadAction","target":["https:\/\/generic.wordpress.soton.ac.uk\/ditchedenclosures\/what-is-a-ditched-enclosure\/standing-stones-avebury\/"]}]},{"@type":"ImageObject","inLanguage":"en-GB","@id":"https:\/\/generic.wordpress.soton.ac.uk\/ditchedenclosures\/what-is-a-ditched-enclosure\/standing-stones-avebury\/#primaryimage","url":"https:\/\/generic.wordpress.soton.ac.uk\/ditchedenclosures\/wp-content\/blogs.dir\/sites\/71\/2015\/10\/Avebury-mist_06_cropped.jpg","contentUrl":"https:\/\/generic.wordpress.soton.ac.uk\/ditchedenclosures\/wp-content\/blogs.dir\/sites\/71\/2015\/10\/Avebury-mist_06_cropped.jpg","width":1555,"height":518,"caption":"Avebury in the mist. Copyright \u00a9 Mark Kent 2012 - Creative Commons Attribution-ShareAlike (CC BY-SA)."},{"@type":"BreadcrumbList","@id":"https:\/\/generic.wordpress.soton.ac.uk\/ditchedenclosures\/what-is-a-ditched-enclosure\/standing-stones-avebury\/#breadcrumb","itemListElement":[{"@type":"ListItem","position":1,"name":"Home","item":"https:\/\/generic.wordpress.soton.ac.uk\/ditchedenclosures\/"},{"@type":"ListItem","position":2,"name":"What is a Neolithic ditched enclosure?","item":"https:\/\/generic.wordpress.soton.ac.uk\/ditchedenclosures\/what-is-a-ditched-enclosure\/"},{"@type":"ListItem","position":3,"name":"Standing stones and other megalithic structures"}]},{"@type":"WebSite","@id":"https:\/\/generic.wordpress.soton.ac.uk\/ditchedenclosures\/#website","url":"https:\/\/generic.wordpress.soton.ac.uk\/ditchedenclosures\/","name":"Enclosures in Neolithic Europe","description":"","potentialAction":[{"@type":"SearchAction","target":{"@type":"EntryPoint","urlTemplate":"https:\/\/generic.wordpress.soton.ac.uk\/ditchedenclosures\/?s={search_term_string}"},"query-input":{"@type":"PropertyValueSpecification","valueRequired":true,"valueName":"search_term_string"}}],"inLanguage":"en-GB"}]}},"jetpack_shortlink":"https:\/\/wp.me\/P6QUOS-3f","jetpack_sharing_enabled":true,"_links":{"self":[{"href":"https:\/\/generic.wordpress.soton.ac.uk\/ditchedenclosures\/wp-json\/wp\/v2\/pages\/201","targetHints":{"allow":["GET"]}}],"collection":[{"href":"https:\/\/generic.wordpress.soton.ac.uk\/ditchedenclosures\/wp-json\/wp\/v2\/pages"}],"about":[{"href":"https:\/\/generic.wordpress.soton.ac.uk\/ditchedenclosures\/wp-json\/wp\/v2\/types\/page"}],"author":[{"embeddable":true,"href":"https:\/\/generic.wordpress.soton.ac.uk\/ditchedenclosures\/wp-json\/wp\/v2\/users\/942"}],"replies":[{"embeddable":true,"href":"https:\/\/generic.wordpress.soton.ac.uk\/ditchedenclosures\/wp-json\/wp\/v2\/comments?post=201"}],"version-history":[{"count":35,"href":"https:\/\/generic.wordpress.soton.ac.uk\/ditchedenclosures\/wp-json\/wp\/v2\/pages\/201\/revisions"}],"predecessor-version":[{"id":836,"href":"https:\/\/generic.wordpress.soton.ac.uk\/ditchedenclosures\/wp-json\/wp\/v2\/pages\/201\/revisions\/836"}],"up":[{"embeddable":true,"href":"https:\/\/generic.wordpress.soton.ac.uk\/ditchedenclosures\/wp-json\/wp\/v2\/pages\/105"}],"wp:attachment":[{"href":"https:\/\/generic.wordpress.soton.ac.uk\/ditchedenclosures\/wp-json\/wp\/v2\/media?parent=201"}],"curies":[{"name":"wp","href":"https:\/\/api.w.org\/{rel}","templated":true}]}}