{"id":105,"date":"2015-10-18T00:58:27","date_gmt":"2015-10-17T23:58:27","guid":{"rendered":"http:\/\/generic.wordpress.soton.ac.uk\/ditchedenclosures\/?page_id=105"},"modified":"2016-01-30T15:46:22","modified_gmt":"2016-01-30T15:46:22","slug":"what-is-a-ditched-enclosure","status":"publish","type":"page","link":"https:\/\/generic.wordpress.soton.ac.uk\/ditchedenclosures\/what-is-a-ditched-enclosure\/","title":{"rendered":"What is a Neolithic ditched enclosure?"},"content":{"rendered":"<figure id=\"attachment_222\" aria-describedby=\"caption-attachment-222\" style=\"width: 298px\" class=\"wp-caption alignleft\"><a href=\"http:\/\/tp.revistas.csic.es\/index.php\/tp\/issue\/view\/49\" target=\"_blank\"><img loading=\"lazy\" decoding=\"async\" class=\"wp-image-222 size-medium\" src=\"http:\/\/generic.wordpress.soton.ac.uk\/ditchedenclosures\/wp-content\/blogs.dir\/sites\/71\/2015\/10\/Venta-del-Rapa-TP-298x300.jpg\" alt=\"Floor plan of the Copper Age ditched enclosure at Venta del Rapa (Mancha Real, Ja\u00e9n, Spain). It serves tu illustrate the issue of what is a Neolithic ditched enclosure.\" width=\"298\" height=\"300\" srcset=\"https:\/\/generic.wordpress.soton.ac.uk\/ditchedenclosures\/wp-content\/blogs.dir\/sites\/71\/2015\/10\/Venta-del-Rapa-TP-298x300.jpg 298w, https:\/\/generic.wordpress.soton.ac.uk\/ditchedenclosures\/wp-content\/blogs.dir\/sites\/71\/2015\/10\/Venta-del-Rapa-TP-150x150.jpg 150w, https:\/\/generic.wordpress.soton.ac.uk\/ditchedenclosures\/wp-content\/blogs.dir\/sites\/71\/2015\/10\/Venta-del-Rapa-TP-1018x1024.jpg 1018w, https:\/\/generic.wordpress.soton.ac.uk\/ditchedenclosures\/wp-content\/blogs.dir\/sites\/71\/2015\/10\/Venta-del-Rapa-TP-200x200.jpg 200w, https:\/\/generic.wordpress.soton.ac.uk\/ditchedenclosures\/wp-content\/blogs.dir\/sites\/71\/2015\/10\/Venta-del-Rapa-TP-700x704.jpg 700w, https:\/\/generic.wordpress.soton.ac.uk\/ditchedenclosures\/wp-content\/blogs.dir\/sites\/71\/2015\/10\/Venta-del-Rapa-TP.jpg 1792w\" sizes=\"auto, (max-width: 298px) 100vw, 298px\" \/><\/a><figcaption id=\"caption-attachment-222\" class=\"wp-caption-text\">Floor plan of the Copper Age ditched enclosure at Venta del Rapa (Mancha Real, Ja\u00e9n, Spain). Figure 3 in M. A Lechuga, M. Soto, M.O Rodr\u00edguez-Ariza. 2014. El poblado calcol\u00edtico \u201cVenta del Rapa\u201d (finales III milenio Cal. BC.), Mancha Real, Ja\u00e9n. Un recinto de fosos entre las estribaciones de Sierra M\u00e1gina y el Alto Guadalquivir. Trabajos de Prehistoria 71 (2): 353-367. Copyright \u00a9 Lechuga et alii 2014 &#8211; Creative Commons Attribution Non-Commercial 3.0 Spain (CC-BY-NC).<\/figcaption><\/figure>\n<p style=\"text-align: justify\"><strong>What is a Neolithic ditched enclosure? <\/strong>With the term &#8216;ditched enclosure&#8217; we are referring here to a wide range of archaeological sites. Variability is notable across space and time as regards aspects like form, architectural components, features and perhaps meaning or purpose. However, there are some common characteristics and fortunately for us can be described in very simple terms. Generally speaking, all the sites mentioned here are roughly circular or oval enclosures delimited by one or more ditches. Depending on the particular site, its chronology, the region in which it was built or the specific historical context in which it emerged, what we now call &#8216;ditched enclosure&#8217; may have included in the past banks, palisades, standing stones, or other elements, in addition to the ditches themselves.<\/p>\n<p>In this section, we will examine these aspects in the following order:<\/p>\n<ul>\n<li style=\"text-align: left\"><a href=\"http:\/\/generic.wordpress.soton.ac.uk\/ditchedenclosures\/what-is-a-ditched-enclosure\/neolithic-ditched-enclosure-overview\/\">What is a Neolithic ditched enclosure? An overview<\/a><\/li>\n<li style=\"text-align: left\"><a href=\"http:\/\/generic.wordpress.soton.ac.uk\/ditchedenclosures\/what-is-a-ditched-enclosure\/neolithic-ditches-perdigoes\/\">Ditches<\/a><\/li>\n<li style=\"text-align: left\"><a href=\"http:\/\/generic.wordpress.soton.ac.uk\/ditchedenclosures\/what-is-a-ditched-enclosure\/neolithic-banks-knap-hill\/\">Banks<\/a><\/li>\n<li style=\"text-align: left\"><a href=\"http:\/\/generic.wordpress.soton.ac.uk\/ditchedenclosures\/what-is-a-ditched-enclosure\/neolithic-palisades-goseck\/\">Palisades<\/a><\/li>\n<li style=\"text-align: left\"><a href=\"http:\/\/generic.wordpress.soton.ac.uk\/ditchedenclosures\/what-is-a-ditched-enclosure\/standing-stones-avebury\/\">Standing stones<\/a><\/li>\n<li style=\"text-align: left\"><a href=\"http:\/\/generic.wordpress.soton.ac.uk\/ditchedenclosures\/what-is-a-ditched-enclosure\/neolithic-enclosures-other-elements-knowlton\/\">Other elements<\/a><\/li>\n<li style=\"text-align: left\"><a href=\"http:\/\/generic.wordpress.soton.ac.uk\/ditchedenclosures\/what-is-a-ditched-enclosure\/combinations-neolithic-ditches-palisades-banks\/\">Possible combinations<\/a><\/li>\n<\/ul>\n","protected":false},"excerpt":{"rendered":"<p>What is a Neolithic ditched enclosure? With the term &#8216;ditched enclosure&#8217; we are referring here to a wide range of archaeological sites. Variability is notable across space and time as regards aspects like form, architectural components, features and perhaps meaning or purpose. However, there are some common characteristics and fortunately &#8230;<\/p>\n","protected":false},"author":942,"featured_media":0,"parent":0,"menu_order":0,"comment_status":"closed","ping_status":"closed","template":"","meta":{"jetpack_post_was_ever_published":false,"footnotes":""},"class_list":["post-105","page","type-page","status-publish","hentry","column","onecol"],"yoast_head":"<!-- This site is optimized with the Yoast SEO plugin v27.3 - https:\/\/yoast.com\/product\/yoast-seo-wordpress\/ -->\n<title>What is a Neolithic ditched enclosure? An introduction<\/title>\n<meta name=\"description\" content=\"What is a Neolithic ditched enclosure? A roughly circular or oval area delimited by one or more ditches, and ocassionally other elements.\" \/>\n<meta name=\"robots\" content=\"index, follow, max-snippet:-1, max-image-preview:large, max-video-preview:-1\" \/>\n<link rel=\"canonical\" href=\"https:\/\/generic.wordpress.soton.ac.uk\/ditchedenclosures\/what-is-a-ditched-enclosure\/\" \/>\n<meta property=\"og:locale\" content=\"en_GB\" \/>\n<meta property=\"og:type\" content=\"article\" \/>\n<meta property=\"og:title\" content=\"What is a Neolithic ditched enclosure? An introduction\" \/>\n<meta property=\"og:description\" content=\"What is a Neolithic ditched enclosure? A roughly circular or oval area delimited by one or more ditches, and ocassionally other elements.\" \/>\n<meta property=\"og:url\" content=\"https:\/\/generic.wordpress.soton.ac.uk\/ditchedenclosures\/what-is-a-ditched-enclosure\/\" \/>\n<meta property=\"og:site_name\" content=\"Enclosures in Neolithic Europe\" \/>\n<meta property=\"article:modified_time\" content=\"2016-01-30T15:46:22+00:00\" \/>\n<meta property=\"og:image\" content=\"http:\/\/generic.wordpress.soton.ac.uk\/ditchedenclosures\/wp-content\/blogs.dir\/sites\/71\/2015\/10\/Venta-del-Rapa-TP-298x300.jpg\" \/>\n<meta name=\"twitter:card\" content=\"summary_large_image\" \/>\n<meta name=\"twitter:label1\" content=\"Estimated reading time\" \/>\n\t<meta name=\"twitter:data1\" content=\"1 minute\" \/>\n<script type=\"application\/ld+json\" class=\"yoast-schema-graph\">{\"@context\":\"https:\\\/\\\/schema.org\",\"@graph\":[{\"@type\":\"WebPage\",\"@id\":\"https:\\\/\\\/generic.wordpress.soton.ac.uk\\\/ditchedenclosures\\\/what-is-a-ditched-enclosure\\\/\",\"url\":\"https:\\\/\\\/generic.wordpress.soton.ac.uk\\\/ditchedenclosures\\\/what-is-a-ditched-enclosure\\\/\",\"name\":\"What is a Neolithic ditched enclosure? An introduction\",\"isPartOf\":{\"@id\":\"https:\\\/\\\/generic.wordpress.soton.ac.uk\\\/ditchedenclosures\\\/#website\"},\"primaryImageOfPage\":{\"@id\":\"https:\\\/\\\/generic.wordpress.soton.ac.uk\\\/ditchedenclosures\\\/what-is-a-ditched-enclosure\\\/#primaryimage\"},\"image\":{\"@id\":\"https:\\\/\\\/generic.wordpress.soton.ac.uk\\\/ditchedenclosures\\\/what-is-a-ditched-enclosure\\\/#primaryimage\"},\"thumbnailUrl\":\"http:\\\/\\\/generic.wordpress.soton.ac.uk\\\/ditchedenclosures\\\/wp-content\\\/blogs.dir\\\/sites\\\/71\\\/2015\\\/10\\\/Venta-del-Rapa-TP-298x300.jpg\",\"datePublished\":\"2015-10-17T23:58:27+00:00\",\"dateModified\":\"2016-01-30T15:46:22+00:00\",\"description\":\"What is a Neolithic ditched enclosure? A roughly circular or oval area delimited by one or more ditches, and ocassionally other elements.\",\"breadcrumb\":{\"@id\":\"https:\\\/\\\/generic.wordpress.soton.ac.uk\\\/ditchedenclosures\\\/what-is-a-ditched-enclosure\\\/#breadcrumb\"},\"inLanguage\":\"en-GB\",\"potentialAction\":[{\"@type\":\"ReadAction\",\"target\":[\"https:\\\/\\\/generic.wordpress.soton.ac.uk\\\/ditchedenclosures\\\/what-is-a-ditched-enclosure\\\/\"]}]},{\"@type\":\"ImageObject\",\"inLanguage\":\"en-GB\",\"@id\":\"https:\\\/\\\/generic.wordpress.soton.ac.uk\\\/ditchedenclosures\\\/what-is-a-ditched-enclosure\\\/#primaryimage\",\"url\":\"https:\\\/\\\/generic.wordpress.soton.ac.uk\\\/ditchedenclosures\\\/wp-content\\\/blogs.dir\\\/sites\\\/71\\\/2015\\\/10\\\/Venta-del-Rapa-TP.jpg\",\"contentUrl\":\"https:\\\/\\\/generic.wordpress.soton.ac.uk\\\/ditchedenclosures\\\/wp-content\\\/blogs.dir\\\/sites\\\/71\\\/2015\\\/10\\\/Venta-del-Rapa-TP.jpg\",\"width\":1792,\"height\":1802,\"caption\":\"Floor plan of the Copper Age ditched enclosure at Venta del Rapa (Mancha Real, Ja\u00e9n, Spain). Figure 3 in M. A Lechuga, M. Soto, M.O Rodr\u00edguez-Ariza. 2014. El poblado calcol\u00edtico \u201cVenta del Rapa\u201d (finales III milenio Cal. BC.), Mancha Real, Ja\u00e9n. Un recinto de fosos entre las estribaciones de Sierra M\u00e1gina y el Alto Guadalquivir. Trabajos de Prehistoria 71 (2): 353-367. Copyright \u00a9 Lechuga et alii 2014 - Creative Commons Attribution Non-Commercial 3.0 Spain (CC-BY-NC).\"},{\"@type\":\"BreadcrumbList\",\"@id\":\"https:\\\/\\\/generic.wordpress.soton.ac.uk\\\/ditchedenclosures\\\/what-is-a-ditched-enclosure\\\/#breadcrumb\",\"itemListElement\":[{\"@type\":\"ListItem\",\"position\":1,\"name\":\"Home\",\"item\":\"https:\\\/\\\/generic.wordpress.soton.ac.uk\\\/ditchedenclosures\\\/\"},{\"@type\":\"ListItem\",\"position\":2,\"name\":\"What is a Neolithic ditched enclosure?\"}]},{\"@type\":\"WebSite\",\"@id\":\"https:\\\/\\\/generic.wordpress.soton.ac.uk\\\/ditchedenclosures\\\/#website\",\"url\":\"https:\\\/\\\/generic.wordpress.soton.ac.uk\\\/ditchedenclosures\\\/\",\"name\":\"Enclosures in Neolithic Europe\",\"description\":\"\",\"potentialAction\":[{\"@type\":\"SearchAction\",\"target\":{\"@type\":\"EntryPoint\",\"urlTemplate\":\"https:\\\/\\\/generic.wordpress.soton.ac.uk\\\/ditchedenclosures\\\/?s={search_term_string}\"},\"query-input\":{\"@type\":\"PropertyValueSpecification\",\"valueRequired\":true,\"valueName\":\"search_term_string\"}}],\"inLanguage\":\"en-GB\"}]}<\/script>\n<!-- \/ Yoast SEO plugin. -->","yoast_head_json":{"title":"What is a Neolithic ditched enclosure? An introduction","description":"What is a Neolithic ditched enclosure? A roughly circular or oval area delimited by one or more ditches, and ocassionally other elements.","robots":{"index":"index","follow":"follow","max-snippet":"max-snippet:-1","max-image-preview":"max-image-preview:large","max-video-preview":"max-video-preview:-1"},"canonical":"https:\/\/generic.wordpress.soton.ac.uk\/ditchedenclosures\/what-is-a-ditched-enclosure\/","og_locale":"en_GB","og_type":"article","og_title":"What is a Neolithic ditched enclosure? An introduction","og_description":"What is a Neolithic ditched enclosure? A roughly circular or oval area delimited by one or more ditches, and ocassionally other elements.","og_url":"https:\/\/generic.wordpress.soton.ac.uk\/ditchedenclosures\/what-is-a-ditched-enclosure\/","og_site_name":"Enclosures in Neolithic Europe","article_modified_time":"2016-01-30T15:46:22+00:00","og_image":[{"url":"http:\/\/generic.wordpress.soton.ac.uk\/ditchedenclosures\/wp-content\/blogs.dir\/sites\/71\/2015\/10\/Venta-del-Rapa-TP-298x300.jpg","type":"","width":"","height":""}],"twitter_card":"summary_large_image","twitter_misc":{"Estimated reading time":"1 minute"},"schema":{"@context":"https:\/\/schema.org","@graph":[{"@type":"WebPage","@id":"https:\/\/generic.wordpress.soton.ac.uk\/ditchedenclosures\/what-is-a-ditched-enclosure\/","url":"https:\/\/generic.wordpress.soton.ac.uk\/ditchedenclosures\/what-is-a-ditched-enclosure\/","name":"What is a Neolithic ditched enclosure? An introduction","isPartOf":{"@id":"https:\/\/generic.wordpress.soton.ac.uk\/ditchedenclosures\/#website"},"primaryImageOfPage":{"@id":"https:\/\/generic.wordpress.soton.ac.uk\/ditchedenclosures\/what-is-a-ditched-enclosure\/#primaryimage"},"image":{"@id":"https:\/\/generic.wordpress.soton.ac.uk\/ditchedenclosures\/what-is-a-ditched-enclosure\/#primaryimage"},"thumbnailUrl":"http:\/\/generic.wordpress.soton.ac.uk\/ditchedenclosures\/wp-content\/blogs.dir\/sites\/71\/2015\/10\/Venta-del-Rapa-TP-298x300.jpg","datePublished":"2015-10-17T23:58:27+00:00","dateModified":"2016-01-30T15:46:22+00:00","description":"What is a Neolithic ditched enclosure? A roughly circular or oval area delimited by one or more ditches, and ocassionally other elements.","breadcrumb":{"@id":"https:\/\/generic.wordpress.soton.ac.uk\/ditchedenclosures\/what-is-a-ditched-enclosure\/#breadcrumb"},"inLanguage":"en-GB","potentialAction":[{"@type":"ReadAction","target":["https:\/\/generic.wordpress.soton.ac.uk\/ditchedenclosures\/what-is-a-ditched-enclosure\/"]}]},{"@type":"ImageObject","inLanguage":"en-GB","@id":"https:\/\/generic.wordpress.soton.ac.uk\/ditchedenclosures\/what-is-a-ditched-enclosure\/#primaryimage","url":"https:\/\/generic.wordpress.soton.ac.uk\/ditchedenclosures\/wp-content\/blogs.dir\/sites\/71\/2015\/10\/Venta-del-Rapa-TP.jpg","contentUrl":"https:\/\/generic.wordpress.soton.ac.uk\/ditchedenclosures\/wp-content\/blogs.dir\/sites\/71\/2015\/10\/Venta-del-Rapa-TP.jpg","width":1792,"height":1802,"caption":"Floor plan of the Copper Age ditched enclosure at Venta del Rapa (Mancha Real, Ja\u00e9n, Spain). Figure 3 in M. A Lechuga, M. Soto, M.O Rodr\u00edguez-Ariza. 2014. El poblado calcol\u00edtico \u201cVenta del Rapa\u201d (finales III milenio Cal. BC.), Mancha Real, Ja\u00e9n. Un recinto de fosos entre las estribaciones de Sierra M\u00e1gina y el Alto Guadalquivir. Trabajos de Prehistoria 71 (2): 353-367. Copyright \u00a9 Lechuga et alii 2014 - Creative Commons Attribution Non-Commercial 3.0 Spain (CC-BY-NC)."},{"@type":"BreadcrumbList","@id":"https:\/\/generic.wordpress.soton.ac.uk\/ditchedenclosures\/what-is-a-ditched-enclosure\/#breadcrumb","itemListElement":[{"@type":"ListItem","position":1,"name":"Home","item":"https:\/\/generic.wordpress.soton.ac.uk\/ditchedenclosures\/"},{"@type":"ListItem","position":2,"name":"What is a Neolithic ditched enclosure?"}]},{"@type":"WebSite","@id":"https:\/\/generic.wordpress.soton.ac.uk\/ditchedenclosures\/#website","url":"https:\/\/generic.wordpress.soton.ac.uk\/ditchedenclosures\/","name":"Enclosures in Neolithic Europe","description":"","potentialAction":[{"@type":"SearchAction","target":{"@type":"EntryPoint","urlTemplate":"https:\/\/generic.wordpress.soton.ac.uk\/ditchedenclosures\/?s={search_term_string}"},"query-input":{"@type":"PropertyValueSpecification","valueRequired":true,"valueName":"search_term_string"}}],"inLanguage":"en-GB"}]}},"jetpack_shortlink":"https:\/\/wp.me\/P6QUOS-1H","jetpack_sharing_enabled":true,"_links":{"self":[{"href":"https:\/\/generic.wordpress.soton.ac.uk\/ditchedenclosures\/wp-json\/wp\/v2\/pages\/105","targetHints":{"allow":["GET"]}}],"collection":[{"href":"https:\/\/generic.wordpress.soton.ac.uk\/ditchedenclosures\/wp-json\/wp\/v2\/pages"}],"about":[{"href":"https:\/\/generic.wordpress.soton.ac.uk\/ditchedenclosures\/wp-json\/wp\/v2\/types\/page"}],"author":[{"embeddable":true,"href":"https:\/\/generic.wordpress.soton.ac.uk\/ditchedenclosures\/wp-json\/wp\/v2\/users\/942"}],"replies":[{"embeddable":true,"href":"https:\/\/generic.wordpress.soton.ac.uk\/ditchedenclosures\/wp-json\/wp\/v2\/comments?post=105"}],"version-history":[{"count":33,"href":"https:\/\/generic.wordpress.soton.ac.uk\/ditchedenclosures\/wp-json\/wp\/v2\/pages\/105\/revisions"}],"predecessor-version":[{"id":837,"href":"https:\/\/generic.wordpress.soton.ac.uk\/ditchedenclosures\/wp-json\/wp\/v2\/pages\/105\/revisions\/837"}],"wp:attachment":[{"href":"https:\/\/generic.wordpress.soton.ac.uk\/ditchedenclosures\/wp-json\/wp\/v2\/media?parent=105"}],"curies":[{"name":"wp","href":"https:\/\/api.w.org\/{rel}","templated":true}]}}