{"id":3650,"date":"2018-04-10T09:28:42","date_gmt":"2018-04-10T08:28:42","guid":{"rendered":"http:\/\/generic.wordpress.soton.ac.uk\/dial-a-molecule\/?page_id=3650"},"modified":"2018-11-12T08:08:29","modified_gmt":"2018-11-12T08:08:29","slug":"process_understanding","status":"publish","type":"page","link":"https:\/\/generic.wordpress.soton.ac.uk\/dial-a-molecule\/process_understanding\/","title":{"rendered":"Predictive scalability of processes"},"content":{"rendered":"<p>&nbsp;<\/p>\n<p><span style=\"font-size: 18pt\"><b><span lang=\"EN-US\">Predictive scalability of processes in fine chemical and pharmaceutical manufacturing<\/span><\/b><\/span><\/p>\n<p><strong>When<\/strong>: 29th November 2018, 10.00-17.00.<\/p>\n<p><strong>Where<\/strong>: GSK, Stevenage.<\/p>\n<p><strong>Overview: <\/strong>Scale-up of complex organic and bio-catalytic processes remains a significant challenge due to low observability of state variables and, frequently, absence of mechanistic models of the reactions. A raft of new tools is emerging in this topic, relating to increased observability (new sensor methods), development of \u2018good-enough\u2019 black box models based on machine learning approaches, new kinetic methods, new methods in design of experiments and development of process models, as well as the increased understanding in physical organic chemistry and computer-aided molecular design.<\/p>\n<p>This event is aimed at practitioners in the field, industrial and academic method developers as a networking and research agenda-setting event: what is the state-of-the-art, what research challenges are emerging as a result of developments in the neighbouring fields (robotics, AI, machine learning, systems biology, synthetic biology, high throughput analytics, novel business models for manufacturing, new feedstocks, etc), where is progress required? The event will result in a white-paper and should stimulate future research proposals and collaborative research projects.<\/p>\n<p>Registration for the event is open <a href=\"https:\/\/www.eventbrite.co.uk\/e\/predictive-scalability-of-processes-in-fine-chemicalpharma-manufacturing-tickets-50185954541\">here<\/a>.<\/p>\n<p>Scientific and organising committee: Richard Bourne (Leeds), Alexei Lapkin (Cambridge), Federico Galvanin (UCL), Robin Attrill (GSK).<\/p>\n<p><strong>Draft Programme<\/strong><\/p>\n<p>10:00 arrival, registration, tea\/coffee<\/p>\n<p>10:30 Introduction<\/p>\n<p><strong>Theme 1: Molecular modelling for process design<\/strong><\/p>\n<p>10:45-11:15 \u2018Computer-aided molecular design\u2019. Tbc<\/p>\n<p>11:15-11:45 \u2018From Molecules to Reactors: Methods, Applications and Opportunities for Catalytic Process Design\u2019 &#8211; Dr Michail Stamatakis, UCL<\/p>\n<p>11:45-12:15 \u2018Development and application of numerical simulation and optimization techniques for improved design and operation of complex reaction systems\u2019 &#8211; Dr Federico Galvanin, UCL<\/p>\n<p>&nbsp;<\/p>\n<p>12:30-13:30 <strong>Lunch, Networking<\/strong><\/p>\n<p>&nbsp;<\/p>\n<p><strong>Theme 2: Tools and methodologies<\/strong><\/p>\n<p>13:30-14:00 \u2018Rapid Development of Processes using Automated Flow Reactors and Machine Learning Algorithms\u2019 -Dr Richard Bourne, University of Leeds<\/p>\n<p>14:00-14:30 \u2018A systematic function-based approach to optimal reactor and process design\u2019- Prof. Hannsj\u00f6rgFreund, Friedrich-Alexander-Universit\u00e4t Erlangen-N\u00fcrnberg<\/p>\n<p>14:30-15:00 <span lang=\"EN-US\">\u2018Evaluating the Robustness of Industrial Scale Bioprocesses: Combining PAT and Scale-Down Bioreactors\u2019<\/span>Prof. Peter Neubauer, Technische Universit\u00e4t Berlin.<\/p>\n<p>15:00-15:30 Coffee break<\/p>\n<p><strong>Theme 3: Implementation. Automation and scaling. Continuous processes. Mixed batch-continuous.<\/strong><\/p>\n<p>15:30-16:00 <span lang=\"EN-US\">\u2018Application of process simulation for continuous processing\u2019 &#8211;<\/span>Flavien Susanne, GSK<\/p>\n<p>16:00-16:30 <span lang=\"EN-US\">\u2018DynoChem prediction and simulation in process design and scale-up\u2019 &#8211; Drs Colm Cotter and Lucie Miller Potucka, AstraZeneca<\/span><\/p>\n<p>16:30 Facilitated summary discussion<\/p>\n<p>17:00 Close of meeting<\/p>\n<p>&nbsp;<\/p>\n<p>&nbsp;<\/p>\n<p>We thank our Sponsors:<\/p>\n<p><a href=\"https:\/\/www.scale-up.com\">Scale-up Systems (Dynochem)<\/a><\/p>\n<p><a href=\"http:\/\/www.teledyneisco.com\/en-uk\">TeledyneIsco<\/a><\/p>\n<p><a href=\"http:\/\/generic.wordpress.soton.ac.uk\/dial-a-molecule\/wp-content\/blogs.dir\/sites\/50\/2018\/04\/Signage-2.jpg\"><\/a><a href=\"https:\/\/i0.wp.com\/generic.wordpress.soton.ac.uk\/dial-a-molecule\/wp-content\/blogs.dir\/sites\/50\/2018\/04\/Signage-2.jpg\"><img data-recalc-dims=\"1\" loading=\"lazy\" decoding=\"async\" data-attachment-id=\"3820\" data-permalink=\"https:\/\/generic.wordpress.soton.ac.uk\/dial-a-molecule\/process_understanding\/signage\/\" data-orig-file=\"https:\/\/i0.wp.com\/generic.wordpress.soton.ac.uk\/dial-a-molecule\/wp-content\/blogs.dir\/sites\/50\/2018\/04\/Signage-2.jpg?fit=1280%2C185&amp;ssl=1\" data-orig-size=\"1280,185\" data-comments-opened=\"1\" data-image-meta=\"{&quot;aperture&quot;:&quot;0&quot;,&quot;credit&quot;:&quot;&quot;,&quot;camera&quot;:&quot;&quot;,&quot;caption&quot;:&quot;&quot;,&quot;created_timestamp&quot;:&quot;1500553385&quot;,&quot;copyright&quot;:&quot;&quot;,&quot;focal_length&quot;:&quot;0&quot;,&quot;iso&quot;:&quot;0&quot;,&quot;shutter_speed&quot;:&quot;0&quot;,&quot;title&quot;:&quot;Signage&quot;,&quot;orientation&quot;:&quot;1&quot;}\" data-image-title=\"Signage\" data-image-description=\"\" data-image-caption=\"\" data-medium-file=\"https:\/\/i0.wp.com\/generic.wordpress.soton.ac.uk\/dial-a-molecule\/wp-content\/blogs.dir\/sites\/50\/2018\/04\/Signage-2.jpg?fit=300%2C43&amp;ssl=1\" data-large-file=\"https:\/\/i0.wp.com\/generic.wordpress.soton.ac.uk\/dial-a-molecule\/wp-content\/blogs.dir\/sites\/50\/2018\/04\/Signage-2.jpg?fit=1024%2C148&amp;ssl=1\" class=\"alignnone size-full wp-image-3820\" src=\"https:\/\/i0.wp.com\/generic.wordpress.soton.ac.uk\/dial-a-molecule\/wp-content\/blogs.dir\/sites\/50\/2018\/04\/Signage-2.jpg?resize=1140%2C165\" alt=\"\" width=\"1140\" height=\"165\" srcset=\"https:\/\/i0.wp.com\/generic.wordpress.soton.ac.uk\/dial-a-molecule\/wp-content\/blogs.dir\/sites\/50\/2018\/04\/Signage-2.jpg?w=1280&amp;ssl=1 1280w, https:\/\/i0.wp.com\/generic.wordpress.soton.ac.uk\/dial-a-molecule\/wp-content\/blogs.dir\/sites\/50\/2018\/04\/Signage-2.jpg?resize=300%2C43&amp;ssl=1 300w, https:\/\/i0.wp.com\/generic.wordpress.soton.ac.uk\/dial-a-molecule\/wp-content\/blogs.dir\/sites\/50\/2018\/04\/Signage-2.jpg?resize=768%2C111&amp;ssl=1 768w, https:\/\/i0.wp.com\/generic.wordpress.soton.ac.uk\/dial-a-molecule\/wp-content\/blogs.dir\/sites\/50\/2018\/04\/Signage-2.jpg?resize=1024%2C148&amp;ssl=1 1024w\" sizes=\"auto, (max-width: 1140px) 100vw, 1140px\" \/><\/a><\/p>\n<p><a href=\"https:\/\/i0.wp.com\/generic.wordpress.soton.ac.uk\/dial-a-molecule\/wp-content\/blogs.dir\/sites\/50\/2018\/04\/Teledyne_Isco_blublk_hr_RGB-1.jpg\"><img data-recalc-dims=\"1\" loading=\"lazy\" decoding=\"async\" data-attachment-id=\"3821\" data-permalink=\"https:\/\/generic.wordpress.soton.ac.uk\/dial-a-molecule\/process_understanding\/print\/\" data-orig-file=\"https:\/\/i0.wp.com\/generic.wordpress.soton.ac.uk\/dial-a-molecule\/wp-content\/blogs.dir\/sites\/50\/2018\/04\/Teledyne_Isco_blublk_hr_RGB-1.jpg?fit=1280%2C205&amp;ssl=1\" data-orig-size=\"1280,205\" data-comments-opened=\"1\" data-image-meta=\"{&quot;aperture&quot;:&quot;0&quot;,&quot;credit&quot;:&quot;&quot;,&quot;camera&quot;:&quot;&quot;,&quot;caption&quot;:&quot;&quot;,&quot;created_timestamp&quot;:&quot;1329231973&quot;,&quot;copyright&quot;:&quot;&quot;,&quot;focal_length&quot;:&quot;0&quot;,&quot;iso&quot;:&quot;0&quot;,&quot;shutter_speed&quot;:&quot;0&quot;,&quot;title&quot;:&quot;Print&quot;,&quot;orientation&quot;:&quot;1&quot;}\" data-image-title=\"Print\" data-image-description=\"\" data-image-caption=\"\" data-medium-file=\"https:\/\/i0.wp.com\/generic.wordpress.soton.ac.uk\/dial-a-molecule\/wp-content\/blogs.dir\/sites\/50\/2018\/04\/Teledyne_Isco_blublk_hr_RGB-1.jpg?fit=300%2C48&amp;ssl=1\" data-large-file=\"https:\/\/i0.wp.com\/generic.wordpress.soton.ac.uk\/dial-a-molecule\/wp-content\/blogs.dir\/sites\/50\/2018\/04\/Teledyne_Isco_blublk_hr_RGB-1.jpg?fit=1024%2C164&amp;ssl=1\" class=\"alignnone size-full wp-image-3821\" src=\"https:\/\/i0.wp.com\/generic.wordpress.soton.ac.uk\/dial-a-molecule\/wp-content\/blogs.dir\/sites\/50\/2018\/04\/Teledyne_Isco_blublk_hr_RGB-1.jpg?resize=1140%2C183\" alt=\"\" width=\"1140\" height=\"183\" srcset=\"https:\/\/i0.wp.com\/generic.wordpress.soton.ac.uk\/dial-a-molecule\/wp-content\/blogs.dir\/sites\/50\/2018\/04\/Teledyne_Isco_blublk_hr_RGB-1.jpg?w=1280&amp;ssl=1 1280w, https:\/\/i0.wp.com\/generic.wordpress.soton.ac.uk\/dial-a-molecule\/wp-content\/blogs.dir\/sites\/50\/2018\/04\/Teledyne_Isco_blublk_hr_RGB-1.jpg?resize=300%2C48&amp;ssl=1 300w, https:\/\/i0.wp.com\/generic.wordpress.soton.ac.uk\/dial-a-molecule\/wp-content\/blogs.dir\/sites\/50\/2018\/04\/Teledyne_Isco_blublk_hr_RGB-1.jpg?resize=768%2C123&amp;ssl=1 768w, https:\/\/i0.wp.com\/generic.wordpress.soton.ac.uk\/dial-a-molecule\/wp-content\/blogs.dir\/sites\/50\/2018\/04\/Teledyne_Isco_blublk_hr_RGB-1.jpg?resize=1024%2C164&amp;ssl=1 1024w\" sizes=\"auto, (max-width: 1140px) 100vw, 1140px\" \/><\/a><\/p>\n","protected":false},"excerpt":{"rendered":"<p>&nbsp; Predictive scalability of processes in fine chemical and pharmaceutical manufacturing When: 29th November 2018, 10.00-17.00. Where: GSK, Stevenage. Overview: Scale-up of complex organic and bio-catalytic processes remains a significant challenge due to low observability of state variables and, frequently, absence of mechanistic models of the reactions. A raft of new tools is emerging in &hellip; <\/p>\n<p><a class=\"more-link btn\" href=\"https:\/\/generic.wordpress.soton.ac.uk\/dial-a-molecule\/process_understanding\/\">Continue reading<\/a><\/p>\n","protected":false},"author":1404,"featured_media":0,"parent":0,"menu_order":0,"comment_status":"closed","ping_status":"closed","template":"","meta":{"jetpack_post_was_ever_published":false,"footnotes":""},"class_list":["post-3650","page","type-page","status-publish","hentry","nodate","item-wrap"],"jetpack_sharing_enabled":true,"jetpack_shortlink":"https:\/\/wp.me\/P6CjJ1-WS","jetpack-related-posts":[],"_links":{"self":[{"href":"https:\/\/generic.wordpress.soton.ac.uk\/dial-a-molecule\/wp-json\/wp\/v2\/pages\/3650","targetHints":{"allow":["GET"]}}],"collection":[{"href":"https:\/\/generic.wordpress.soton.ac.uk\/dial-a-molecule\/wp-json\/wp\/v2\/pages"}],"about":[{"href":"https:\/\/generic.wordpress.soton.ac.uk\/dial-a-molecule\/wp-json\/wp\/v2\/types\/page"}],"author":[{"embeddable":true,"href":"https:\/\/generic.wordpress.soton.ac.uk\/dial-a-molecule\/wp-json\/wp\/v2\/users\/1404"}],"replies":[{"embeddable":true,"href":"https:\/\/generic.wordpress.soton.ac.uk\/dial-a-molecule\/wp-json\/wp\/v2\/comments?post=3650"}],"version-history":[{"count":8,"href":"https:\/\/generic.wordpress.soton.ac.uk\/dial-a-molecule\/wp-json\/wp\/v2\/pages\/3650\/revisions"}],"predecessor-version":[{"id":3822,"href":"https:\/\/generic.wordpress.soton.ac.uk\/dial-a-molecule\/wp-json\/wp\/v2\/pages\/3650\/revisions\/3822"}],"wp:attachment":[{"href":"https:\/\/generic.wordpress.soton.ac.uk\/dial-a-molecule\/wp-json\/wp\/v2\/media?parent=3650"}],"curies":[{"name":"wp","href":"https:\/\/api.w.org\/{rel}","templated":true}]}}