{"id":236,"date":"2024-09-15T11:59:30","date_gmt":"2024-09-15T10:59:30","guid":{"rendered":"https:\/\/generic.wordpress.soton.ac.uk\/cri\/?page_id=236"},"modified":"2025-02-10T13:24:51","modified_gmt":"2025-02-10T13:24:51","slug":"centre-for-research-in-inclusion","status":"publish","type":"page","link":"https:\/\/generic.wordpress.soton.ac.uk\/cri\/","title":{"rendered":"Centre for Research in Inclusion"},"content":{"rendered":"\n<div style=\"height:28px\" aria-hidden=\"true\" class=\"wp-block-spacer\"><\/div>\n\n\n\n<h3 class=\"wp-block-heading has-text-align-center has-large-font-size has-black-color has-text-color has-link-color wp-elements-3e4a16a3d8d33a56486629e5665d7531\"><strong>Welcome to CRI Chronicles!<\/strong><\/h3>\n\n\n\n<div class=\"wp-block-columns is-layout-flex wp-container-core-columns-is-layout-28f84493 wp-block-columns-is-layout-flex\">\n<div class=\"wp-block-column is-layout-flow wp-block-column-is-layout-flow\" style=\"flex-basis:100%\">\n<figure class=\"wp-block-embed alignfull is-type-video is-provider-youtube wp-block-embed-youtube wp-embed-aspect-16-9 wp-has-aspect-ratio\"><div class=\"wp-block-embed__wrapper\">\n<iframe loading=\"lazy\" title=\"An Introduction to CRI Chronicles\" width=\"500\" height=\"281\" src=\"https:\/\/www.youtube.com\/embed\/i4mPrHQotnE?feature=oembed\" frameborder=\"0\" allow=\"accelerometer; autoplay; clipboard-write; encrypted-media; gyroscope; picture-in-picture; web-share\" referrerpolicy=\"strict-origin-when-cross-origin\" allowfullscreen><\/iframe>\n<\/div><\/figure>\n\n\n\n<h5 class=\"wp-block-heading alignfull has-text-align-center\">CRI in the Education School at the University of Southampton is committed to internationally significant research towards the inclusion of children, adults, families, and practitioners in education. We work with a strong network of collaborators in research that addresses inclusion and engages with the needs of participants and research users. CRI members work with teachers, young people, disabled and other marginalised groups to carry out the research.<\/h5>\n<\/div>\n<\/div>\n\n\n\n<figure class=\"wp-block-image aligncenter is-resized\"><a href=\"http:\/\/https:\/\/www.southampton.ac.uk\/research\/institutes-centres\/centre-for-research-in-inclusion\"><img loading=\"lazy\" decoding=\"async\" width=\"1500\" height=\"500\" src=\"http:\/\/generic.wordpress.soton.ac.uk\/cri\/wp-content\/uploads\/sites\/517\/2024\/09\/CRI-Twitter-header-image.jpg\" alt=\"\" class=\"wp-image-129\" style=\"width:504px;height:auto\" srcset=\"https:\/\/generic.wordpress.soton.ac.uk\/cri\/wp-content\/uploads\/sites\/517\/2024\/09\/CRI-Twitter-header-image.jpg 1500w, https:\/\/generic.wordpress.soton.ac.uk\/cri\/wp-content\/uploads\/sites\/517\/2024\/09\/CRI-Twitter-header-image-300x100.jpg 300w, https:\/\/generic.wordpress.soton.ac.uk\/cri\/wp-content\/uploads\/sites\/517\/2024\/09\/CRI-Twitter-header-image-1024x341.jpg 1024w, https:\/\/generic.wordpress.soton.ac.uk\/cri\/wp-content\/uploads\/sites\/517\/2024\/09\/CRI-Twitter-header-image-768x256.jpg 768w\" sizes=\"auto, (max-width: 1500px) 100vw, 1500px\" \/><\/a><\/figure>\n\n\n\n<h5 class=\"wp-block-heading has-text-align-center has-black-color has-text-color has-link-color wp-elements-235e369ee6a6c12105a2adb0098da0da\">For more information about People, Projects and Publications, take a look at our official university page.&nbsp;<\/h5>\n\n\n\n<figure class=\"wp-block-image aligncenter size-full is-resized\"><img loading=\"lazy\" decoding=\"async\" width=\"512\" height=\"512\" src=\"http:\/\/generic.wordpress.soton.ac.uk\/cri\/wp-content\/uploads\/sites\/517\/2024\/09\/down.png\" alt=\"\" class=\"wp-image-601\" style=\"width:78px;height:auto\" srcset=\"https:\/\/generic.wordpress.soton.ac.uk\/cri\/wp-content\/uploads\/sites\/517\/2024\/09\/down.png 512w, https:\/\/generic.wordpress.soton.ac.uk\/cri\/wp-content\/uploads\/sites\/517\/2024\/09\/down-300x300.png 300w, https:\/\/generic.wordpress.soton.ac.uk\/cri\/wp-content\/uploads\/sites\/517\/2024\/09\/down-150x150.png 150w\" sizes=\"auto, (max-width: 512px) 100vw, 512px\" \/><\/figure>\n\n\n\n<div class=\"wp-block-buttons is-content-justification-center is-layout-flex wp-container-core-buttons-is-layout-a89b3969 wp-block-buttons-is-layout-flex\">\n<div class=\"wp-block-button has-custom-width wp-block-button__width-50 has-custom-font-size is-style-fill has-medium-font-size\"><a class=\"wp-block-button__link has-text-align-center wp-element-button\">Centre for Research in Inclusion &#8211; University Page<\/a><\/div>\n<\/div>\n\n\n\n<div style=\"height:71px\" aria-hidden=\"true\" class=\"wp-block-spacer\"><\/div>\n\n\n\n<h5 class=\"wp-block-heading has-text-align-center has-ast-global-color-7-color has-text-color has-link-color wp-elements-a519f04c790705ff97686c6685fde6bb\" style=\"margin-top:0;margin-right:0;margin-bottom:0;margin-left:0;font-size:35px\"> <img loading=\"lazy\" decoding=\"async\" width=\"860\" height=\"757\" class=\"wp-image-371\" style=\"width: 100px\" src=\"http:\/\/generic.wordpress.soton.ac.uk\/cri\/wp-content\/uploads\/sites\/517\/2024\/09\/bell.png\" alt=\"\" srcset=\"https:\/\/generic.wordpress.soton.ac.uk\/cri\/wp-content\/uploads\/sites\/517\/2024\/09\/bell.png 860w, https:\/\/generic.wordpress.soton.ac.uk\/cri\/wp-content\/uploads\/sites\/517\/2024\/09\/bell-300x264.png 300w, https:\/\/generic.wordpress.soton.ac.uk\/cri\/wp-content\/uploads\/sites\/517\/2024\/09\/bell-768x676.png 768w\" sizes=\"auto, (max-width: 860px) 100vw, 860px\" \/> <strong><a href=\"https:\/\/generic.wordpress.soton.ac.uk\/cri\/archives-all-posts\/\">Latest Updates<\/a><\/strong><\/h5>\n\n\n\n<div style=\"height:47px\" aria-hidden=\"true\" class=\"wp-block-spacer\"><\/div>\n\n\n<ul style=\"font-size:19px;\" class=\"wp-block-latest-posts__list is-grid columns-3 has-dates has-link-color wp-elements-1dc6482df32b4e5b9b09c3d81997e247 wp-block-latest-posts has-text-color has-black-color has-background has-ast-global-color-4-background-color\"><li><a class=\"wp-block-latest-posts__post-title\" href=\"https:\/\/generic.wordpress.soton.ac.uk\/cri\/2026\/03\/16\/invited-talk-at-wera-irn\/\">Upcoming event on 1 April 2026: Invited Talk at WERA IRN<\/a><time datetime=\"2026-03-16T13:32:42+00:00\" class=\"wp-block-latest-posts__post-date\">16 March 2026<\/time><div class=\"wp-block-latest-posts__post-excerpt\">Dr Vivienne Kachollom Rwang will be\u00a0presenting an online seminar at the WERA IRN &#8211; Student Voice for Promoting\u2026 <a class=\"wp-block-latest-posts__read-more\" href=\"https:\/\/generic.wordpress.soton.ac.uk\/cri\/2026\/03\/16\/invited-talk-at-wera-irn\/\" rel=\"noopener noreferrer\">Read more<span class=\"screen-reader-text\">: Upcoming event on 1 April 2026: Invited Talk at WERA IRN<\/span><\/a><\/div><\/li>\n<li><a class=\"wp-block-latest-posts__post-title\" href=\"https:\/\/generic.wordpress.soton.ac.uk\/cri\/2025\/11\/17\/invited-talk-at-tata-institute-of-social-science-hyderabad-india\/\">Invited Talk at Tata Institute of Social Science (Hyderabad, India)<\/a><time datetime=\"2025-11-17T15:49:52+00:00\" class=\"wp-block-latest-posts__post-date\">17 November 2025<\/time><div class=\"wp-block-latest-posts__post-excerpt\">Dr Achala Gupta was invited to deliver a seminar at the Tata Institute of Social Sciences (TISS), Hyderabad\u2026 <a class=\"wp-block-latest-posts__read-more\" href=\"https:\/\/generic.wordpress.soton.ac.uk\/cri\/2025\/11\/17\/invited-talk-at-tata-institute-of-social-science-hyderabad-india\/\" rel=\"noopener noreferrer\">Read more<span class=\"screen-reader-text\">: Invited Talk at Tata Institute of Social Science (Hyderabad, India)<\/span><\/a><\/div><\/li>\n<li><a class=\"wp-block-latest-posts__post-title\" href=\"https:\/\/generic.wordpress.soton.ac.uk\/cri\/2025\/10\/23\/anthony-chiatu-receives-the-sig-best-presentation-award-highly-commended-abstract-at-the-bera-conference-2025\/\">CRI PhD Candidate &#8211; Anthony Chiatu receives the SIG Best Presentation Award &#8216;Highly Commended Abstract&#8217; at BERA 2025<\/a><time datetime=\"2025-10-23T10:29:34+01:00\" class=\"wp-block-latest-posts__post-date\">23 October 2025<\/time><div class=\"wp-block-latest-posts__post-excerpt\">Receiving the SIG Best Presentation Award &#8216;Highly Commended Abstract&#8216; at the 2025 British Educational Research Association (BERA) conference,\u2026 <a class=\"wp-block-latest-posts__read-more\" href=\"https:\/\/generic.wordpress.soton.ac.uk\/cri\/2025\/10\/23\/anthony-chiatu-receives-the-sig-best-presentation-award-highly-commended-abstract-at-the-bera-conference-2025\/\" rel=\"noopener noreferrer\">Read more<span class=\"screen-reader-text\">: CRI PhD Candidate &#8211; Anthony Chiatu receives the SIG Best Presentation Award &#8216;Highly Commended Abstract&#8217; at BERA 2025<\/span><\/a><\/div><\/li>\n<li><a class=\"wp-block-latest-posts__post-title\" href=\"https:\/\/generic.wordpress.soton.ac.uk\/cri\/2025\/10\/22\/invited-talk-at-the-wera-irn\/\">Invited Talk at the WERA IRN<\/a><time datetime=\"2025-10-22T19:27:05+01:00\" class=\"wp-block-latest-posts__post-date\">22 October 2025<\/time><div class=\"wp-block-latest-posts__post-excerpt\">Lotta Bj\u00f6rkman from the S\u00f6dert\u00f6rn University, Stockholm, Sweden, will be presenting an upcoming online seminar at the WERA\u2026 <a class=\"wp-block-latest-posts__read-more\" href=\"https:\/\/generic.wordpress.soton.ac.uk\/cri\/2025\/10\/22\/invited-talk-at-the-wera-irn\/\" rel=\"noopener noreferrer\">Read more<span class=\"screen-reader-text\">: Invited Talk at the WERA IRN<\/span><\/a><\/div><\/li>\n<li><a class=\"wp-block-latest-posts__post-title\" href=\"https:\/\/generic.wordpress.soton.ac.uk\/cri\/2025\/10\/11\/cri-phd-candidate-chun-hong-yan-mason-receives-best-paper-phd-award\/\">CRI PhD Candidate &#8211; Chun Hong Yan (Mason) receives Best Paper (PhD) award<\/a><time datetime=\"2025-10-11T13:42:00+01:00\" class=\"wp-block-latest-posts__post-date\">11 October 2025<\/time><div class=\"wp-block-latest-posts__post-excerpt\">Congratulations to Chun Hong Yan (Mason) on being awarded the Best Paper (PhD) award at the Hong Kong\u2026 <a class=\"wp-block-latest-posts__read-more\" href=\"https:\/\/generic.wordpress.soton.ac.uk\/cri\/2025\/10\/11\/cri-phd-candidate-chun-hong-yan-mason-receives-best-paper-phd-award\/\" rel=\"noopener noreferrer\">Read more<span class=\"screen-reader-text\">: CRI PhD Candidate &#8211; Chun Hong Yan (Mason) receives Best Paper (PhD) award<\/span><\/a><\/div><\/li>\n<li><a class=\"wp-block-latest-posts__post-title\" href=\"https:\/\/generic.wordpress.soton.ac.uk\/cri\/2025\/07\/20\/school-voices-research-practice-partnership-event-featured-in-the-local-newspaper\/\">School Voices Research-Practice Partnership Event featured in the local newspaper<\/a><time datetime=\"2025-07-20T10:41:04+01:00\" class=\"wp-block-latest-posts__post-date\">20 July 2025<\/time><div class=\"wp-block-latest-posts__post-excerpt\">The School Voices Research-Practice Partnership work, led by CRI member &#8211; Prof Kiki Messiou\u00a0has been featured in the\u2026 <a class=\"wp-block-latest-posts__read-more\" href=\"https:\/\/generic.wordpress.soton.ac.uk\/cri\/2025\/07\/20\/school-voices-research-practice-partnership-event-featured-in-the-local-newspaper\/\" rel=\"noopener noreferrer\">Read more<span class=\"screen-reader-text\">: School Voices Research-Practice Partnership Event featured in the local newspaper<\/span><\/a><\/div><\/li>\n<li><a class=\"wp-block-latest-posts__post-title\" href=\"https:\/\/generic.wordpress.soton.ac.uk\/cri\/2025\/07\/19\/dr-achala-gupta-contributed-expert-insights-to-a-high-profile-documentary-series\/\">Dr Achala Gupta contributed expert insights to a high-profile documentary series<\/a><time datetime=\"2025-07-19T13:18:28+01:00\" class=\"wp-block-latest-posts__post-date\">19 July 2025<\/time><div class=\"wp-block-latest-posts__post-excerpt\">Dr Achala Gupta contributed expert insights for the development of an international documentary series by CNA and IFA\u2026 <a class=\"wp-block-latest-posts__read-more\" href=\"https:\/\/generic.wordpress.soton.ac.uk\/cri\/2025\/07\/19\/dr-achala-gupta-contributed-expert-insights-to-a-high-profile-documentary-series\/\" rel=\"noopener noreferrer\">Read more<span class=\"screen-reader-text\">: Dr Achala Gupta contributed expert insights to a high-profile documentary series<\/span><\/a><\/div><\/li>\n<li><a class=\"wp-block-latest-posts__post-title\" href=\"https:\/\/generic.wordpress.soton.ac.uk\/cri\/2025\/06\/24\/reaction-magazine-feature-dr-achala-gupta\/\">Re:action Magazine Feature: Dr Achala Gupta<\/a><time datetime=\"2025-06-24T16:33:06+01:00\" class=\"wp-block-latest-posts__post-date\">24 June 2025<\/time><div class=\"wp-block-latest-posts__post-excerpt\">CRI member and co-lead, Dr Achala Gupta&#8216;s research has been featured in the University of Southampton&#8217;s Re:action magazine\u2026 <a class=\"wp-block-latest-posts__read-more\" href=\"https:\/\/generic.wordpress.soton.ac.uk\/cri\/2025\/06\/24\/reaction-magazine-feature-dr-achala-gupta\/\" rel=\"noopener noreferrer\">Read more<span class=\"screen-reader-text\">: Re:action Magazine Feature: Dr Achala Gupta<\/span><\/a><\/div><\/li>\n<li><a class=\"wp-block-latest-posts__post-title\" href=\"https:\/\/generic.wordpress.soton.ac.uk\/cri\/2025\/06\/12\/upcoming-conference-3-july-2025-send-inclusion-conference\/\">SEND &amp; Inclusion Conference &#8211; 3 July 2025<\/a><time datetime=\"2025-06-12T09:49:58+01:00\" class=\"wp-block-latest-posts__post-date\">12 June 2025<\/time><div class=\"wp-block-latest-posts__post-excerpt\">Education Research Practice Network (ERPN) at Southampton Education School in collaboration with University of Southampton &#8211; Centre for\u2026 <a class=\"wp-block-latest-posts__read-more\" href=\"https:\/\/generic.wordpress.soton.ac.uk\/cri\/2025\/06\/12\/upcoming-conference-3-july-2025-send-inclusion-conference\/\" rel=\"noopener noreferrer\">Read more<span class=\"screen-reader-text\">: SEND &amp; Inclusion Conference &#8211; 3 July 2025<\/span><\/a><\/div><\/li>\n<\/ul>\n\n\n<div style=\"height:85px\" aria-hidden=\"true\" class=\"wp-block-spacer\"><\/div>\n\n\n\n<p><\/p>\n","protected":false},"excerpt":{"rendered":"<p>Welcome to CRI Chronicles! CRI in the Education School at the University of Southampton is committed to internationally significant research [&hellip;]<\/p>\n","protected":false},"author":6502,"featured_media":0,"parent":0,"menu_order":0,"comment_status":"closed","ping_status":"closed","template":"","meta":{"site-sidebar-layout":"default","site-content-layout":"","ast-site-content-layout":"default","site-content-style":"default","site-sidebar-style":"default","ast-global-header-display":"","ast-banner-title-visibility":"","ast-main-header-display":"","ast-hfb-above-header-display":"","ast-hfb-below-header-display":"","ast-hfb-mobile-header-display":"","site-post-title":"disabled","ast-breadcrumbs-content":"","ast-featured-img":"","footer-sml-layout":"","ast-disable-related-posts":"","theme-transparent-header-meta":"","adv-header-id-meta":"","stick-header-meta":"","header-above-stick-meta":"","header-main-stick-meta":"","header-below-stick-meta":"","astra-migrate-meta-layouts":"default","ast-page-background-enabled":"default","ast-page-background-meta":{"desktop":{"background-color":"var(--ast-global-color-4)","background-image":"","background-repeat":"repeat","background-position":"center center","background-size":"auto","background-attachment":"scroll","background-type":"","background-media":"","overlay-type":"","overlay-color":"","overlay-opacity":"","overlay-gradient":""},"tablet":{"background-color":"","background-image":"","background-repeat":"repeat","background-position":"center center","background-size":"auto","background-attachment":"scroll","background-type":"","background-media":"","overlay-type":"","overlay-color":"","overlay-opacity":"","overlay-gradient":""},"mobile":{"background-color":"","background-image":"","background-repeat":"repeat","background-position":"center center","background-size":"auto","background-attachment":"scroll","background-type":"","background-media":"","overlay-type":"","overlay-color":"","overlay-opacity":"","overlay-gradient":""}},"ast-content-background-meta":{"desktop":{"background-color":"var(--ast-global-color-5)","background-image":"","background-repeat":"repeat","background-position":"center center","background-size":"auto","background-attachment":"scroll","background-type":"","background-media":"","overlay-type":"","overlay-color":"","overlay-opacity":"","overlay-gradient":""},"tablet":{"background-color":"var(--ast-global-color-5)","background-image":"","background-repeat":"repeat","background-position":"center center","background-size":"auto","background-attachment":"scroll","background-type":"","background-media":"","overlay-type":"","overlay-color":"","overlay-opacity":"","overlay-gradient":""},"mobile":{"background-color":"var(--ast-global-color-5)","background-image":"","background-repeat":"repeat","background-position":"center center","background-size":"auto","background-attachment":"scroll","background-type":"","background-media":"","overlay-type":"","overlay-color":"","overlay-opacity":"","overlay-gradient":""}},"footnotes":""},"class_list":["post-236","page","type-page","status-publish","hentry"],"_links":{"self":[{"href":"https:\/\/generic.wordpress.soton.ac.uk\/cri\/wp-json\/wp\/v2\/pages\/236","targetHints":{"allow":["GET"]}}],"collection":[{"href":"https:\/\/generic.wordpress.soton.ac.uk\/cri\/wp-json\/wp\/v2\/pages"}],"about":[{"href":"https:\/\/generic.wordpress.soton.ac.uk\/cri\/wp-json\/wp\/v2\/types\/page"}],"author":[{"embeddable":true,"href":"https:\/\/generic.wordpress.soton.ac.uk\/cri\/wp-json\/wp\/v2\/users\/6502"}],"replies":[{"embeddable":true,"href":"https:\/\/generic.wordpress.soton.ac.uk\/cri\/wp-json\/wp\/v2\/comments?post=236"}],"version-history":[{"count":120,"href":"https:\/\/generic.wordpress.soton.ac.uk\/cri\/wp-json\/wp\/v2\/pages\/236\/revisions"}],"predecessor-version":[{"id":1274,"href":"https:\/\/generic.wordpress.soton.ac.uk\/cri\/wp-json\/wp\/v2\/pages\/236\/revisions\/1274"}],"wp:attachment":[{"href":"https:\/\/generic.wordpress.soton.ac.uk\/cri\/wp-json\/wp\/v2\/media?parent=236"}],"curies":[{"name":"wp","href":"https:\/\/api.w.org\/{rel}","templated":true}]}}