{"id":63,"date":"2024-01-04T08:30:23","date_gmt":"2024-01-04T08:30:23","guid":{"rendered":"https:\/\/generic.wordpress.soton.ac.uk\/co2024\/?page_id=63"},"modified":"2024-01-30T15:15:05","modified_gmt":"2024-01-30T15:15:05","slug":"organising-committee","status":"publish","type":"page","link":"https:\/\/generic.wordpress.soton.ac.uk\/co2024\/organising-committee\/","title":{"rendered":"Programme Committee"},"content":{"rendered":"\n<p>Dr Carlos Lamas-Fernandez<\/p>\n\n\n\n<p>Prof Antonio Martinez-Sykora<\/p>\n\n\n\n<p>Prof Bo Chen<\/p>\n\n\n\n<p>Prof Adam Letchford<\/p>\n\n\n\n<p>Prof L\u00e1szl\u00f3 V\u00e9gh<\/p>\n\n\n\n<p>Emeritus Prof Chris Potts<\/p>\n\n\n\n<h2 class=\"wp-block-heading\">Local Organising Committee<\/h2>\n\n\n\n<p>Dr Carlos Lamas-Fernandez<\/p>\n\n\n\n<p>Prof Antonio Martinez-Sykora<\/p>\n\n\n\n<p>Ailsa Muskett<\/p>\n","protected":false},"excerpt":{"rendered":"<p>Dr Carlos Lamas-Fernandez Prof Antonio Martinez-Sykora Prof Bo Chen Prof Adam Letchford Prof L\u00e1szl\u00f3 V\u00e9gh Emeritus Prof Chris Potts Local[&#8230;]<\/p>\n","protected":false},"author":5355,"featured_media":0,"parent":0,"menu_order":0,"comment_status":"closed","ping_status":"closed","template":"","meta":{"footnotes":""},"class_list":["post-63","page","type-page","status-publish","hentry"],"_links":{"self":[{"href":"https:\/\/generic.wordpress.soton.ac.uk\/co2024\/wp-json\/wp\/v2\/pages\/63","targetHints":{"allow":["GET"]}}],"collection":[{"href":"https:\/\/generic.wordpress.soton.ac.uk\/co2024\/wp-json\/wp\/v2\/pages"}],"about":[{"href":"https:\/\/generic.wordpress.soton.ac.uk\/co2024\/wp-json\/wp\/v2\/types\/page"}],"author":[{"embeddable":true,"href":"https:\/\/generic.wordpress.soton.ac.uk\/co2024\/wp-json\/wp\/v2\/users\/5355"}],"replies":[{"embeddable":true,"href":"https:\/\/generic.wordpress.soton.ac.uk\/co2024\/wp-json\/wp\/v2\/comments?post=63"}],"version-history":[{"count":4,"href":"https:\/\/generic.wordpress.soton.ac.uk\/co2024\/wp-json\/wp\/v2\/pages\/63\/revisions"}],"predecessor-version":[{"id":91,"href":"https:\/\/generic.wordpress.soton.ac.uk\/co2024\/wp-json\/wp\/v2\/pages\/63\/revisions\/91"}],"wp:attachment":[{"href":"https:\/\/generic.wordpress.soton.ac.uk\/co2024\/wp-json\/wp\/v2\/media?parent=63"}],"curies":[{"name":"wp","href":"https:\/\/api.w.org\/{rel}","templated":true}]}}